{"id":217584,"date":"2025-03-17T10:16:39","date_gmt":"2025-03-17T10:16:39","guid":{"rendered":"https:\/\/aromasentia.com\/?page_id=217584"},"modified":"2025-05-14T23:13:32","modified_gmt":"2025-05-14T23:13:32","slug":"politique-de-confidentialite","status":"publish","type":"page","link":"https:\/\/aromasentia.com\/fr\/politique-de-confidentialite\/","title":{"rendered":"Politique de Confidentialit\u00e9"},"content":{"rendered":"\t\t<div data-elementor-type=\"wp-page\" data-elementor-id=\"217584\" class=\"elementor elementor-217584 elementor-3\" data-elementor-post-type=\"page\">\n\t\t\t\t<div class=\"elementor-element elementor-element-91263a8 e-flex e-con-boxed e-con e-parent\" data-id=\"91263a8\" data-element_type=\"container\" data-e-type=\"container\">\n\t\t\t\t\t<div class=\"e-con-inner\">\n\t\t\t\t\t<\/div>\n\t\t\t\t<\/div>\n\t\t\t\t<\/div>\n\t\t","protected":false},"excerpt":{"rendered":"<p>Politique de Confidentialit\u00e9 Date d&rsquo;entr\u00e9e en vigueur : 2025-05-14 Mise \u00e0 jour le : 2025-05-14 Cette politique de confidentialit\u00e9 explique les politiques d&rsquo;Aroma Sentia Marketing ltd en mati\u00e8re de collecte et d&rsquo;utilisation des informations que nous recueillons lorsque vous acc\u00e9dez \u00e0 https:\/\/aromasentia.com (le \u00ab\u00a0Service\u00a0\u00bb). La pr\u00e9sente politique de confidentialit\u00e9 d\u00e9crit vos droits en mati\u00e8re de [&hellip;]<\/p>\n","protected":false},"author":1,"featured_media":0,"parent":0,"menu_order":0,"comment_status":"closed","ping_status":"open","template":"","meta":{"_angie_page":false,"footnotes":""},"class_list":["post-217584","page","type-page","status-publish","hentry"],"_links":{"self":[{"href":"https:\/\/aromasentia.com\/fr\/wp-json\/wp\/v2\/pages\/217584","targetHints":{"allow":["GET"]}}],"collection":[{"href":"https:\/\/aromasentia.com\/fr\/wp-json\/wp\/v2\/pages"}],"about":[{"href":"https:\/\/aromasentia.com\/fr\/wp-json\/wp\/v2\/types\/page"}],"author":[{"embeddable":true,"href":"https:\/\/aromasentia.com\/fr\/wp-json\/wp\/v2\/users\/1"}],"replies":[{"embeddable":true,"href":"https:\/\/aromasentia.com\/fr\/wp-json\/wp\/v2\/comments?post=217584"}],"version-history":[{"count":0,"href":"https:\/\/aromasentia.com\/fr\/wp-json\/wp\/v2\/pages\/217584\/revisions"}],"wp:attachment":[{"href":"https:\/\/aromasentia.com\/fr\/wp-json\/wp\/v2\/media?parent=217584"}],"curies":[{"name":"wp","href":"https:\/\/api.w.org\/{rel}","templated":true}]}}