{"id":246244,"date":"2025-04-23T18:28:57","date_gmt":"2025-04-23T18:28:57","guid":{"rendered":"https:\/\/aromasentia.com\/product\/hop-hare-bamboo-socks-41-46-bali-buddha\/"},"modified":"2025-12-30T22:00:16","modified_gmt":"2025-12-30T22:00:16","slug":"calcetines-de-bambu-hop-hare-41-46-bali-buddha","status":"publish","type":"product","link":"https:\/\/aromasentia.com\/es\/calcetines-de-bambu-hop-hare-41-46-bali-buddha\/","title":{"rendered":"Calcetines de Bamb\u00fa  Hop Hare (41-46) &#8211; Bali Buddha"},"content":{"rendered":"<p>Encuentra la serenidad con los calcetines de bamb\u00fa Hop Hare (41-46) &#8211; Bali Buddha. Inspirados en la tranquila espiritualidad de Bali, estos calcetines de bamb\u00fa (tallas 41-46) presentan serenas im\u00e1genes de Buda, que promueven la paz y la atenci\u00f3n plena. El tejido de bamb\u00fa, excepcionalmente suave y transpirable, garantiza la comodidad y la frescura de los pies. Estos calcetines a\u00f1aden un toque de espiritualidad ex\u00f3tica y comodidad consciente a tu atuendo diario.<\/p>\n","protected":false},"excerpt":{"rendered":"<p>Encuentra la serenidad con los calcetines de bamb\u00fa Hop Hare (41-46) &#8211; Bali Buddha. Inspirados en la tranquila espiritualidad de Bali, estos calcetines de bamb\u00fa (tallas 41-46) presentan serenas im\u00e1genes de Buda, que promueven la paz y la atenci\u00f3n plena. El tejido de bamb\u00fa, excepcionalmente suave y transpirable, garantiza la comodidad y la frescura de [&hellip;]<\/p>\n","protected":false},"featured_media":668773,"comment_status":"closed","ping_status":"open","template":"","meta":{"_angie_page":false},"product_brand":[27117],"product_cat":[26630,25837],"product_tag":[],"class_list":{"0":"post-246244","1":"product","2":"type-product","3":"status-publish","4":"has-post-thumbnail","6":"product_brand-hop-hare","7":"product_cat-calcetines","8":"product_cat-ropa","9":"pa_collection-hop-hare-bamboo-socks-es","10":"pa_made-in-turquia","12":"first","13":"instock","14":"purchasable","15":"product-type-simple"},"supplier_id":null,"supplier_sku":"BamS-10M","barcode":null,"atum_controlled":true,"out_stock_date":null,"out_stock_threshold":null,"inheritable":false,"inbound_stock":null,"stock_on_hold":0,"sold_today":0,"sales_last_days":0,"reserved_stock":null,"customer_returns":null,"warehouse_damage":null,"lost_in_post":null,"other_logs":null,"out_stock_days":0,"lost_sales":0,"has_location":null,"update_date":"2026-01-30T01:26:00","atum_locations":[],"atum_stock_status":"instock","restock_status":false,"low_stock_amount":"","sales_update_date":"2026-01-30T01:26:00","calc_backorders":null,"_links":{"self":[{"href":"https:\/\/aromasentia.com\/es\/wp-json\/wp\/v2\/product\/246244","targetHints":{"allow":["GET"]}}],"collection":[{"href":"https:\/\/aromasentia.com\/es\/wp-json\/wp\/v2\/product"}],"about":[{"href":"https:\/\/aromasentia.com\/es\/wp-json\/wp\/v2\/types\/product"}],"replies":[{"embeddable":true,"href":"https:\/\/aromasentia.com\/es\/wp-json\/wp\/v2\/comments?post=246244"}],"version-history":[{"count":0,"href":"https:\/\/aromasentia.com\/es\/wp-json\/wp\/v2\/product\/246244\/revisions"}],"wp:featuredmedia":[{"embeddable":true,"href":"https:\/\/aromasentia.com\/es\/wp-json\/wp\/v2\/media\/668773"}],"wp:attachment":[{"href":"https:\/\/aromasentia.com\/es\/wp-json\/wp\/v2\/media?parent=246244"}],"wp:term":[{"taxonomy":"product_brand","embeddable":true,"href":"https:\/\/aromasentia.com\/es\/wp-json\/wp\/v2\/product_brand?post=246244"},{"taxonomy":"product_cat","embeddable":true,"href":"https:\/\/aromasentia.com\/es\/wp-json\/wp\/v2\/product_cat?post=246244"},{"taxonomy":"product_tag","embeddable":true,"href":"https:\/\/aromasentia.com\/es\/wp-json\/wp\/v2\/product_tag?post=246244"}],"curies":[{"name":"wp","href":"https:\/\/api.w.org\/{rel}","templated":true}]}}