{"id":246063,"date":"2025-03-23T11:07:03","date_gmt":"2025-03-23T11:07:03","guid":{"rendered":"https:\/\/aromasentia.com\/product\/tree-of-life-pendant-sodalite\/"},"modified":"2025-12-30T22:00:08","modified_gmt":"2025-12-30T22:00:08","slug":"colgante-arbol-de-la-vida-sodalita","status":"publish","type":"product","link":"https:\/\/aromasentia.com\/es\/colgante-arbol-de-la-vida-sodalita\/","title":{"rendered":"Colgante \u00c1rbol de la Vida &#8211; Sodalita"},"content":{"rendered":"<p>Eleve su colecci\u00f3n de joyas con un <strong>Colgante \u00c1rbol de la Vida de Sodalita al por mayor<\/strong>. Esta exquisita pieza combina a la perfecci\u00f3n el simbolismo atemporal del \u00c1rbol de la Vida con la energ\u00eda calmante e introspectiva de la Sodalita. Es m\u00e1s que un colgante; es un s\u00edmbolo de sabidur\u00eda, intuici\u00f3n y autodescubrimiento.<\/p>\n<p>Cada colgante \u00c1rbol de la Vida est\u00e1 meticulosamente elaborado, con intrincadas ramas que acunan una aut\u00e9ntica gema <strong><span style=\"color: rgb(41, 105, 176);\">Sodalita.<\/span><\/strong> El azul profundo con jaspeado blanco de la Sodalita invita a la reflexi\u00f3n interior y al entendimiento, haciendo de este colgante una elecci\u00f3n cautivadora para sus clientes.<\/p>\n<p>Ofrece a tus clientes la oportunidad de llevar una pieza de sabidur\u00eda interior y autodescubrimiento con este Colgante \u00c1rbol de la Vida &#8211; Sodalita al por mayor. Deja que su energ\u00eda calmante e introspectiva cautive su esp\u00edritu e inspire un sentido de claridad interior e intuici\u00f3n.<\/p>\n<p><strong>Pide ahora e infunde a tu colecci\u00f3n de joyas la esencia de la sabidur\u00eda y el autodescubrimiento.<\/strong><\/p>\n<p>Ofrece a tus clientes la oportunidad de llevar una pieza de sabidur\u00eda interior y autodescubrimiento con este Colgante \u00c1rbol de la Vida &#8211; Sodalita al por mayor.<\/p>\n","protected":false},"excerpt":{"rendered":"<p>Eleve su colecci\u00f3n de joyas con un Colgante \u00c1rbol de la Vida de Sodalita al por mayor. Esta exquisita pieza combina a la perfecci\u00f3n el simbolismo atemporal del \u00c1rbol de la Vida con la energ\u00eda calmante e introspectiva de la Sodalita. Es m\u00e1s que un colgante; es un s\u00edmbolo de sabidur\u00eda, intuici\u00f3n y autodescubrimiento. Cada [&hellip;]<\/p>\n","protected":false},"featured_media":430742,"comment_status":"closed","ping_status":"open","template":"","meta":{"_angie_page":false},"product_brand":[],"product_cat":[25215,25225,14528,25770],"product_tag":[],"class_list":{"0":"post-246063","1":"product","2":"type-product","3":"status-publish","4":"has-post-thumbnail","6":"product_cat-collares-y-colgantes","7":"product_cat-gemas-y-minerales","8":"product_cat-joyas-y-accesorios","9":"product_cat-sodalita","10":"pa_collection-gemstone-pendants-tree-of-life-es","11":"pa_made-in-china","13":"first","14":"instock","15":"purchasable","16":"product-type-simple"},"supplier_id":null,"supplier_sku":"TOLP-09","barcode":null,"atum_controlled":true,"out_stock_date":null,"out_stock_threshold":null,"inheritable":false,"inbound_stock":null,"stock_on_hold":0,"sold_today":0,"sales_last_days":0,"reserved_stock":null,"customer_returns":null,"warehouse_damage":null,"lost_in_post":null,"other_logs":null,"out_stock_days":0,"lost_sales":0,"has_location":null,"update_date":"2026-04-27T07:25:10","atum_locations":[],"atum_stock_status":"instock","restock_status":false,"low_stock_amount":"","sales_update_date":"2025-09-03T00:15:13","calc_backorders":null,"_links":{"self":[{"href":"https:\/\/aromasentia.com\/es\/wp-json\/wp\/v2\/product\/246063","targetHints":{"allow":["GET"]}}],"collection":[{"href":"https:\/\/aromasentia.com\/es\/wp-json\/wp\/v2\/product"}],"about":[{"href":"https:\/\/aromasentia.com\/es\/wp-json\/wp\/v2\/types\/product"}],"replies":[{"embeddable":true,"href":"https:\/\/aromasentia.com\/es\/wp-json\/wp\/v2\/comments?post=246063"}],"version-history":[{"count":0,"href":"https:\/\/aromasentia.com\/es\/wp-json\/wp\/v2\/product\/246063\/revisions"}],"wp:featuredmedia":[{"embeddable":true,"href":"https:\/\/aromasentia.com\/es\/wp-json\/wp\/v2\/media\/430742"}],"wp:attachment":[{"href":"https:\/\/aromasentia.com\/es\/wp-json\/wp\/v2\/media?parent=246063"}],"wp:term":[{"taxonomy":"product_brand","embeddable":true,"href":"https:\/\/aromasentia.com\/es\/wp-json\/wp\/v2\/product_brand?post=246063"},{"taxonomy":"product_cat","embeddable":true,"href":"https:\/\/aromasentia.com\/es\/wp-json\/wp\/v2\/product_cat?post=246063"},{"taxonomy":"product_tag","embeddable":true,"href":"https:\/\/aromasentia.com\/es\/wp-json\/wp\/v2\/product_tag?post=246063"}],"curies":[{"name":"wp","href":"https:\/\/api.w.org\/{rel}","templated":true}]}}