{"id":246060,"date":"2025-03-23T11:07:03","date_gmt":"2025-03-23T11:07:03","guid":{"rendered":"https:\/\/aromasentia.com\/product\/tree-of-life-pendant-rock-crystal\/"},"modified":"2025-12-30T22:00:08","modified_gmt":"2025-12-30T22:00:08","slug":"colgante-arbol-de-la-vida-cristal-de-roca","status":"publish","type":"product","link":"https:\/\/aromasentia.com\/es\/colgante-arbol-de-la-vida-cristal-de-roca\/","title":{"rendered":"Colgante \u00c1rbol de la Vida &#8211; Cristal de Roca"},"content":{"rendered":"<p>Eleve su oferta de joyas con un <strong>Colgante \u00c1rbol de la Vida en Cristal de Roca<\/strong>. Esta exquisita pieza encarna el simbolismo atemporal del \u00c1rbol de la Vida, combin\u00e1ndolo con la energ\u00eda pura y cristalina del Cristal de Roca. Es m\u00e1s que un colgante; es un s\u00edmbolo de claridad, sanaci\u00f3n y crecimiento espiritual.<\/p>\n<p>Cada colgante \u00c1rbol de la Vida est\u00e1 meticulosamente elaborado, con intrincadas ramas que acunan una aut\u00e9ntica gema <strong><span style=\"color: rgb(204, 204, 204);\">Cristal de Roca<\/span><\/strong><span style=\"color: rgb(204, 204, 204);\">. <\/span>La belleza clara y transparente del Cristal de Roca representa la claridad de pensamiento e intenci\u00f3n, haciendo de este colgante una elecci\u00f3n cautivadora para tus clientes.<\/p>\n<p>Ofrece a tus clientes la oportunidad de llevar una pieza de claridad y sanaci\u00f3n con este Colgante \u00c1rbol de la Vida &#8211; Cristal de Roca al por mayor. Deje que su energ\u00eda pura cautive su esp\u00edritu e inspire un sentido de crecimiento espiritual e iluminaci\u00f3n.<\/p>\n<p><strong>Haga su pedido ahora y a\u00f1ada un toque de elegancia cristalina a sus ofertas de joyer\u00eda.<\/strong><\/p>\n<p>Ofrezca a sus clientes la oportunidad de llevar una pieza de claridad y sanaci\u00f3n con este Colgante \u00c1rbol de la Vida &#8211; Cristal de Roca al por mayor.<\/p>\n","protected":false},"excerpt":{"rendered":"<p>Eleve su oferta de joyas con un Colgante \u00c1rbol de la Vida en Cristal de Roca. Esta exquisita pieza encarna el simbolismo atemporal del \u00c1rbol de la Vida, combin\u00e1ndolo con la energ\u00eda pura y cristalina del Cristal de Roca. Es m\u00e1s que un colgante; es un s\u00edmbolo de claridad, sanaci\u00f3n y crecimiento espiritual. Cada colgante [&hellip;]<\/p>\n","protected":false},"featured_media":430701,"comment_status":"closed","ping_status":"open","template":"","meta":[],"product_brand":[],"product_cat":[25215,25739,25225,14528],"product_tag":[],"class_list":{"0":"post-246060","1":"product","2":"type-product","3":"status-publish","4":"has-post-thumbnail","6":"product_cat-collares-y-colgantes","7":"product_cat-cristal-de-roca","8":"product_cat-gemas-y-minerales","9":"product_cat-joyas-y-accesorios","10":"pa_collection-gemstone-pendants-tree-of-life-es","11":"pa_made-in-china","13":"first","14":"instock","15":"purchasable","16":"product-type-simple"},"supplier_id":null,"supplier_sku":"TOLP-08","barcode":null,"atum_controlled":true,"out_stock_date":null,"out_stock_threshold":null,"inheritable":false,"inbound_stock":null,"stock_on_hold":0,"sold_today":0,"sales_last_days":0,"reserved_stock":null,"customer_returns":null,"warehouse_damage":null,"lost_in_post":null,"other_logs":null,"out_stock_days":0,"lost_sales":0,"has_location":null,"update_date":"2026-02-10T22:35:29","atum_locations":[],"atum_stock_status":"instock","restock_status":false,"low_stock_amount":"","sales_update_date":"2026-02-06T00:02:10","calc_backorders":null,"_links":{"self":[{"href":"https:\/\/aromasentia.com\/es\/wp-json\/wp\/v2\/product\/246060","targetHints":{"allow":["GET"]}}],"collection":[{"href":"https:\/\/aromasentia.com\/es\/wp-json\/wp\/v2\/product"}],"about":[{"href":"https:\/\/aromasentia.com\/es\/wp-json\/wp\/v2\/types\/product"}],"replies":[{"embeddable":true,"href":"https:\/\/aromasentia.com\/es\/wp-json\/wp\/v2\/comments?post=246060"}],"version-history":[{"count":0,"href":"https:\/\/aromasentia.com\/es\/wp-json\/wp\/v2\/product\/246060\/revisions"}],"wp:featuredmedia":[{"embeddable":true,"href":"https:\/\/aromasentia.com\/es\/wp-json\/wp\/v2\/media\/430701"}],"wp:attachment":[{"href":"https:\/\/aromasentia.com\/es\/wp-json\/wp\/v2\/media?parent=246060"}],"wp:term":[{"taxonomy":"product_brand","embeddable":true,"href":"https:\/\/aromasentia.com\/es\/wp-json\/wp\/v2\/product_brand?post=246060"},{"taxonomy":"product_cat","embeddable":true,"href":"https:\/\/aromasentia.com\/es\/wp-json\/wp\/v2\/product_cat?post=246060"},{"taxonomy":"product_tag","embeddable":true,"href":"https:\/\/aromasentia.com\/es\/wp-json\/wp\/v2\/product_tag?post=246060"}],"curies":[{"name":"wp","href":"https:\/\/api.w.org\/{rel}","templated":true}]}}