{"id":246039,"date":"2025-03-23T11:07:03","date_gmt":"2025-03-23T11:07:03","guid":{"rendered":"https:\/\/aromasentia.com\/product\/tree-of-life-pendant-chakra\/"},"modified":"2025-12-30T22:00:08","modified_gmt":"2025-12-30T22:00:08","slug":"colgante-arbol-de-la-vida-chakra","status":"publish","type":"product","link":"https:\/\/aromasentia.com\/es\/colgante-arbol-de-la-vida-chakra\/","title":{"rendered":"Colgante \u00c1rbol de la Vida &#8211; Chakra"},"content":{"rendered":"<p>Eleve su oferta de joyer\u00eda con un <strong>Colgante al por mayor \u00c1rbol de la Vida &#8211; Chakra.<\/strong> Esta exquisita pieza combina a la perfecci\u00f3n el simbolismo del \u00c1rbol de la Vida con el poder del equilibrio de los Chakras. No es s\u00f3lo una joya; es una declaraci\u00f3n de armon\u00eda y vitalidad.<\/p>\n<p>Trabajado con atenci\u00f3n al detalle, este colgante al por mayor cuenta con intrincadas ramas de \u00e1rbol que acunan <strong><span style=\"color: rgb(65, 168, 95);\">siete vibrantes gemas<\/span><\/strong>, cada una representando un punto Chakra. El delicado equilibrio de colores crea una pieza visualmente impresionante que resuena con energ\u00eda espiritual.<\/p>\n<p>Ofrece a tus clientes la oportunidad de abrazar el equilibrio y la alineaci\u00f3n en sus vidas con este Colgante \u00c1rbol de la Vida &#8211; Chakra al por mayor. Deje que cautive sus sentidos e inspire una sensaci\u00f3n de bienestar.<\/p>\n<p><&nbsp;<strong>Haga su pedido ahora e infunda a su colecci\u00f3n de joyas la esencia de la armon\u00eda y la vitalidad.<\/strong><\/p>\n<p>Su colecci\u00f3n de joyas estar\u00e1 llena de armon\u00eda y vitalidad.<\/p>\n","protected":false},"excerpt":{"rendered":"<p>Eleve su oferta de joyer\u00eda con un Colgante al por mayor \u00c1rbol de la Vida &#8211; Chakra. Esta exquisita pieza combina a la perfecci\u00f3n el simbolismo del \u00c1rbol de la Vida con el poder del equilibrio de los Chakras. No es s\u00f3lo una joya; es una declaraci\u00f3n de armon\u00eda y vitalidad. Trabajado con atenci\u00f3n al [&hellip;]<\/p>\n","protected":false},"featured_media":430414,"comment_status":"closed","ping_status":"open","template":"","meta":{"_angie_page":false},"product_brand":[],"product_cat":[25215,14528],"product_tag":[],"class_list":{"0":"post-246039","1":"product","2":"type-product","3":"status-publish","4":"has-post-thumbnail","6":"product_cat-collares-y-colgantes","7":"product_cat-joyas-y-accesorios","8":"pa_collection-gemstone-pendants-tree-of-life-es","9":"pa_made-in-china","11":"first","12":"instock","13":"purchasable","14":"product-type-simple"},"supplier_id":null,"supplier_sku":"TOLP-01","barcode":null,"atum_controlled":true,"out_stock_date":null,"out_stock_threshold":null,"inheritable":false,"inbound_stock":null,"stock_on_hold":0,"sold_today":0,"sales_last_days":0,"reserved_stock":null,"customer_returns":null,"warehouse_damage":null,"lost_in_post":null,"other_logs":null,"out_stock_days":0,"lost_sales":0,"has_location":null,"update_date":"2026-05-11T01:56:49","atum_locations":[],"atum_stock_status":"instock","restock_status":false,"low_stock_amount":"","sales_update_date":"2025-09-03T00:15:12","calc_backorders":null,"_links":{"self":[{"href":"https:\/\/aromasentia.com\/es\/wp-json\/wp\/v2\/product\/246039","targetHints":{"allow":["GET"]}}],"collection":[{"href":"https:\/\/aromasentia.com\/es\/wp-json\/wp\/v2\/product"}],"about":[{"href":"https:\/\/aromasentia.com\/es\/wp-json\/wp\/v2\/types\/product"}],"replies":[{"embeddable":true,"href":"https:\/\/aromasentia.com\/es\/wp-json\/wp\/v2\/comments?post=246039"}],"version-history":[{"count":0,"href":"https:\/\/aromasentia.com\/es\/wp-json\/wp\/v2\/product\/246039\/revisions"}],"wp:featuredmedia":[{"embeddable":true,"href":"https:\/\/aromasentia.com\/es\/wp-json\/wp\/v2\/media\/430414"}],"wp:attachment":[{"href":"https:\/\/aromasentia.com\/es\/wp-json\/wp\/v2\/media?parent=246039"}],"wp:term":[{"taxonomy":"product_brand","embeddable":true,"href":"https:\/\/aromasentia.com\/es\/wp-json\/wp\/v2\/product_brand?post=246039"},{"taxonomy":"product_cat","embeddable":true,"href":"https:\/\/aromasentia.com\/es\/wp-json\/wp\/v2\/product_cat?post=246039"},{"taxonomy":"product_tag","embeddable":true,"href":"https:\/\/aromasentia.com\/es\/wp-json\/wp\/v2\/product_tag?post=246039"}],"curies":[{"name":"wp","href":"https:\/\/api.w.org\/{rel}","templated":true}]}}