{"id":246027,"date":"2025-03-23T11:07:03","date_gmt":"2025-03-23T11:07:03","guid":{"rendered":"https:\/\/aromasentia.com\/product\/brass-tibetan-bracelet-wide-tribal-leaf\/"},"modified":"2025-12-30T22:00:00","modified_gmt":"2025-12-30T22:00:00","slug":"pulsera-tibetana-de-laton-hoja-tribal-ancha","status":"publish","type":"product","link":"https:\/\/aromasentia.com\/es\/pulsera-tibetana-de-laton-hoja-tribal-ancha\/","title":{"rendered":"Pulsera Tibetana de Lat\u00f3n &#8211; Hoja Tribal Ancha"},"content":{"rendered":"<h2>Pulsera tibetana de lat\u00f3n al por mayor &#8211; Hoja tribal ancha<\/h2>\n<p style=\"text-align: justify;\">Mucha gente cree que las pulseras de cobre o lat\u00f3n tienen beneficios para la salud, incluyendo una mejor circulaci\u00f3n y alivio de los dolores de artritis. En la antig\u00fcedad, el cobre simbolizaba el amor y el equilibrio, y se ha utilizado durante siglos para curar y proteger. Las pulseras mantienen el cuerpo en un estado estable que conduce a mejores resultados en la meditaci\u00f3n y la pr\u00e1ctica del yoga.&nbsp;<\/p>\n<p style=\"text-align: justify;\">Tambi\u00e9n dicen hecho a mano en Nepal&#8230; as\u00ed que puedes decir a tus clientes que est\u00e1n hechas en el techo del mundo. &nbsp;Empaquetadas individualmente en una caja de regalo con una tarjeta de informaci\u00f3n (n\u00fameros 1, 2 y 3). &nbsp;Como la pulsera es de metal, se puede doblar suavemente para ajustarla a cualquier mu\u00f1eca, por lo que tambi\u00e9n es efectivamente unisex. &nbsp;\u00a1Insp\u00edrate! Comercializa estas pulseras y alcanza el cielo \ud83d\ude42<\/p>\n<p style=\"text-align: justify;\"><strong>Antic\u00edpate a la competencia con nuestra exclusiva selecci\u00f3n de <\/strong><a href=\"https:\/\/aromasentia.com\/tmb\" rel=\"noopener noreferrer\" target=\"_blank\"><strong>pulseras de lat\u00f3n al por mayor<\/strong><\/a><strong>. Compre ahora.&nbsp;<\/strong><\/p>\n","protected":false},"excerpt":{"rendered":"<p>Pulsera tibetana de lat\u00f3n al por mayor &#8211; Hoja tribal ancha Mucha gente cree que las pulseras de cobre o lat\u00f3n tienen beneficios para la salud, incluyendo una mejor circulaci\u00f3n y alivio de los dolores de artritis. En la antig\u00fcedad, el cobre simbolizaba el amor y el equilibrio, y se ha utilizado durante siglos para [&hellip;]<\/p>\n","protected":false},"featured_media":430226,"comment_status":"closed","ping_status":"open","template":"","meta":[],"product_brand":[],"product_cat":[14528,25209],"product_tag":[],"class_list":{"0":"post-246027","1":"product","2":"type-product","3":"status-publish","4":"has-post-thumbnail","6":"product_cat-joyas-y-accesorios","7":"product_cat-pulseras","8":"pa_collection-tibetan-mantra-bracelet-es","9":"pa_made-in-nepal","11":"first","12":"instock","13":"purchasable","14":"product-type-simple"},"supplier_id":null,"supplier_sku":"TMB-05","barcode":null,"atum_controlled":true,"out_stock_date":null,"out_stock_threshold":null,"inheritable":false,"inbound_stock":null,"stock_on_hold":0,"sold_today":0,"sales_last_days":0,"reserved_stock":null,"customer_returns":null,"warehouse_damage":null,"lost_in_post":null,"other_logs":null,"out_stock_days":0,"lost_sales":0,"has_location":null,"update_date":"2026-02-04T10:29:31","atum_locations":[],"atum_stock_status":"instock","restock_status":false,"low_stock_amount":"","sales_update_date":"2026-01-30T01:26:19","calc_backorders":null,"_links":{"self":[{"href":"https:\/\/aromasentia.com\/es\/wp-json\/wp\/v2\/product\/246027","targetHints":{"allow":["GET"]}}],"collection":[{"href":"https:\/\/aromasentia.com\/es\/wp-json\/wp\/v2\/product"}],"about":[{"href":"https:\/\/aromasentia.com\/es\/wp-json\/wp\/v2\/types\/product"}],"replies":[{"embeddable":true,"href":"https:\/\/aromasentia.com\/es\/wp-json\/wp\/v2\/comments?post=246027"}],"version-history":[{"count":0,"href":"https:\/\/aromasentia.com\/es\/wp-json\/wp\/v2\/product\/246027\/revisions"}],"wp:featuredmedia":[{"embeddable":true,"href":"https:\/\/aromasentia.com\/es\/wp-json\/wp\/v2\/media\/430226"}],"wp:attachment":[{"href":"https:\/\/aromasentia.com\/es\/wp-json\/wp\/v2\/media?parent=246027"}],"wp:term":[{"taxonomy":"product_brand","embeddable":true,"href":"https:\/\/aromasentia.com\/es\/wp-json\/wp\/v2\/product_brand?post=246027"},{"taxonomy":"product_cat","embeddable":true,"href":"https:\/\/aromasentia.com\/es\/wp-json\/wp\/v2\/product_cat?post=246027"},{"taxonomy":"product_tag","embeddable":true,"href":"https:\/\/aromasentia.com\/es\/wp-json\/wp\/v2\/product_tag?post=246027"}],"curies":[{"name":"wp","href":"https:\/\/api.w.org\/{rel}","templated":true}]}}