{"id":246006,"date":"2025-03-23T11:07:09","date_gmt":"2025-03-23T11:07:09","guid":{"rendered":"https:\/\/aromasentia.com\/product\/100x-large-velvet-pouch-9x12cm\/"},"modified":"2025-12-30T22:00:00","modified_gmt":"2025-12-30T22:00:00","slug":"bolsita-terciopelo-grande-9x12cm","status":"publish","type":"product","link":"https:\/\/aromasentia.com\/es\/bolsita-terciopelo-grande-9x12cm\/","title":{"rendered":"Bolsita Terciopelo &#8211; Grande 9x12cm"},"content":{"rendered":"<p>Nuestro estuche grande de terciopelo es una soluci\u00f3n vers\u00e1til y elegante para guardar y regalar joyas. El estuche est\u00e1 fabricado en <strong>terciopelo de terciopelo<\/strong> de alta calidad, que proporciona un hogar lujoso y seguro para sus preciadas piezas.<\/p>\n<p>El cierre de cord\u00f3n garantiza que sus joyas est\u00e9n sanas y salvas, mientras que el <strong>espacio interior puede albergar una gran variedad de art\u00edculos<\/strong>, desde collares y pulseras hasta pendientes y anillos.<\/p>\n<p>Este estuche es perfecto para su uso en joyer\u00edas, boutiques y en casa.<\/p>\n","protected":false},"excerpt":{"rendered":"<p>Nuestro estuche grande de terciopelo es una soluci\u00f3n vers\u00e1til y elegante para guardar y regalar joyas. El estuche est\u00e1 fabricado en terciopelo de terciopelo de alta calidad, que proporciona un hogar lujoso y seguro para sus preciadas piezas. El cierre de cord\u00f3n garantiza que sus joyas est\u00e9n sanas y salvas, mientras que el espacio interior [&hellip;]<\/p>\n","protected":false},"featured_media":431969,"comment_status":"closed","ping_status":"open","template":"","meta":{"_angie_page":false},"product_brand":[],"product_cat":[14528],"product_tag":[],"class_list":{"0":"post-246006","1":"product","2":"type-product","3":"status-publish","4":"has-post-thumbnail","6":"product_cat-joyas-y-accesorios","7":"pa_collection-velvet-jewellery-displays-es","8":"pa_made-in-china","10":"first","11":"instock","12":"purchasable","13":"product-type-simple"},"supplier_id":null,"supplier_sku":"VJD-17","barcode":null,"atum_controlled":true,"out_stock_date":null,"out_stock_threshold":null,"inheritable":false,"inbound_stock":null,"stock_on_hold":0,"sold_today":0,"sales_last_days":0,"reserved_stock":null,"customer_returns":null,"warehouse_damage":null,"lost_in_post":null,"other_logs":null,"out_stock_days":0,"lost_sales":0,"has_location":null,"update_date":"2026-04-27T07:26:26","atum_locations":[],"atum_stock_status":"instock","restock_status":false,"low_stock_amount":"","sales_update_date":"2025-09-03T00:15:07","calc_backorders":null,"_links":{"self":[{"href":"https:\/\/aromasentia.com\/es\/wp-json\/wp\/v2\/product\/246006","targetHints":{"allow":["GET"]}}],"collection":[{"href":"https:\/\/aromasentia.com\/es\/wp-json\/wp\/v2\/product"}],"about":[{"href":"https:\/\/aromasentia.com\/es\/wp-json\/wp\/v2\/types\/product"}],"replies":[{"embeddable":true,"href":"https:\/\/aromasentia.com\/es\/wp-json\/wp\/v2\/comments?post=246006"}],"version-history":[{"count":0,"href":"https:\/\/aromasentia.com\/es\/wp-json\/wp\/v2\/product\/246006\/revisions"}],"wp:featuredmedia":[{"embeddable":true,"href":"https:\/\/aromasentia.com\/es\/wp-json\/wp\/v2\/media\/431969"}],"wp:attachment":[{"href":"https:\/\/aromasentia.com\/es\/wp-json\/wp\/v2\/media?parent=246006"}],"wp:term":[{"taxonomy":"product_brand","embeddable":true,"href":"https:\/\/aromasentia.com\/es\/wp-json\/wp\/v2\/product_brand?post=246006"},{"taxonomy":"product_cat","embeddable":true,"href":"https:\/\/aromasentia.com\/es\/wp-json\/wp\/v2\/product_cat?post=246006"},{"taxonomy":"product_tag","embeddable":true,"href":"https:\/\/aromasentia.com\/es\/wp-json\/wp\/v2\/product_tag?post=246006"}],"curies":[{"name":"wp","href":"https:\/\/api.w.org\/{rel}","templated":true}]}}