{"id":246003,"date":"2025-03-23T11:07:09","date_gmt":"2025-03-23T11:07:09","guid":{"rendered":"https:\/\/aromasentia.com\/product\/100x-small-velvet-pouch-7x9cm\/"},"modified":"2025-12-30T21:59:51","modified_gmt":"2025-12-30T21:59:51","slug":"bolsita-terciopelo-pequena-7x9cm","status":"publish","type":"product","link":"https:\/\/aromasentia.com\/es\/bolsita-terciopelo-pequena-7x9cm\/","title":{"rendered":"Bolsita Terciopelo &#8211; Peque\u00f1a 7x9cm"},"content":{"rendered":"<p>Disfrute del lujo con nuestro estuche peque\u00f1o de terciopelo. Con unas dimensiones de tan solo <strong>7&#215;9 cm<\/strong>, este accesorio compacto es perfecto para salvaguardar tus preciadas joyas. Ofrece un refugio suave y protector para sus piezas delicadas. Ideal para guardar pendientes, anillos o un \u00fanico colgante, este estuche no s\u00f3lo es funcional, sino que tambi\u00e9n a\u00f1ade un toque de opulencia a su colecci\u00f3n de joyas.<\/p>\n<p>Ya sea para uso personal o como opci\u00f3n de embalaje de primera calidad, nuestro estuche peque\u00f1o de terciopelo es un testimonio de calidad y refinamiento.<\/p>\n<p><strong>Este estuche peque\u00f1o de terciopelo es un testimonio de calidad y refinamiento.<\/p>\n<p>Este estuche peque\u00f1o de terciopelo es un testimonio de calidad y refinamiento.<\/p>\n<p>Este estuche peque\u00f1o de terciopelo es un testimonio de calidad y refinamiento.<\/p>\n","protected":false},"excerpt":{"rendered":"<p>Disfrute del lujo con nuestro estuche peque\u00f1o de terciopelo. Con unas dimensiones de tan solo 7&#215;9 cm, este accesorio compacto es perfecto para salvaguardar tus preciadas joyas. Ofrece un refugio suave y protector para sus piezas delicadas. Ideal para guardar pendientes, anillos o un \u00fanico colgante, este estuche no s\u00f3lo es funcional, sino que tambi\u00e9n [&hellip;]<\/p>\n","protected":false},"featured_media":431920,"comment_status":"closed","ping_status":"open","template":"","meta":{"_angie_page":false},"product_brand":[],"product_cat":[14528],"product_tag":[],"class_list":{"0":"post-246003","1":"product","2":"type-product","3":"status-publish","4":"has-post-thumbnail","6":"product_cat-joyas-y-accesorios","7":"pa_collection-velvet-jewellery-displays-es","8":"pa_made-in-china","10":"first","11":"instock","12":"purchasable","13":"product-type-simple"},"supplier_id":null,"supplier_sku":"VJD-16","barcode":null,"atum_controlled":true,"out_stock_date":null,"out_stock_threshold":null,"inheritable":false,"inbound_stock":null,"stock_on_hold":0,"sold_today":0,"sales_last_days":0,"reserved_stock":null,"customer_returns":null,"warehouse_damage":null,"lost_in_post":null,"other_logs":null,"out_stock_days":0,"lost_sales":0,"has_location":null,"update_date":"2026-04-27T07:26:25","atum_locations":[],"atum_stock_status":"instock","restock_status":false,"low_stock_amount":"","sales_update_date":"2025-09-03T00:15:07","calc_backorders":null,"_links":{"self":[{"href":"https:\/\/aromasentia.com\/es\/wp-json\/wp\/v2\/product\/246003","targetHints":{"allow":["GET"]}}],"collection":[{"href":"https:\/\/aromasentia.com\/es\/wp-json\/wp\/v2\/product"}],"about":[{"href":"https:\/\/aromasentia.com\/es\/wp-json\/wp\/v2\/types\/product"}],"replies":[{"embeddable":true,"href":"https:\/\/aromasentia.com\/es\/wp-json\/wp\/v2\/comments?post=246003"}],"version-history":[{"count":0,"href":"https:\/\/aromasentia.com\/es\/wp-json\/wp\/v2\/product\/246003\/revisions"}],"wp:featuredmedia":[{"embeddable":true,"href":"https:\/\/aromasentia.com\/es\/wp-json\/wp\/v2\/media\/431920"}],"wp:attachment":[{"href":"https:\/\/aromasentia.com\/es\/wp-json\/wp\/v2\/media?parent=246003"}],"wp:term":[{"taxonomy":"product_brand","embeddable":true,"href":"https:\/\/aromasentia.com\/es\/wp-json\/wp\/v2\/product_brand?post=246003"},{"taxonomy":"product_cat","embeddable":true,"href":"https:\/\/aromasentia.com\/es\/wp-json\/wp\/v2\/product_cat?post=246003"},{"taxonomy":"product_tag","embeddable":true,"href":"https:\/\/aromasentia.com\/es\/wp-json\/wp\/v2\/product_tag?post=246003"}],"curies":[{"name":"wp","href":"https:\/\/api.w.org\/{rel}","templated":true}]}}