{"id":245994,"date":"2025-03-23T11:07:09","date_gmt":"2025-03-23T11:07:09","guid":{"rendered":"https:\/\/aromasentia.com\/product\/t-stand-display-24x17x7cm\/"},"modified":"2025-12-30T21:59:51","modified_gmt":"2025-12-30T21:59:51","slug":"expositor-de-t-24x17x7cm","status":"publish","type":"product","link":"https:\/\/aromasentia.com\/es\/expositor-de-t-24x17x7cm\/","title":{"rendered":"Expositor de T &#8211; 24x17x7cm"},"content":{"rendered":"<p>Nuestro expositor en forma de T es una soluci\u00f3n elegante y moderna para exhibir sus pulseras y brazaletes. Su distintiva forma de T, con un soporte alto y cil\u00edndrico tapizado en <strong>terciopelo azul<\/strong>, proporciona una plataforma lujosa y llamativa para sus joyas.La base del expositor est\u00e1 fabricada en <strong>madera natural<\/strong>, a\u00f1adiendo un toque de calidez y sofisticaci\u00f3n para complementar cualquier entorno de venta. Este vers\u00e1til expositor est\u00e1 dise\u00f1ado para <strong>mostrar la belleza de sus pulseras<\/strong> y brazaletes, permiti\u00e9ndoles brillar a la vez que permanecen protegidos de ara\u00f1azos. <\/p>\n<p><strong>Disfrute de la belleza de sus pulseras y brazaletes<\/strong>.<\/p>\n","protected":false},"excerpt":{"rendered":"<p>Nuestro expositor en forma de T es una soluci\u00f3n elegante y moderna para exhibir sus pulseras y brazaletes. Su distintiva forma de T, con un soporte alto y cil\u00edndrico tapizado en terciopelo azul, proporciona una plataforma lujosa y llamativa para sus joyas.La base del expositor est\u00e1 fabricada en madera natural, a\u00f1adiendo un toque de calidez [&hellip;]<\/p>\n","protected":false},"featured_media":431837,"comment_status":"closed","ping_status":"open","template":"","meta":{"_angie_page":false},"product_brand":[],"product_cat":[14528],"product_tag":[],"class_list":{"0":"post-245994","1":"product","2":"type-product","3":"status-publish","4":"has-post-thumbnail","6":"product_cat-joyas-y-accesorios","7":"pa_collection-velvet-jewellery-displays-es","8":"pa_made-in-china","10":"first","11":"instock","12":"purchasable","13":"product-type-simple"},"supplier_id":null,"supplier_sku":"VJD-13","barcode":null,"atum_controlled":true,"out_stock_date":null,"out_stock_threshold":null,"inheritable":false,"inbound_stock":null,"stock_on_hold":0,"sold_today":0,"sales_last_days":0,"reserved_stock":null,"customer_returns":null,"warehouse_damage":null,"lost_in_post":null,"other_logs":null,"out_stock_days":0,"lost_sales":0,"has_location":null,"update_date":"2026-04-27T07:26:25","atum_locations":[],"atum_stock_status":"instock","restock_status":false,"low_stock_amount":"","sales_update_date":"2026-02-06T00:00:44","calc_backorders":null,"_links":{"self":[{"href":"https:\/\/aromasentia.com\/es\/wp-json\/wp\/v2\/product\/245994","targetHints":{"allow":["GET"]}}],"collection":[{"href":"https:\/\/aromasentia.com\/es\/wp-json\/wp\/v2\/product"}],"about":[{"href":"https:\/\/aromasentia.com\/es\/wp-json\/wp\/v2\/types\/product"}],"replies":[{"embeddable":true,"href":"https:\/\/aromasentia.com\/es\/wp-json\/wp\/v2\/comments?post=245994"}],"version-history":[{"count":0,"href":"https:\/\/aromasentia.com\/es\/wp-json\/wp\/v2\/product\/245994\/revisions"}],"wp:featuredmedia":[{"embeddable":true,"href":"https:\/\/aromasentia.com\/es\/wp-json\/wp\/v2\/media\/431837"}],"wp:attachment":[{"href":"https:\/\/aromasentia.com\/es\/wp-json\/wp\/v2\/media?parent=245994"}],"wp:term":[{"taxonomy":"product_brand","embeddable":true,"href":"https:\/\/aromasentia.com\/es\/wp-json\/wp\/v2\/product_brand?post=245994"},{"taxonomy":"product_cat","embeddable":true,"href":"https:\/\/aromasentia.com\/es\/wp-json\/wp\/v2\/product_cat?post=245994"},{"taxonomy":"product_tag","embeddable":true,"href":"https:\/\/aromasentia.com\/es\/wp-json\/wp\/v2\/product_tag?post=245994"}],"curies":[{"name":"wp","href":"https:\/\/api.w.org\/{rel}","templated":true}]}}