{"id":245988,"date":"2025-03-23T11:44:00","date_gmt":"2025-03-23T11:44:00","guid":{"rendered":"https:\/\/aromasentia.com\/product\/green-dragon-blend-1kg\/"},"modified":"2025-12-30T21:59:51","modified_gmt":"2025-12-30T21:59:51","slug":"green-dragon-blend-1kg","status":"publish","type":"product","link":"https:\/\/aromasentia.com\/es\/green-dragon-blend-1kg\/","title":{"rendered":"Green Dragon Blend 1Kg"},"content":{"rendered":"<p><strong>T\u00e9 Verde Aqualia:<\/strong><\/p>\n<p>El t\u00e9 verde se ha disfrutado en China durante m\u00e1s de 5.000 a\u00f1os y es una parte esencial de la cultura del pa\u00eds. El t\u00e9 verde goza de un merecido halo de salud. Una de las bebidas m\u00e1s saludables del planeta, las hojas de t\u00e9 verde se pueden remojar para hacer t\u00e9. Tanto las hojas como el propio t\u00e9 tambi\u00e9n se pueden incorporar a la cocci\u00f3n.<\/p>\n<p><strong>MODO DE EMPLEO:&nbsp;<\/strong>2-3 gramos por 200 ml a temperatura 70&ordm;C-80&ordm;C durante 3 -4 minutos en reposo.<\/p>\n","protected":false},"excerpt":{"rendered":"<p>T\u00e9 Verde Aqualia: El t\u00e9 verde se ha disfrutado en China durante m\u00e1s de 5.000 a\u00f1os y es una parte esencial de la cultura del pa\u00eds. El t\u00e9 verde goza de un merecido halo de salud. Una de las bebidas m\u00e1s saludables del planeta, las hojas de t\u00e9 verde se pueden remojar para hacer t\u00e9. [&hellip;]<\/p>\n","protected":false},"featured_media":432052,"comment_status":"closed","ping_status":"open","template":"","meta":{"_angie_page":false},"product_brand":[],"product_cat":[26723,26718,25043],"product_tag":[],"class_list":{"0":"post-245988","1":"product","2":"type-product","3":"status-publish","4":"has-post-thumbnail","6":"product_cat-mezclas-de-te","7":"product_cat-te-verde","8":"product_cat-tes-e-infusiones","9":"pa_collection-artisan-tea-blends-1kg-es","10":"pa_made-in-china","12":"first","13":"instock","14":"purchasable","15":"product-type-simple"},"supplier_id":null,"supplier_sku":"ArTea-03","barcode":null,"atum_controlled":true,"out_stock_date":null,"out_stock_threshold":null,"inheritable":false,"inbound_stock":null,"stock_on_hold":0,"sold_today":0,"sales_last_days":0,"reserved_stock":null,"customer_returns":null,"warehouse_damage":null,"lost_in_post":null,"other_logs":null,"out_stock_days":0,"lost_sales":0,"has_location":null,"update_date":"2026-05-08T05:03:47","atum_locations":[],"atum_stock_status":"instock","restock_status":false,"low_stock_amount":"","sales_update_date":"2026-01-30T01:24:24","calc_backorders":null,"_links":{"self":[{"href":"https:\/\/aromasentia.com\/es\/wp-json\/wp\/v2\/product\/245988","targetHints":{"allow":["GET"]}}],"collection":[{"href":"https:\/\/aromasentia.com\/es\/wp-json\/wp\/v2\/product"}],"about":[{"href":"https:\/\/aromasentia.com\/es\/wp-json\/wp\/v2\/types\/product"}],"replies":[{"embeddable":true,"href":"https:\/\/aromasentia.com\/es\/wp-json\/wp\/v2\/comments?post=245988"}],"version-history":[{"count":0,"href":"https:\/\/aromasentia.com\/es\/wp-json\/wp\/v2\/product\/245988\/revisions"}],"wp:featuredmedia":[{"embeddable":true,"href":"https:\/\/aromasentia.com\/es\/wp-json\/wp\/v2\/media\/432052"}],"wp:attachment":[{"href":"https:\/\/aromasentia.com\/es\/wp-json\/wp\/v2\/media?parent=245988"}],"wp:term":[{"taxonomy":"product_brand","embeddable":true,"href":"https:\/\/aromasentia.com\/es\/wp-json\/wp\/v2\/product_brand?post=245988"},{"taxonomy":"product_cat","embeddable":true,"href":"https:\/\/aromasentia.com\/es\/wp-json\/wp\/v2\/product_cat?post=245988"},{"taxonomy":"product_tag","embeddable":true,"href":"https:\/\/aromasentia.com\/es\/wp-json\/wp\/v2\/product_tag?post=245988"}],"curies":[{"name":"wp","href":"https:\/\/api.w.org\/{rel}","templated":true}]}}