{"id":245982,"date":"2025-03-23T11:44:00","date_gmt":"2025-03-23T11:44:00","guid":{"rendered":"https:\/\/aromasentia.com\/product\/druids-forest-blend-1kg\/"},"modified":"2025-12-30T21:59:51","modified_gmt":"2025-12-30T21:59:51","slug":"druids-forest-blend-1kg","status":"publish","type":"product","link":"https:\/\/aromasentia.com\/es\/druids-forest-blend-1kg\/","title":{"rendered":"Druid&#8217;s Forest Blend 1Kg"},"content":{"rendered":"<p><strong>Con Frutas del Bosque:<\/strong>&nbsp;<\/p>\n<p>La mezcla de mora, cereza, frambuesa y fresa lo convierten en una mezcla de verano llena de sabor. Afrutado mezclado con un brillante color rojo cereza, revitalizar\u00e1 tu esp\u00edritu desde el primer sorbo hasta el \u00faltimo. Nuestros expertos en t\u00e9 seleccionan ingredientes 100% naturales para crear esta mezcla. Un lecho de escaramujos, hibiscos cortados y manzanas, prepara el escenario para nuestras bayas y flores de hibisco favoritas de finales del verano. El t\u00e9 de frambuesa roja aportan una multitud de beneficios, como minerales esenciales, vitaminas y antioxidantes.&nbsp;<\/p>\n<p><strong>MODO DE EMPLEO:<\/strong> 4 gramos por 200 ml a 95&ordm;C y dejar reposar 5-7 minutos.&nbsp;<\/p>\n<p><strong>Este producto puede contener trazas de gluten, huevos, cacahuetes, soja, leche, nueces, granos de s\u00e9samo y sulfitos.<\/strong><\/p>\n","protected":false},"excerpt":{"rendered":"<p>Con Frutas del Bosque:&nbsp; La mezcla de mora, cereza, frambuesa y fresa lo convierten en una mezcla de verano llena de sabor. Afrutado mezclado con un brillante color rojo cereza, revitalizar\u00e1 tu esp\u00edritu desde el primer sorbo hasta el \u00faltimo. Nuestros expertos en t\u00e9 seleccionan ingredientes 100% naturales para crear esta mezcla. Un lecho de [&hellip;]<\/p>\n","protected":false},"featured_media":432002,"comment_status":"closed","ping_status":"open","template":"","meta":{"_angie_page":false},"product_brand":[],"product_cat":[26723,25043],"product_tag":[],"class_list":{"0":"post-245982","1":"product","2":"type-product","3":"status-publish","4":"has-post-thumbnail","6":"product_cat-mezclas-de-te","7":"product_cat-tes-e-infusiones","8":"pa_collection-artisan-tea-blends-1kg-es","9":"pa_made-in-egipto","11":"first","12":"instock","13":"purchasable","14":"product-type-simple"},"supplier_id":null,"supplier_sku":"ArTea-01","barcode":null,"atum_controlled":true,"out_stock_date":null,"out_stock_threshold":null,"inheritable":false,"inbound_stock":null,"stock_on_hold":0,"sold_today":0,"sales_last_days":0,"reserved_stock":null,"customer_returns":null,"warehouse_damage":null,"lost_in_post":null,"other_logs":null,"out_stock_days":13,"lost_sales":0,"has_location":null,"update_date":"2026-04-27T06:50:47","atum_locations":[],"atum_stock_status":"instock","restock_status":false,"low_stock_amount":"","sales_update_date":"2026-01-30T01:24:49","calc_backorders":null,"_links":{"self":[{"href":"https:\/\/aromasentia.com\/es\/wp-json\/wp\/v2\/product\/245982","targetHints":{"allow":["GET"]}}],"collection":[{"href":"https:\/\/aromasentia.com\/es\/wp-json\/wp\/v2\/product"}],"about":[{"href":"https:\/\/aromasentia.com\/es\/wp-json\/wp\/v2\/types\/product"}],"replies":[{"embeddable":true,"href":"https:\/\/aromasentia.com\/es\/wp-json\/wp\/v2\/comments?post=245982"}],"version-history":[{"count":0,"href":"https:\/\/aromasentia.com\/es\/wp-json\/wp\/v2\/product\/245982\/revisions"}],"wp:featuredmedia":[{"embeddable":true,"href":"https:\/\/aromasentia.com\/es\/wp-json\/wp\/v2\/media\/432002"}],"wp:attachment":[{"href":"https:\/\/aromasentia.com\/es\/wp-json\/wp\/v2\/media?parent=245982"}],"wp:term":[{"taxonomy":"product_brand","embeddable":true,"href":"https:\/\/aromasentia.com\/es\/wp-json\/wp\/v2\/product_brand?post=245982"},{"taxonomy":"product_cat","embeddable":true,"href":"https:\/\/aromasentia.com\/es\/wp-json\/wp\/v2\/product_cat?post=245982"},{"taxonomy":"product_tag","embeddable":true,"href":"https:\/\/aromasentia.com\/es\/wp-json\/wp\/v2\/product_tag?post=245982"}],"curies":[{"name":"wp","href":"https:\/\/api.w.org\/{rel}","templated":true}]}}