{"id":245970,"date":"2025-03-23T11:44:00","date_gmt":"2025-03-23T11:44:00","guid":{"rendered":"https:\/\/aromasentia.com\/product\/merlins-favorite-earl-grey-1kg\/"},"modified":"2025-12-30T21:59:43","modified_gmt":"2025-12-30T21:59:43","slug":"merlins-favorite-earl-grey-1kg","status":"publish","type":"product","link":"https:\/\/aromasentia.com\/es\/merlins-favorite-earl-grey-1kg\/","title":{"rendered":"Merlin&#8217;s Favorite Earl Grey 1Kg"},"content":{"rendered":"<p><strong>T\u00e9 Negro Earl Grey Malva<\/strong><\/p>\n<p>Creada por primera vez para el primer ministro Charles Gray hace m\u00e1s de 180 a\u00f1os, esta mezcla \u00fanica y de sabor fresco se ha convertido en una de las favoritas del pa\u00eds. Para una experiencia completa de Earl Grey, nuestra variedad de hojas sueltas es la elecci\u00f3n perfecta. El t\u00e9 negro se usa para mejorar el estado de alerta mental, as\u00ed como las habilidades de aprendizaje, memoria y procesamiento de informaci\u00f3n.<\/p>\n<p><strong>MODO DE USO: <\/strong>2-3 gramos por 200 ml a temperatura 90&ordm;C-95&ordm;C durante 3 &#8211; 4 minutos en reposo. A\u00f1adir leche o bebida vegetal.<\/p>\n","protected":false},"excerpt":{"rendered":"<p>T\u00e9 Negro Earl Grey Malva Creada por primera vez para el primer ministro Charles Gray hace m\u00e1s de 180 a\u00f1os, esta mezcla \u00fanica y de sabor fresco se ha convertido en una de las favoritas del pa\u00eds. Para una experiencia completa de Earl Grey, nuestra variedad de hojas sueltas es la elecci\u00f3n perfecta. El t\u00e9 [&hellip;]<\/p>\n","protected":false},"featured_media":432144,"comment_status":"closed","ping_status":"open","template":"","meta":{"_angie_page":false},"product_brand":[],"product_cat":[25043],"product_tag":[],"class_list":{"0":"post-245970","1":"product","2":"type-product","3":"status-publish","4":"has-post-thumbnail","6":"product_cat-tes-e-infusiones","7":"pa_collection-artisan-tea-blends-1kg-es","8":"pa_made-in-china","10":"first","11":"instock","12":"purchasable","13":"product-type-simple"},"supplier_id":null,"supplier_sku":"ArTea-07","barcode":null,"atum_controlled":true,"out_stock_date":null,"out_stock_threshold":null,"inheritable":false,"inbound_stock":null,"stock_on_hold":0,"sold_today":0,"sales_last_days":0,"reserved_stock":null,"customer_returns":null,"warehouse_damage":null,"lost_in_post":null,"other_logs":null,"out_stock_days":21,"lost_sales":0,"has_location":null,"update_date":"2026-04-27T06:50:47","atum_locations":[],"atum_stock_status":"instock","restock_status":false,"low_stock_amount":"","sales_update_date":"2026-01-30T01:24:28","calc_backorders":null,"_links":{"self":[{"href":"https:\/\/aromasentia.com\/es\/wp-json\/wp\/v2\/product\/245970","targetHints":{"allow":["GET"]}}],"collection":[{"href":"https:\/\/aromasentia.com\/es\/wp-json\/wp\/v2\/product"}],"about":[{"href":"https:\/\/aromasentia.com\/es\/wp-json\/wp\/v2\/types\/product"}],"replies":[{"embeddable":true,"href":"https:\/\/aromasentia.com\/es\/wp-json\/wp\/v2\/comments?post=245970"}],"version-history":[{"count":0,"href":"https:\/\/aromasentia.com\/es\/wp-json\/wp\/v2\/product\/245970\/revisions"}],"wp:featuredmedia":[{"embeddable":true,"href":"https:\/\/aromasentia.com\/es\/wp-json\/wp\/v2\/media\/432144"}],"wp:attachment":[{"href":"https:\/\/aromasentia.com\/es\/wp-json\/wp\/v2\/media?parent=245970"}],"wp:term":[{"taxonomy":"product_brand","embeddable":true,"href":"https:\/\/aromasentia.com\/es\/wp-json\/wp\/v2\/product_brand?post=245970"},{"taxonomy":"product_cat","embeddable":true,"href":"https:\/\/aromasentia.com\/es\/wp-json\/wp\/v2\/product_cat?post=245970"},{"taxonomy":"product_tag","embeddable":true,"href":"https:\/\/aromasentia.com\/es\/wp-json\/wp\/v2\/product_tag?post=245970"}],"curies":[{"name":"wp","href":"https:\/\/api.w.org\/{rel}","templated":true}]}}