{"id":245949,"date":"2025-03-23T11:44:23","date_gmt":"2025-03-23T11:44:23","guid":{"rendered":"https:\/\/aromasentia.com\/product\/bio-classic-green-tea-with-lemon-and-ginger-1kg\/"},"modified":"2025-12-30T21:59:43","modified_gmt":"2025-12-30T21:59:43","slug":"classic-green-tea-with-lemon-and-ginger-1kg","status":"publish","type":"product","link":"https:\/\/aromasentia.com\/es\/classic-green-tea-with-lemon-and-ginger-1kg\/","title":{"rendered":"Classic Green Tea with Lemon and Ginger 1Kg"},"content":{"rendered":"<p><strong>Te verde Lim\u00f3n Ecol\u00f3gico<\/strong><\/p>\n<p>El t\u00e9 verde con lim\u00f3n es un remedio para tus ma\u00f1anas muy adecuado que muchos a\u00f1aden ya en su dieta. Es un complemento natural de vitaminas y antioxidantes que te ayudar\u00e1 a empezar el d\u00eda de una forma maravillosa.<br style=\"box-sizing: inherit; color: rgb(29, 28, 29); font-family: Slack-Lato, appleLogo, sans-serif; font-size: 15px; font-style: normal; font-variant-ligatures: common-ligatures; font-variant-caps: normal; font-weight: 400; letter-spacing: normal; orphans: 2; text-align: left; text-indent: 0px; text-transform: none; white-space: normal; widows: 2; word-spacing: 0px; -webkit-text-stroke-width: 0px; background-color: rgb(248, 248, 248); text-decoration-thickness: initial; text-decoration-style: initial; text-decoration-color: initial;\">De sabor intenso, aroma c\u00edtrico y un toque \u00e1cido, el t\u00e9 verde con lim\u00f3n es una de esas bebidas cuyos beneficios se perciben casi al instante: aporta bienestar, energ\u00eda y ese optimismo que necesitamos en nuestras ma\u00f1anas.<\/p>\n<p><strong>MODO DE USO:<\/strong><\/p>\n<p> 2-3 gramos por 200 ml a temperatura 70&ordm;C-80&ordm;C durante 3 -4 minutos en reposo.<\/p>\n","protected":false},"excerpt":{"rendered":"<p>Te verde Lim\u00f3n Ecol\u00f3gico El t\u00e9 verde con lim\u00f3n es un remedio para tus ma\u00f1anas muy adecuado que muchos a\u00f1aden ya en su dieta. Es un complemento natural de vitaminas y antioxidantes que te ayudar\u00e1 a empezar el d\u00eda de una forma maravillosa.De sabor intenso, aroma c\u00edtrico y un toque \u00e1cido, el t\u00e9 verde con [&hellip;]<\/p>\n","protected":false},"featured_media":432329,"comment_status":"closed","ping_status":"open","template":"","meta":{"_angie_page":false},"product_brand":[],"product_cat":[26718,25043],"product_tag":[],"class_list":{"0":"post-245949","1":"product","2":"type-product","3":"status-publish","4":"has-post-thumbnail","6":"product_cat-te-verde","7":"product_cat-tes-e-infusiones","8":"pa_collection-artisan-tea-blends-1kg-es","9":"pa_made-in-china","11":"first","12":"instock","13":"purchasable","14":"product-type-simple"},"supplier_id":null,"supplier_sku":"ArTea-16","barcode":null,"atum_controlled":true,"out_stock_date":null,"out_stock_threshold":null,"inheritable":false,"inbound_stock":null,"stock_on_hold":0,"sold_today":0,"sales_last_days":0,"reserved_stock":null,"customer_returns":null,"warehouse_damage":null,"lost_in_post":null,"other_logs":null,"out_stock_days":15,"lost_sales":0,"has_location":null,"update_date":"2026-04-27T06:50:56","atum_locations":[],"atum_stock_status":"instock","restock_status":false,"low_stock_amount":"","sales_update_date":"2026-01-30T01:24:44","calc_backorders":null,"_links":{"self":[{"href":"https:\/\/aromasentia.com\/es\/wp-json\/wp\/v2\/product\/245949","targetHints":{"allow":["GET"]}}],"collection":[{"href":"https:\/\/aromasentia.com\/es\/wp-json\/wp\/v2\/product"}],"about":[{"href":"https:\/\/aromasentia.com\/es\/wp-json\/wp\/v2\/types\/product"}],"replies":[{"embeddable":true,"href":"https:\/\/aromasentia.com\/es\/wp-json\/wp\/v2\/comments?post=245949"}],"version-history":[{"count":0,"href":"https:\/\/aromasentia.com\/es\/wp-json\/wp\/v2\/product\/245949\/revisions"}],"wp:featuredmedia":[{"embeddable":true,"href":"https:\/\/aromasentia.com\/es\/wp-json\/wp\/v2\/media\/432329"}],"wp:attachment":[{"href":"https:\/\/aromasentia.com\/es\/wp-json\/wp\/v2\/media?parent=245949"}],"wp:term":[{"taxonomy":"product_brand","embeddable":true,"href":"https:\/\/aromasentia.com\/es\/wp-json\/wp\/v2\/product_brand?post=245949"},{"taxonomy":"product_cat","embeddable":true,"href":"https:\/\/aromasentia.com\/es\/wp-json\/wp\/v2\/product_cat?post=245949"},{"taxonomy":"product_tag","embeddable":true,"href":"https:\/\/aromasentia.com\/es\/wp-json\/wp\/v2\/product_tag?post=245949"}],"curies":[{"name":"wp","href":"https:\/\/api.w.org\/{rel}","templated":true}]}}