{"id":245901,"date":"2025-03-23T11:45:20","date_gmt":"2025-03-23T11:45:20","guid":{"rendered":"https:\/\/aromasentia.com\/product\/50g-bio-classic-green-tea-with-lemon-and-ginger\/"},"modified":"2025-12-30T21:59:26","modified_gmt":"2025-12-30T21:59:26","slug":"50g-classic-green-tea-with-lemon-and-ginger","status":"publish","type":"product","link":"https:\/\/aromasentia.com\/es\/50g-classic-green-tea-with-lemon-and-ginger\/","title":{"rendered":"50g Classic Green Tea with Lemon and Ginger"},"content":{"rendered":"<p><strong>Te verde Lim\u00f3n Ecol\u00f3gico:<\/strong><\/p>\n<p>El t\u00e9 verde con lim\u00f3n es un remedio para tus ma\u00f1anas muy adecuado que muchos a\u00f1aden ya en su dieta. Es un complemento natural de vitaminas y antioxidantes que te ayudar\u00e1 a empezar el d\u00eda de una forma maravillosa. De sabor intenso, aroma c\u00edtrico y un toque \u00e1cido, el t\u00e9 verde con lim\u00f3n es una de esas bebidas cuyos beneficios se perciben casi al instante: aporta bienestar, energ\u00eda y ese optimismo que necesitamos en nuestras ma\u00f1anas.<\/p>\n<p><strong>MODO DE USO:<\/strong><\/p>\n<p>2-3 gramos por 200 ml a temperatura 70&ordm;C-80&ordm;C durante 3 -4 minutos en reposo.<\/p>\n","protected":false},"excerpt":{"rendered":"<p>Te verde Lim\u00f3n Ecol\u00f3gico: El t\u00e9 verde con lim\u00f3n es un remedio para tus ma\u00f1anas muy adecuado que muchos a\u00f1aden ya en su dieta. Es un complemento natural de vitaminas y antioxidantes que te ayudar\u00e1 a empezar el d\u00eda de una forma maravillosa. De sabor intenso, aroma c\u00edtrico y un toque \u00e1cido, el t\u00e9 verde [&hellip;]<\/p>\n","protected":false},"featured_media":432665,"comment_status":"closed","ping_status":"open","template":"","meta":{"_angie_page":false},"product_brand":[],"product_cat":[26718,25043],"product_tag":[],"class_list":{"0":"post-245901","1":"product","2":"type-product","3":"status-publish","4":"has-post-thumbnail","6":"product_cat-te-verde","7":"product_cat-tes-e-infusiones","8":"pa_collection-artisan-tea-blends-50g-es","9":"pa_made-in-china","10":"pa_size-50g","12":"first","13":"instock","14":"purchasable","15":"product-type-simple"},"supplier_id":null,"supplier_sku":"ArTeaP-16","barcode":null,"atum_controlled":true,"out_stock_date":null,"out_stock_threshold":null,"inheritable":false,"inbound_stock":null,"stock_on_hold":0,"sold_today":0,"sales_last_days":0,"reserved_stock":null,"customer_returns":null,"warehouse_damage":null,"lost_in_post":null,"other_logs":null,"out_stock_days":0,"lost_sales":0,"has_location":null,"update_date":"2026-05-08T05:03:47","atum_locations":[],"atum_stock_status":"instock","restock_status":false,"low_stock_amount":"","sales_update_date":"2025-10-09T03:23:39","calc_backorders":null,"_links":{"self":[{"href":"https:\/\/aromasentia.com\/es\/wp-json\/wp\/v2\/product\/245901","targetHints":{"allow":["GET"]}}],"collection":[{"href":"https:\/\/aromasentia.com\/es\/wp-json\/wp\/v2\/product"}],"about":[{"href":"https:\/\/aromasentia.com\/es\/wp-json\/wp\/v2\/types\/product"}],"replies":[{"embeddable":true,"href":"https:\/\/aromasentia.com\/es\/wp-json\/wp\/v2\/comments?post=245901"}],"version-history":[{"count":0,"href":"https:\/\/aromasentia.com\/es\/wp-json\/wp\/v2\/product\/245901\/revisions"}],"wp:featuredmedia":[{"embeddable":true,"href":"https:\/\/aromasentia.com\/es\/wp-json\/wp\/v2\/media\/432665"}],"wp:attachment":[{"href":"https:\/\/aromasentia.com\/es\/wp-json\/wp\/v2\/media?parent=245901"}],"wp:term":[{"taxonomy":"product_brand","embeddable":true,"href":"https:\/\/aromasentia.com\/es\/wp-json\/wp\/v2\/product_brand?post=245901"},{"taxonomy":"product_cat","embeddable":true,"href":"https:\/\/aromasentia.com\/es\/wp-json\/wp\/v2\/product_cat?post=245901"},{"taxonomy":"product_tag","embeddable":true,"href":"https:\/\/aromasentia.com\/es\/wp-json\/wp\/v2\/product_tag?post=245901"}],"curies":[{"name":"wp","href":"https:\/\/api.w.org\/{rel}","templated":true}]}}