{"id":245898,"date":"2025-03-23T11:45:20","date_gmt":"2025-03-23T11:45:20","guid":{"rendered":"https:\/\/aromasentia.com\/product\/50g-dark-brown-magic\/"},"modified":"2025-12-30T21:59:26","modified_gmt":"2025-12-30T21:59:26","slug":"50g-dark-brown-magic","status":"publish","type":"product","link":"https:\/\/aromasentia.com\/es\/50g-dark-brown-magic\/","title":{"rendered":"50g Dark Brown Magic"},"content":{"rendered":"<p style=\"text-align: justify;\"><strong>T<\/strong><strong>\u00e9 Negro Brownie<\/strong>:<\/p>\n<p style=\"text-align: justify;\">\u00bfTienes ganas de algo dulce pero no quieres pecar en tu dieta? El t\u00e9 negro es un sano energizante que activar\u00e1 tu cuerpo con esta deliciosa mezcla aromatizada. M\u00e9zclala con leche en las fr\u00edas tardes de invierno o para empezar el d\u00eda m\u00e1s feliz. \u00a1No te resistas a este sano y goloso capricho!<\/p>\n<p style=\"text-align: justify;\"><strong>MODO DE USO<\/strong>: &nbsp;<\/p>\n<p style=\"text-align: justify;\">2-3 gramos por 200 ml a temperatura 90&ordm;C-95&ordm;C durante 3 &#8211; 4 minutos en reposo. A\u00f1adir leche o bebida vegetal.<\/p>\n","protected":false},"excerpt":{"rendered":"<p>T\u00e9 Negro Brownie: \u00bfTienes ganas de algo dulce pero no quieres pecar en tu dieta? El t\u00e9 negro es un sano energizante que activar\u00e1 tu cuerpo con esta deliciosa mezcla aromatizada. M\u00e9zclala con leche en las fr\u00edas tardes de invierno o para empezar el d\u00eda m\u00e1s feliz. \u00a1No te resistas a este sano y goloso [&hellip;]<\/p>\n","protected":false},"featured_media":432648,"comment_status":"closed","ping_status":"open","template":"","meta":{"_angie_page":false},"product_brand":[],"product_cat":[25043],"product_tag":[],"class_list":{"0":"post-245898","1":"product","2":"type-product","3":"status-publish","4":"has-post-thumbnail","6":"product_cat-tes-e-infusiones","7":"pa_collection-artisan-tea-blends-50g-es","8":"pa_made-in-china","9":"pa_size-50g","11":"first","12":"instock","13":"purchasable","14":"product-type-simple"},"supplier_id":null,"supplier_sku":"ArTeaP-15","barcode":null,"atum_controlled":true,"out_stock_date":null,"out_stock_threshold":null,"inheritable":false,"inbound_stock":null,"stock_on_hold":0,"sold_today":0,"sales_last_days":0,"reserved_stock":null,"customer_returns":null,"warehouse_damage":null,"lost_in_post":null,"other_logs":null,"out_stock_days":0,"lost_sales":0,"has_location":null,"update_date":"2026-05-08T05:03:47","atum_locations":[],"atum_stock_status":"instock","restock_status":false,"low_stock_amount":"","sales_update_date":"2025-10-09T03:23:39","calc_backorders":null,"_links":{"self":[{"href":"https:\/\/aromasentia.com\/es\/wp-json\/wp\/v2\/product\/245898","targetHints":{"allow":["GET"]}}],"collection":[{"href":"https:\/\/aromasentia.com\/es\/wp-json\/wp\/v2\/product"}],"about":[{"href":"https:\/\/aromasentia.com\/es\/wp-json\/wp\/v2\/types\/product"}],"replies":[{"embeddable":true,"href":"https:\/\/aromasentia.com\/es\/wp-json\/wp\/v2\/comments?post=245898"}],"version-history":[{"count":0,"href":"https:\/\/aromasentia.com\/es\/wp-json\/wp\/v2\/product\/245898\/revisions"}],"wp:featuredmedia":[{"embeddable":true,"href":"https:\/\/aromasentia.com\/es\/wp-json\/wp\/v2\/media\/432648"}],"wp:attachment":[{"href":"https:\/\/aromasentia.com\/es\/wp-json\/wp\/v2\/media?parent=245898"}],"wp:term":[{"taxonomy":"product_brand","embeddable":true,"href":"https:\/\/aromasentia.com\/es\/wp-json\/wp\/v2\/product_brand?post=245898"},{"taxonomy":"product_cat","embeddable":true,"href":"https:\/\/aromasentia.com\/es\/wp-json\/wp\/v2\/product_cat?post=245898"},{"taxonomy":"product_tag","embeddable":true,"href":"https:\/\/aromasentia.com\/es\/wp-json\/wp\/v2\/product_tag?post=245898"}],"curies":[{"name":"wp","href":"https:\/\/api.w.org\/{rel}","templated":true}]}}