{"id":245856,"date":"2025-03-23T11:45:44","date_gmt":"2025-03-23T11:45:44","guid":{"rendered":"https:\/\/aromasentia.com\/product\/50g-organic-biodigest-rooibos\/"},"modified":"2025-12-30T21:59:18","modified_gmt":"2025-12-30T21:59:18","slug":"50g-rooibos-biodigesto","status":"publish","type":"product","link":"https:\/\/aromasentia.com\/es\/50g-rooibos-biodigesto\/","title":{"rendered":"50g Rooibos Biodigesto"},"content":{"rendered":"<p>Saborea una infusi\u00f3n naturalmente sin cafe\u00edna y relajante con Rooibos Biodigest ecol\u00f3gico en este pr\u00e1ctico envase de 50 g. Esta mezcla es conocida por sus beneficios digestivos y su sabor suave y terroso.<\/p>\n","protected":false},"excerpt":{"rendered":"<p>Saborea una infusi\u00f3n naturalmente sin cafe\u00edna y relajante con Rooibos Biodigest ecol\u00f3gico en este pr\u00e1ctico envase de 50 g. Esta mezcla es conocida por sus beneficios digestivos y su sabor suave y terroso.<\/p>\n","protected":false},"featured_media":432718,"comment_status":"closed","ping_status":"open","template":"","meta":{"_angie_page":false},"product_brand":[],"product_cat":[26722,25043],"product_tag":[],"class_list":{"0":"post-245856","1":"product","2":"type-product","3":"status-publish","4":"has-post-thumbnail","6":"product_cat-te-ecologico","7":"product_cat-tes-e-infusiones","8":"pa_collection-artisan-tea-blends-50g-es","9":"pa_made-in-sudafrica","10":"pa_size-50g","12":"first","13":"instock","14":"purchasable","15":"product-type-simple"},"supplier_id":null,"supplier_sku":"ArTeaP-22","barcode":null,"atum_controlled":true,"out_stock_date":null,"out_stock_threshold":null,"inheritable":false,"inbound_stock":null,"stock_on_hold":0,"sold_today":0,"sales_last_days":0,"reserved_stock":null,"customer_returns":null,"warehouse_damage":null,"lost_in_post":null,"other_logs":null,"out_stock_days":0,"lost_sales":0,"has_location":null,"update_date":"2026-04-27T06:51:02","atum_locations":[],"atum_stock_status":"instock","restock_status":false,"low_stock_amount":"","sales_update_date":"2026-02-06T00:01:56","calc_backorders":null,"_links":{"self":[{"href":"https:\/\/aromasentia.com\/es\/wp-json\/wp\/v2\/product\/245856","targetHints":{"allow":["GET"]}}],"collection":[{"href":"https:\/\/aromasentia.com\/es\/wp-json\/wp\/v2\/product"}],"about":[{"href":"https:\/\/aromasentia.com\/es\/wp-json\/wp\/v2\/types\/product"}],"replies":[{"embeddable":true,"href":"https:\/\/aromasentia.com\/es\/wp-json\/wp\/v2\/comments?post=245856"}],"version-history":[{"count":0,"href":"https:\/\/aromasentia.com\/es\/wp-json\/wp\/v2\/product\/245856\/revisions"}],"wp:featuredmedia":[{"embeddable":true,"href":"https:\/\/aromasentia.com\/es\/wp-json\/wp\/v2\/media\/432718"}],"wp:attachment":[{"href":"https:\/\/aromasentia.com\/es\/wp-json\/wp\/v2\/media?parent=245856"}],"wp:term":[{"taxonomy":"product_brand","embeddable":true,"href":"https:\/\/aromasentia.com\/es\/wp-json\/wp\/v2\/product_brand?post=245856"},{"taxonomy":"product_cat","embeddable":true,"href":"https:\/\/aromasentia.com\/es\/wp-json\/wp\/v2\/product_cat?post=245856"},{"taxonomy":"product_tag","embeddable":true,"href":"https:\/\/aromasentia.com\/es\/wp-json\/wp\/v2\/product_tag?post=245856"}],"curies":[{"name":"wp","href":"https:\/\/api.w.org\/{rel}","templated":true}]}}