{"id":245853,"date":"2025-03-23T11:45:44","date_gmt":"2025-03-23T11:45:44","guid":{"rendered":"https:\/\/aromasentia.com\/product\/50g-organic-chai-black-tea\/"},"modified":"2025-12-30T21:59:10","modified_gmt":"2025-12-30T21:59:10","slug":"50g-te-negro-chai","status":"publish","type":"product","link":"https:\/\/aromasentia.com\/es\/50g-te-negro-chai\/","title":{"rendered":"50g T\u00e9 Negro Chai"},"content":{"rendered":"<p>Disfrute de la arom\u00e1tica y especiada mezcla de T\u00e9 Negro Chai Ecol\u00f3gico en este pr\u00e1ctico envase de 50 g. Perfecto para preparar una deliciosa y c\u00e1lida taza de chai tradicional.<\/p>\n","protected":false},"excerpt":{"rendered":"<p>Disfrute de la arom\u00e1tica y especiada mezcla de T\u00e9 Negro Chai Ecol\u00f3gico en este pr\u00e1ctico envase de 50 g. Perfecto para preparar una deliciosa y c\u00e1lida taza de chai tradicional.<\/p>\n","protected":false},"featured_media":432709,"comment_status":"closed","ping_status":"open","template":"","meta":{"_angie_page":false},"product_brand":[],"product_cat":[26722,26717,25043],"product_tag":[],"class_list":{"0":"post-245853","1":"product","2":"type-product","3":"status-publish","4":"has-post-thumbnail","6":"product_cat-te-ecologico","7":"product_cat-te-negro","8":"product_cat-tes-e-infusiones","9":"pa_collection-artisan-tea-blends-50g-es","10":"pa_made-in-india","11":"pa_size-50g","13":"first","14":"instock","15":"purchasable","16":"product-type-simple"},"supplier_id":null,"supplier_sku":"ArTeaP-20","barcode":null,"atum_controlled":true,"out_stock_date":null,"out_stock_threshold":null,"inheritable":false,"inbound_stock":null,"stock_on_hold":0,"sold_today":0,"sales_last_days":0,"reserved_stock":null,"customer_returns":null,"warehouse_damage":null,"lost_in_post":null,"other_logs":null,"out_stock_days":0,"lost_sales":0,"has_location":null,"update_date":"2026-04-27T06:51:02","atum_locations":[],"atum_stock_status":"instock","restock_status":false,"low_stock_amount":"","sales_update_date":"2026-02-06T00:02:44","calc_backorders":null,"_links":{"self":[{"href":"https:\/\/aromasentia.com\/es\/wp-json\/wp\/v2\/product\/245853","targetHints":{"allow":["GET"]}}],"collection":[{"href":"https:\/\/aromasentia.com\/es\/wp-json\/wp\/v2\/product"}],"about":[{"href":"https:\/\/aromasentia.com\/es\/wp-json\/wp\/v2\/types\/product"}],"replies":[{"embeddable":true,"href":"https:\/\/aromasentia.com\/es\/wp-json\/wp\/v2\/comments?post=245853"}],"version-history":[{"count":0,"href":"https:\/\/aromasentia.com\/es\/wp-json\/wp\/v2\/product\/245853\/revisions"}],"wp:featuredmedia":[{"embeddable":true,"href":"https:\/\/aromasentia.com\/es\/wp-json\/wp\/v2\/media\/432709"}],"wp:attachment":[{"href":"https:\/\/aromasentia.com\/es\/wp-json\/wp\/v2\/media?parent=245853"}],"wp:term":[{"taxonomy":"product_brand","embeddable":true,"href":"https:\/\/aromasentia.com\/es\/wp-json\/wp\/v2\/product_brand?post=245853"},{"taxonomy":"product_cat","embeddable":true,"href":"https:\/\/aromasentia.com\/es\/wp-json\/wp\/v2\/product_cat?post=245853"},{"taxonomy":"product_tag","embeddable":true,"href":"https:\/\/aromasentia.com\/es\/wp-json\/wp\/v2\/product_tag?post=245853"}],"curies":[{"name":"wp","href":"https:\/\/api.w.org\/{rel}","templated":true}]}}