{"id":245805,"date":"2025-03-23T11:47:46","date_gmt":"2025-03-23T11:47:46","guid":{"rendered":"https:\/\/aromasentia.com\/product\/glass-infuser-teapot-tower-shape-350ml-2\/"},"modified":"2025-12-30T21:59:02","modified_gmt":"2025-12-30T21:59:02","slug":"tetera-de-vidrio-con-infusor-forma-torre-350ml","status":"publish","type":"product","link":"https:\/\/aromasentia.com\/es\/tetera-de-vidrio-con-infusor-forma-torre-350ml\/","title":{"rendered":"Tetera de vidrio con infusor &#8211; Forma Torre &#8211; 350ml"},"content":{"rendered":"<p>Prepare sus t\u00e9s favoritos de hojas sueltas con elegancia utilizando esta tetera infusora de cristal en forma de torre de 350 ml. Su elegante dise\u00f1o y su infusor incorporado la hacen perfecta para disfrutar de una sola raci\u00f3n de t\u00e9.<\/p>\n","protected":false},"excerpt":{"rendered":"<p>Prepare sus t\u00e9s favoritos de hojas sueltas con elegancia utilizando esta tetera infusora de cristal en forma de torre de 350 ml. Su elegante dise\u00f1o y su infusor incorporado la hacen perfecta para disfrutar de una sola raci\u00f3n de t\u00e9.<\/p>\n","protected":false},"featured_media":433517,"comment_status":"closed","ping_status":"open","template":"","meta":{"_angie_page":false},"product_brand":[],"product_cat":[25043,26724],"product_tag":[],"class_list":{"0":"post-245805","1":"product","2":"type-product","3":"status-publish","4":"has-post-thumbnail","6":"product_cat-tes-e-infusiones","7":"product_cat-teteras-y-tazas-de-te","8":"pa_collection-glass-infuser-teapot-es","9":"pa_made-in-china","11":"first","12":"instock","13":"purchasable","14":"product-type-simple"},"supplier_id":null,"supplier_sku":"GTeaP-06","barcode":null,"atum_controlled":true,"out_stock_date":null,"out_stock_threshold":null,"inheritable":false,"inbound_stock":null,"stock_on_hold":0,"sold_today":0,"sales_last_days":0,"reserved_stock":null,"customer_returns":null,"warehouse_damage":null,"lost_in_post":null,"other_logs":null,"out_stock_days":0,"lost_sales":0,"has_location":null,"update_date":"2026-04-29T06:54:08","atum_locations":[],"atum_stock_status":"instock","restock_status":false,"low_stock_amount":"","sales_update_date":"2026-01-30T01:24:45","calc_backorders":null,"_links":{"self":[{"href":"https:\/\/aromasentia.com\/es\/wp-json\/wp\/v2\/product\/245805","targetHints":{"allow":["GET"]}}],"collection":[{"href":"https:\/\/aromasentia.com\/es\/wp-json\/wp\/v2\/product"}],"about":[{"href":"https:\/\/aromasentia.com\/es\/wp-json\/wp\/v2\/types\/product"}],"replies":[{"embeddable":true,"href":"https:\/\/aromasentia.com\/es\/wp-json\/wp\/v2\/comments?post=245805"}],"version-history":[{"count":0,"href":"https:\/\/aromasentia.com\/es\/wp-json\/wp\/v2\/product\/245805\/revisions"}],"wp:featuredmedia":[{"embeddable":true,"href":"https:\/\/aromasentia.com\/es\/wp-json\/wp\/v2\/media\/433517"}],"wp:attachment":[{"href":"https:\/\/aromasentia.com\/es\/wp-json\/wp\/v2\/media?parent=245805"}],"wp:term":[{"taxonomy":"product_brand","embeddable":true,"href":"https:\/\/aromasentia.com\/es\/wp-json\/wp\/v2\/product_brand?post=245805"},{"taxonomy":"product_cat","embeddable":true,"href":"https:\/\/aromasentia.com\/es\/wp-json\/wp\/v2\/product_cat?post=245805"},{"taxonomy":"product_tag","embeddable":true,"href":"https:\/\/aromasentia.com\/es\/wp-json\/wp\/v2\/product_tag?post=245805"}],"curies":[{"name":"wp","href":"https:\/\/api.w.org\/{rel}","templated":true}]}}