{"id":245796,"date":"2025-03-23T11:47:46","date_gmt":"2025-03-23T11:47:46","guid":{"rendered":"https:\/\/aromasentia.com\/product\/glass-infuser-teapot-round-pearl-800ml-2\/"},"modified":"2025-12-30T21:59:02","modified_gmt":"2025-12-30T21:59:02","slug":"tetera-de-vidrio-con-infusor-perla-redonda-800ml","status":"publish","type":"product","link":"https:\/\/aromasentia.com\/es\/tetera-de-vidrio-con-infusor-perla-redonda-800ml\/","title":{"rendered":"Tetera de vidrio con infusor &#8211; Perla Redonda &#8211; 800ml"},"content":{"rendered":"<p>Una buena taza de t\u00e9 es uno de los placeres m\u00e1s sencillos de la vida, por lo que prepararlo deber\u00eda ser f\u00e1cil. Desde la relajante manzanilla hasta el revelador earl grey. Esta tetera es ideal para t\u00e9s de hoja grande&nbsp;<\/p>\n<p>Sus clientes podr\u00e1n deleitarse con su infusi\u00f3n favorita en cualquier momento del d\u00eda con la tetera de vidrio con infusor Ancient Wisdom. Esta tetera de vidrio es un complemento encantador para la mesa del desayuno o el servicio de t\u00e9 de la tarde. Como el t\u00e9 de hierbas y todo lo relacionado con \u00e9l est\u00e1n muy de moda, esta gama de juegos de teteras es f\u00e1cil de exponer en su tienda y un regalo perfecto, empaquetado en una bonita caja de presentaci\u00f3n, es el regalo perfecto para los aficionados al t\u00e9. &nbsp;<strong>*Por favor, aseg\u00farate de que la tapa est\u00e1 bien sujeta antes de servir.<\/strong><\/p>\n<p><em>Dise\u00f1os elegantes y modernos &#8211; Se recomienda lavar a mano &#8211; Caja de regalo y SIN BPA&nbsp;<\/em><\/p>\n<p><strong>As\u00ed que s\u00edrvete unas rebajas extra. Abastecerse hoy.<\/strong><\/p>\n<p><strong>Tama\u00f1o del producto: 16x12x11cm &nbsp;Peso: 500g&nbsp;<\/strong><\/p>\n<p><strong>Material: Vidrio<\/strong><\/p>\n","protected":false},"excerpt":{"rendered":"<p>Una buena taza de t\u00e9 es uno de los placeres m\u00e1s sencillos de la vida, por lo que prepararlo deber\u00eda ser f\u00e1cil. Desde la relajante manzanilla hasta el revelador earl grey. Esta tetera es ideal para t\u00e9s de hoja grande&nbsp; Sus clientes podr\u00e1n deleitarse con su infusi\u00f3n favorita en cualquier momento del d\u00eda con la [&hellip;]<\/p>\n","protected":false},"featured_media":433442,"comment_status":"closed","ping_status":"open","template":"","meta":{"_angie_page":false},"product_brand":[],"product_cat":[25043,26724],"product_tag":[],"class_list":{"0":"post-245796","1":"product","2":"type-product","3":"status-publish","4":"has-post-thumbnail","6":"product_cat-tes-e-infusiones","7":"product_cat-teteras-y-tazas-de-te","8":"pa_collection-glass-infuser-teapot-es","9":"pa_made-in-china","11":"first","12":"instock","13":"purchasable","14":"product-type-simple"},"supplier_id":null,"supplier_sku":"GTeaP-11","barcode":null,"atum_controlled":true,"out_stock_date":null,"out_stock_threshold":null,"inheritable":false,"inbound_stock":null,"stock_on_hold":0,"sold_today":0,"sales_last_days":0,"reserved_stock":null,"customer_returns":null,"warehouse_damage":null,"lost_in_post":null,"other_logs":null,"out_stock_days":0,"lost_sales":0,"has_location":null,"update_date":"2026-04-27T07:06:18","atum_locations":[],"atum_stock_status":"instock","restock_status":false,"low_stock_amount":"","sales_update_date":"2026-02-06T00:02:39","calc_backorders":null,"_links":{"self":[{"href":"https:\/\/aromasentia.com\/es\/wp-json\/wp\/v2\/product\/245796","targetHints":{"allow":["GET"]}}],"collection":[{"href":"https:\/\/aromasentia.com\/es\/wp-json\/wp\/v2\/product"}],"about":[{"href":"https:\/\/aromasentia.com\/es\/wp-json\/wp\/v2\/types\/product"}],"replies":[{"embeddable":true,"href":"https:\/\/aromasentia.com\/es\/wp-json\/wp\/v2\/comments?post=245796"}],"version-history":[{"count":0,"href":"https:\/\/aromasentia.com\/es\/wp-json\/wp\/v2\/product\/245796\/revisions"}],"wp:featuredmedia":[{"embeddable":true,"href":"https:\/\/aromasentia.com\/es\/wp-json\/wp\/v2\/media\/433442"}],"wp:attachment":[{"href":"https:\/\/aromasentia.com\/es\/wp-json\/wp\/v2\/media?parent=245796"}],"wp:term":[{"taxonomy":"product_brand","embeddable":true,"href":"https:\/\/aromasentia.com\/es\/wp-json\/wp\/v2\/product_brand?post=245796"},{"taxonomy":"product_cat","embeddable":true,"href":"https:\/\/aromasentia.com\/es\/wp-json\/wp\/v2\/product_cat?post=245796"},{"taxonomy":"product_tag","embeddable":true,"href":"https:\/\/aromasentia.com\/es\/wp-json\/wp\/v2\/product_tag?post=245796"}],"curies":[{"name":"wp","href":"https:\/\/api.w.org\/{rel}","templated":true}]}}