{"id":245787,"date":"2025-03-23T11:47:46","date_gmt":"2025-03-23T11:47:46","guid":{"rendered":"https:\/\/aromasentia.com\/product\/glass-infuser-teapot-contemporary-550ml\/"},"modified":"2025-12-30T21:58:54","modified_gmt":"2025-12-30T21:58:54","slug":"tetera-de-vidrio-contemporanea-550ml-en-caja-de-regalo","status":"publish","type":"product","link":"https:\/\/aromasentia.com\/es\/tetera-de-vidrio-contemporanea-550ml-en-caja-de-regalo\/","title":{"rendered":"Tetera de Vidrio &#8211; Contempor\u00e1nea &#8211; 550ml &#8211; En caja de Regalo"},"content":{"rendered":"<p>Una buena taza de t\u00e9 es uno de los placeres m\u00e1s sencillos de la vida, por lo que prepararlo deber\u00eda ser f\u00e1cil. Desde la relajante manzanilla hasta el revelador earl grey, estas elegantes teteras son adecuadas para cualquier t\u00e9 de hojas sueltas.<\/p>\n<p>Sus clientes podr\u00e1n disfrutar de su infusi\u00f3n favorita en cualquier momento del d\u00eda con la tetera de vidrio con infusor Ancient Wisdom. La tetera de vidrio ultra transparente con infusor de acero inoxidable, tambi\u00e9n incluye filtro de micro malla de acero inoxidable para t\u00e9s de hojas sueltas o t\u00e9s en flor. Esta tetera de vidrio es un complemento encantador para la mesa del desayuno o el servicio de t\u00e9 de la tarde. Como el t\u00e9 de hierbas y todo lo relacionado con \u00e9l est\u00e1 muy de moda, esta gama de juegos de teteras es f\u00e1cil de exponer en su tienda y un regalo perfecto, empaquetado en una bonita caja de presentaci\u00f3n, es el regalo perfecto para los aficionados al t\u00e9. <\/p>\n<p>Por favor, aseg\u00farese de que la tapa est\u00e1 bien sujeta antes de servir.<\/p>\n<p><strong>Dise\u00f1os elegantes y modernos &#8211; &nbsp;Infusor de acero inoxidable &#8211; Se recomienda lavar a mano &#8211; Caja de regalo y SIN BPA&nbsp;<\/strong><\/p>\n<p><strong>As\u00ed que s\u00edrvete unas rebajas extra. Abastecerse hoy.<\/strong><\/p>\n<p><strong>Tama\u00f1o del producto: 8.5x11cm &nbsp;Peso: 500g&nbsp;<\/strong><\/p>\n<p><strong>Material: Vidrio, Acero inoxidable<\/strong><\/p>\n","protected":false},"excerpt":{"rendered":"<p>Una buena taza de t\u00e9 es uno de los placeres m\u00e1s sencillos de la vida, por lo que prepararlo deber\u00eda ser f\u00e1cil. Desde la relajante manzanilla hasta el revelador earl grey, estas elegantes teteras son adecuadas para cualquier t\u00e9 de hojas sueltas. Sus clientes podr\u00e1n disfrutar de su infusi\u00f3n favorita en cualquier momento del d\u00eda [&hellip;]<\/p>\n","protected":false},"featured_media":433303,"comment_status":"closed","ping_status":"open","template":"","meta":{"_angie_page":false},"product_brand":[],"product_cat":[25043,26724],"product_tag":[],"class_list":{"0":"post-245787","1":"product","2":"type-product","3":"status-publish","4":"has-post-thumbnail","6":"product_cat-tes-e-infusiones","7":"product_cat-teteras-y-tazas-de-te","8":"pa_collection-glass-infuser-teapot-es","9":"pa_made-in-china","11":"first","12":"instock","13":"purchasable","14":"product-type-simple"},"supplier_id":null,"supplier_sku":"GTeaP-03","barcode":null,"atum_controlled":true,"out_stock_date":null,"out_stock_threshold":null,"inheritable":false,"inbound_stock":null,"stock_on_hold":0,"sold_today":0,"sales_last_days":0,"reserved_stock":null,"customer_returns":null,"warehouse_damage":null,"lost_in_post":null,"other_logs":null,"out_stock_days":0,"lost_sales":0,"has_location":null,"update_date":"2026-04-27T07:06:18","atum_locations":[],"atum_stock_status":"instock","restock_status":false,"low_stock_amount":"","sales_update_date":"2025-09-03T00:14:19","calc_backorders":null,"_links":{"self":[{"href":"https:\/\/aromasentia.com\/es\/wp-json\/wp\/v2\/product\/245787","targetHints":{"allow":["GET"]}}],"collection":[{"href":"https:\/\/aromasentia.com\/es\/wp-json\/wp\/v2\/product"}],"about":[{"href":"https:\/\/aromasentia.com\/es\/wp-json\/wp\/v2\/types\/product"}],"replies":[{"embeddable":true,"href":"https:\/\/aromasentia.com\/es\/wp-json\/wp\/v2\/comments?post=245787"}],"version-history":[{"count":0,"href":"https:\/\/aromasentia.com\/es\/wp-json\/wp\/v2\/product\/245787\/revisions"}],"wp:featuredmedia":[{"embeddable":true,"href":"https:\/\/aromasentia.com\/es\/wp-json\/wp\/v2\/media\/433303"}],"wp:attachment":[{"href":"https:\/\/aromasentia.com\/es\/wp-json\/wp\/v2\/media?parent=245787"}],"wp:term":[{"taxonomy":"product_brand","embeddable":true,"href":"https:\/\/aromasentia.com\/es\/wp-json\/wp\/v2\/product_brand?post=245787"},{"taxonomy":"product_cat","embeddable":true,"href":"https:\/\/aromasentia.com\/es\/wp-json\/wp\/v2\/product_cat?post=245787"},{"taxonomy":"product_tag","embeddable":true,"href":"https:\/\/aromasentia.com\/es\/wp-json\/wp\/v2\/product_tag?post=245787"}],"curies":[{"name":"wp","href":"https:\/\/api.w.org\/{rel}","templated":true}]}}