{"id":245781,"date":"2025-03-23T11:48:41","date_gmt":"2025-03-23T11:48:41","guid":{"rendered":"https:\/\/aromasentia.com\/product\/glass-infuser-teapot-with-steamer-system-charcoal-1000ml\/"},"modified":"2025-12-30T21:58:54","modified_gmt":"2025-12-30T21:58:54","slug":"tetera-de-vidrio-con-infusor-con-sistema-de-vapor-carbon-1000ml","status":"publish","type":"product","link":"https:\/\/aromasentia.com\/es\/tetera-de-vidrio-con-infusor-con-sistema-de-vapor-carbon-1000ml\/","title":{"rendered":"Tetera de vidrio con infusor &#8211; Con Sistema de Vapor Carb\u00f3n &#8211; 1000ml"},"content":{"rendered":"<p><strong>Tetera con infusor al por mayor: Infusor de t\u00e9 Instrucciones de funcionamiento:<\/strong> Llene la tetera: A\u00f1ade agua a la tetera, llen\u00e1ndola aproximadamente un tercio. A\u00f1ada el t\u00e9 suelto: Coloque el t\u00e9 suelto en la parte superior de la c\u00e1mara interior de la tetera. Aseg\u00farate de que las hojas de t\u00e9 se distribuyen uniformemente, pero no llenes demasiado.<\/p>\n<p><strong>Coloca la tetera sobre una placa caliente:<\/strong>Coloca la tetera sobre una placa caliente y enci\u00e9ndela. El objetivo es llevar el agua a ebullici\u00f3n.<\/p>\n<p><strong>Proceso de percolaci\u00f3n:<\/strong>A medida que el agua se calienta, se canalizar\u00e1 a trav\u00e9s del conducto de la c\u00e1mara interior, llev\u00e1ndola hasta el t\u00e9. El t\u00e9 comenzar\u00e1 a filtrarse hacia abajo, infundiendo el agua con sabor.<\/p>\n<p><strong>Refrescar el t\u00e9<\/strong>: Deje que el t\u00e9 se infusione durante el tiempo deseado (normalmente 3&ndash;5 minutos, dependiendo del tipo de t\u00e9).<\/p>\n<p><strong>Servir el t\u00e9:<\/strong> Una vez que el t\u00e9 se haya infusionado, retire la tetera de la placa caliente y sirva el t\u00e9. <\/p>\n<p><strong>Servir el t\u00e9<\/strong>.<\/p>\n","protected":false},"excerpt":{"rendered":"<p>Tetera con infusor al por mayor: Infusor de t\u00e9 Instrucciones de funcionamiento: Llene la tetera: A\u00f1ade agua a la tetera, llen\u00e1ndola aproximadamente un tercio. A\u00f1ada el t\u00e9 suelto: Coloque el t\u00e9 suelto en la parte superior de la c\u00e1mara interior de la tetera. Aseg\u00farate de que las hojas de t\u00e9 se distribuyen uniformemente, pero no [&hellip;]<\/p>\n","protected":false},"featured_media":433570,"comment_status":"closed","ping_status":"open","template":"","meta":{"_angie_page":false},"product_brand":[],"product_cat":[25043,26724],"product_tag":[],"class_list":{"0":"post-245781","1":"product","2":"type-product","3":"status-publish","4":"has-post-thumbnail","6":"product_cat-tes-e-infusiones","7":"product_cat-teteras-y-tazas-de-te","8":"pa_collection-glass-infuser-teapot-es","9":"pa_made-in-china","11":"first","12":"instock","13":"purchasable","14":"product-type-simple"},"supplier_id":null,"supplier_sku":"GTeaP-14","barcode":null,"atum_controlled":true,"out_stock_date":null,"out_stock_threshold":null,"inheritable":false,"inbound_stock":null,"stock_on_hold":0,"sold_today":0,"sales_last_days":0,"reserved_stock":null,"customer_returns":null,"warehouse_damage":null,"lost_in_post":null,"other_logs":null,"out_stock_days":0,"lost_sales":0,"has_location":null,"update_date":"2026-04-27T07:06:18","atum_locations":[],"atum_stock_status":"instock","restock_status":false,"low_stock_amount":"","sales_update_date":"2026-01-20T05:14:23","calc_backorders":null,"_links":{"self":[{"href":"https:\/\/aromasentia.com\/es\/wp-json\/wp\/v2\/product\/245781","targetHints":{"allow":["GET"]}}],"collection":[{"href":"https:\/\/aromasentia.com\/es\/wp-json\/wp\/v2\/product"}],"about":[{"href":"https:\/\/aromasentia.com\/es\/wp-json\/wp\/v2\/types\/product"}],"replies":[{"embeddable":true,"href":"https:\/\/aromasentia.com\/es\/wp-json\/wp\/v2\/comments?post=245781"}],"version-history":[{"count":0,"href":"https:\/\/aromasentia.com\/es\/wp-json\/wp\/v2\/product\/245781\/revisions"}],"wp:featuredmedia":[{"embeddable":true,"href":"https:\/\/aromasentia.com\/es\/wp-json\/wp\/v2\/media\/433570"}],"wp:attachment":[{"href":"https:\/\/aromasentia.com\/es\/wp-json\/wp\/v2\/media?parent=245781"}],"wp:term":[{"taxonomy":"product_brand","embeddable":true,"href":"https:\/\/aromasentia.com\/es\/wp-json\/wp\/v2\/product_brand?post=245781"},{"taxonomy":"product_cat","embeddable":true,"href":"https:\/\/aromasentia.com\/es\/wp-json\/wp\/v2\/product_cat?post=245781"},{"taxonomy":"product_tag","embeddable":true,"href":"https:\/\/aromasentia.com\/es\/wp-json\/wp\/v2\/product_tag?post=245781"}],"curies":[{"name":"wp","href":"https:\/\/api.w.org\/{rel}","templated":true}]}}