{"id":245775,"date":"2025-03-23T11:48:41","date_gmt":"2025-03-23T11:48:41","guid":{"rendered":"https:\/\/aromasentia.com\/product\/glass-infuser-teapot-flask-shape-950ml\/"},"modified":"2025-12-30T21:58:54","modified_gmt":"2025-12-30T21:58:54","slug":"tetera-de-vidrio-con-infusor-forma-frasco-950ml","status":"publish","type":"product","link":"https:\/\/aromasentia.com\/es\/tetera-de-vidrio-con-infusor-forma-frasco-950ml\/","title":{"rendered":"Tetera de vidrio con infusor &#8211; Forma Frasco &#8211; 950ml"},"content":{"rendered":"<p>Prepare y comparta sus t\u00e9s favoritos de hojas sueltas con esta tetera infusora de vidrio con forma de petaca de 950 ml. Su dise\u00f1o \u00fanico y el infusor incorporado la convierten en un elegante complemento para la hora del t\u00e9.<\/p>\n","protected":false},"excerpt":{"rendered":"<p>Prepare y comparta sus t\u00e9s favoritos de hojas sueltas con esta tetera infusora de vidrio con forma de petaca de 950 ml. Su dise\u00f1o \u00fanico y el infusor incorporado la convierten en un elegante complemento para la hora del t\u00e9.<\/p>\n","protected":false},"featured_media":433544,"comment_status":"closed","ping_status":"open","template":"","meta":{"_angie_page":false},"product_brand":[],"product_cat":[25043,26724],"product_tag":[],"class_list":{"0":"post-245775","1":"product","2":"type-product","3":"status-publish","4":"has-post-thumbnail","6":"product_cat-tes-e-infusiones","7":"product_cat-teteras-y-tazas-de-te","8":"pa_collection-glass-infuser-teapot-es","9":"pa_made-in-china","11":"first","12":"instock","13":"purchasable","14":"product-type-simple"},"supplier_id":null,"supplier_sku":"GTeaP-09","barcode":null,"atum_controlled":true,"out_stock_date":null,"out_stock_threshold":null,"inheritable":false,"inbound_stock":null,"stock_on_hold":0,"sold_today":0,"sales_last_days":0,"reserved_stock":null,"customer_returns":null,"warehouse_damage":null,"lost_in_post":null,"other_logs":null,"out_stock_days":0,"lost_sales":0,"has_location":null,"update_date":"2026-04-27T07:06:18","atum_locations":[],"atum_stock_status":"instock","restock_status":false,"low_stock_amount":"","sales_update_date":"2025-09-03T00:14:17","calc_backorders":null,"_links":{"self":[{"href":"https:\/\/aromasentia.com\/es\/wp-json\/wp\/v2\/product\/245775","targetHints":{"allow":["GET"]}}],"collection":[{"href":"https:\/\/aromasentia.com\/es\/wp-json\/wp\/v2\/product"}],"about":[{"href":"https:\/\/aromasentia.com\/es\/wp-json\/wp\/v2\/types\/product"}],"replies":[{"embeddable":true,"href":"https:\/\/aromasentia.com\/es\/wp-json\/wp\/v2\/comments?post=245775"}],"version-history":[{"count":0,"href":"https:\/\/aromasentia.com\/es\/wp-json\/wp\/v2\/product\/245775\/revisions"}],"wp:featuredmedia":[{"embeddable":true,"href":"https:\/\/aromasentia.com\/es\/wp-json\/wp\/v2\/media\/433544"}],"wp:attachment":[{"href":"https:\/\/aromasentia.com\/es\/wp-json\/wp\/v2\/media?parent=245775"}],"wp:term":[{"taxonomy":"product_brand","embeddable":true,"href":"https:\/\/aromasentia.com\/es\/wp-json\/wp\/v2\/product_brand?post=245775"},{"taxonomy":"product_cat","embeddable":true,"href":"https:\/\/aromasentia.com\/es\/wp-json\/wp\/v2\/product_cat?post=245775"},{"taxonomy":"product_tag","embeddable":true,"href":"https:\/\/aromasentia.com\/es\/wp-json\/wp\/v2\/product_tag?post=245775"}],"curies":[{"name":"wp","href":"https:\/\/api.w.org\/{rel}","templated":true}]}}