{"id":245748,"date":"2025-03-23T12:11:56","date_gmt":"2025-03-23T12:11:56","guid":{"rendered":"https:\/\/aromasentia.com\/product\/brown-tan-book-evil-eye-decor-160-deckle-edges-pages-17x12-5cm\/"},"modified":"2025-12-30T21:58:45","modified_gmt":"2025-12-30T21:58:45","slug":"cuaderno-marron-mal-de-ojo-200-pag","status":"publish","type":"product","link":"https:\/\/aromasentia.com\/es\/cuaderno-marron-mal-de-ojo-200-pag\/","title":{"rendered":"Cuaderno Marron &#8211; Mal de Ojo &#8211; 200 pag"},"content":{"rendered":"<p>Mant\u00e9n tus notas a salvo con esta libreta marr\u00f3n con un dise\u00f1o protector del Ojo del Mal. Con 160 p\u00e1ginas con bordes de baraja y un tama\u00f1o compacto de 17&#215;12,5 cm, es perfecto para escribir sobre la marcha o como recuerdo \u00fanico.<\/p>\n","protected":false},"excerpt":{"rendered":"<p>Mant\u00e9n tus notas a salvo con esta libreta marr\u00f3n con un dise\u00f1o protector del Ojo del Mal. Con 160 p\u00e1ginas con bordes de baraja y un tama\u00f1o compacto de 17&#215;12,5 cm, es perfecto para escribir sobre la marcha o como recuerdo \u00fanico.<\/p>\n","protected":false},"featured_media":439529,"comment_status":"closed","ping_status":"open","template":"","meta":{"_angie_page":false},"product_brand":[],"product_cat":[14065,14066],"product_tag":[],"class_list":{"0":"post-245748","1":"product","2":"type-product","3":"status-publish","4":"has-post-thumbnail","6":"product_cat-cuadernos-y-diario","7":"product_cat-regalos-vintage-y-souvenir","8":"pa_collection-leather-notebooks-diaries-es","9":"pa_made-in-india","11":"first","12":"outofstock","13":"purchasable","14":"product-type-simple"},"supplier_id":null,"supplier_sku":"LBN-42","barcode":null,"atum_controlled":true,"out_stock_date":"2026-05-04 00:03:25","out_stock_threshold":null,"inheritable":false,"inbound_stock":null,"stock_on_hold":0,"sold_today":0,"sales_last_days":0,"reserved_stock":null,"customer_returns":null,"warehouse_damage":null,"lost_in_post":null,"other_logs":null,"out_stock_days":0,"lost_sales":0,"has_location":null,"update_date":"2026-05-04T00:03:57","atum_locations":[],"atum_stock_status":"outofstock","restock_status":false,"low_stock_amount":"","sales_update_date":"2026-02-06T00:01:43","calc_backorders":null,"_links":{"self":[{"href":"https:\/\/aromasentia.com\/es\/wp-json\/wp\/v2\/product\/245748","targetHints":{"allow":["GET"]}}],"collection":[{"href":"https:\/\/aromasentia.com\/es\/wp-json\/wp\/v2\/product"}],"about":[{"href":"https:\/\/aromasentia.com\/es\/wp-json\/wp\/v2\/types\/product"}],"replies":[{"embeddable":true,"href":"https:\/\/aromasentia.com\/es\/wp-json\/wp\/v2\/comments?post=245748"}],"version-history":[{"count":0,"href":"https:\/\/aromasentia.com\/es\/wp-json\/wp\/v2\/product\/245748\/revisions"}],"wp:featuredmedia":[{"embeddable":true,"href":"https:\/\/aromasentia.com\/es\/wp-json\/wp\/v2\/media\/439529"}],"wp:attachment":[{"href":"https:\/\/aromasentia.com\/es\/wp-json\/wp\/v2\/media?parent=245748"}],"wp:term":[{"taxonomy":"product_brand","embeddable":true,"href":"https:\/\/aromasentia.com\/es\/wp-json\/wp\/v2\/product_brand?post=245748"},{"taxonomy":"product_cat","embeddable":true,"href":"https:\/\/aromasentia.com\/es\/wp-json\/wp\/v2\/product_cat?post=245748"},{"taxonomy":"product_tag","embeddable":true,"href":"https:\/\/aromasentia.com\/es\/wp-json\/wp\/v2\/product_tag?post=245748"}],"curies":[{"name":"wp","href":"https:\/\/api.w.org\/{rel}","templated":true}]}}