{"id":245676,"date":"2025-03-23T12:13:23","date_gmt":"2025-03-23T12:13:23","guid":{"rendered":"https:\/\/aromasentia.com\/product\/black-tan-daily-note-book-100-lined-pages-18x13cm\/"},"modified":"2025-12-30T21:58:28","modified_gmt":"2025-12-30T21:58:28","slug":"cuaderno-de-notas-marron-con-lineas","status":"publish","type":"product","link":"https:\/\/aromasentia.com\/es\/cuaderno-de-notas-marron-con-lineas\/","title":{"rendered":"Cuaderno de Notas &#8211; Marron  con L\u00edneas"},"content":{"rendered":"<p><strong>Informaci\u00f3n de producto:<\/strong><\/p>\n<p>Medidas: 18&#215;13 cm<\/p>\n<p>Cuenta con 100 p\u00e1ginas&nbsp;<\/p>\n<p>P\u00e1ginas con l\u00edneas<\/p>\n","protected":false},"excerpt":{"rendered":"<p>Informaci\u00f3n de producto: Medidas: 18&#215;13 cm Cuenta con 100 p\u00e1ginas&nbsp; P\u00e1ginas con l\u00edneas<\/p>\n","protected":false},"featured_media":439655,"comment_status":"closed","ping_status":"open","template":"","meta":{"_angie_page":false},"product_brand":[],"product_cat":[14065,14066],"product_tag":[],"class_list":{"0":"post-245676","1":"product","2":"type-product","3":"status-publish","4":"has-post-thumbnail","6":"product_cat-cuadernos-y-diario","7":"product_cat-regalos-vintage-y-souvenir","8":"pa_collection-leather-notebooks-diaries-es","9":"pa_made-in-india","11":"first","12":"instock","13":"purchasable","14":"product-type-simple"},"supplier_id":null,"supplier_sku":"LBN-48","barcode":null,"atum_controlled":true,"out_stock_date":null,"out_stock_threshold":null,"inheritable":false,"inbound_stock":null,"stock_on_hold":0,"sold_today":0,"sales_last_days":0,"reserved_stock":null,"customer_returns":null,"warehouse_damage":null,"lost_in_post":null,"other_logs":null,"out_stock_days":0,"lost_sales":0,"has_location":null,"update_date":"2026-04-27T07:10:50","atum_locations":[],"atum_stock_status":"instock","restock_status":false,"low_stock_amount":"","sales_update_date":"2026-02-06T00:02:28","calc_backorders":null,"_links":{"self":[{"href":"https:\/\/aromasentia.com\/es\/wp-json\/wp\/v2\/product\/245676","targetHints":{"allow":["GET"]}}],"collection":[{"href":"https:\/\/aromasentia.com\/es\/wp-json\/wp\/v2\/product"}],"about":[{"href":"https:\/\/aromasentia.com\/es\/wp-json\/wp\/v2\/types\/product"}],"replies":[{"embeddable":true,"href":"https:\/\/aromasentia.com\/es\/wp-json\/wp\/v2\/comments?post=245676"}],"version-history":[{"count":0,"href":"https:\/\/aromasentia.com\/es\/wp-json\/wp\/v2\/product\/245676\/revisions"}],"wp:featuredmedia":[{"embeddable":true,"href":"https:\/\/aromasentia.com\/es\/wp-json\/wp\/v2\/media\/439655"}],"wp:attachment":[{"href":"https:\/\/aromasentia.com\/es\/wp-json\/wp\/v2\/media?parent=245676"}],"wp:term":[{"taxonomy":"product_brand","embeddable":true,"href":"https:\/\/aromasentia.com\/es\/wp-json\/wp\/v2\/product_brand?post=245676"},{"taxonomy":"product_cat","embeddable":true,"href":"https:\/\/aromasentia.com\/es\/wp-json\/wp\/v2\/product_cat?post=245676"},{"taxonomy":"product_tag","embeddable":true,"href":"https:\/\/aromasentia.com\/es\/wp-json\/wp\/v2\/product_tag?post=245676"}],"curies":[{"name":"wp","href":"https:\/\/api.w.org\/{rel}","templated":true}]}}