{"id":245637,"date":"2025-03-23T12:14:33","date_gmt":"2025-03-23T12:14:33","guid":{"rendered":"https:\/\/aromasentia.com\/product\/v-large-money-cat\/"},"modified":"2025-12-30T21:58:12","modified_gmt":"2025-12-30T21:58:12","slug":"gato-de-dinero-extra-grande","status":"publish","type":"product","link":"https:\/\/aromasentia.com\/es\/gato-de-dinero-extra-grande\/","title":{"rendered":"Gato de dinero &#8211; extra grande"},"content":{"rendered":"<p>Funcionan con una o dos bater\u00edas AA y AAA (no incluidas).<\/p>\n<p>Tenga en cuenta que: el compartimiento de la bater\u00eda no tiene una tapa y tampoco tiene un bot\u00f3n de encendido \/ apagado, ya que est\u00e1 dise\u00f1ado para agitarse constantemente.<\/p>\n","protected":false},"excerpt":{"rendered":"<p>Funcionan con una o dos bater\u00edas AA y AAA (no incluidas). Tenga en cuenta que: el compartimiento de la bater\u00eda no tiene una tapa y tampoco tiene un bot\u00f3n de encendido \/ apagado, ya que est\u00e1 dise\u00f1ado para agitarse constantemente.<\/p>\n","protected":false},"featured_media":439981,"comment_status":"closed","ping_status":"open","template":"","meta":[],"product_brand":[],"product_cat":[14412,14066],"product_tag":[],"class_list":{"0":"post-245637","1":"product","2":"type-product","3":"status-publish","4":"has-post-thumbnail","6":"product_cat-feng-shui-y-coleccion-tibetana","7":"product_cat-regalos-vintage-y-souvenir","8":"pa_collection-lucky-waving-chinese-cat-es","9":"pa_made-in-china","11":"first","12":"instock","13":"purchasable","14":"product-type-simple"},"supplier_id":null,"supplier_sku":"MCAT-04","barcode":null,"atum_controlled":true,"out_stock_date":null,"out_stock_threshold":null,"inheritable":false,"inbound_stock":null,"stock_on_hold":0,"sold_today":0,"sales_last_days":0,"reserved_stock":null,"customer_returns":null,"warehouse_damage":null,"lost_in_post":null,"other_logs":null,"out_stock_days":0,"lost_sales":0,"has_location":null,"update_date":"2026-01-27T12:52:24","atum_locations":[],"atum_stock_status":"instock","restock_status":false,"low_stock_amount":"","sales_update_date":"2025-09-03T00:25:48","calc_backorders":null,"_links":{"self":[{"href":"https:\/\/aromasentia.com\/es\/wp-json\/wp\/v2\/product\/245637","targetHints":{"allow":["GET"]}}],"collection":[{"href":"https:\/\/aromasentia.com\/es\/wp-json\/wp\/v2\/product"}],"about":[{"href":"https:\/\/aromasentia.com\/es\/wp-json\/wp\/v2\/types\/product"}],"replies":[{"embeddable":true,"href":"https:\/\/aromasentia.com\/es\/wp-json\/wp\/v2\/comments?post=245637"}],"version-history":[{"count":0,"href":"https:\/\/aromasentia.com\/es\/wp-json\/wp\/v2\/product\/245637\/revisions"}],"wp:featuredmedia":[{"embeddable":true,"href":"https:\/\/aromasentia.com\/es\/wp-json\/wp\/v2\/media\/439981"}],"wp:attachment":[{"href":"https:\/\/aromasentia.com\/es\/wp-json\/wp\/v2\/media?parent=245637"}],"wp:term":[{"taxonomy":"product_brand","embeddable":true,"href":"https:\/\/aromasentia.com\/es\/wp-json\/wp\/v2\/product_brand?post=245637"},{"taxonomy":"product_cat","embeddable":true,"href":"https:\/\/aromasentia.com\/es\/wp-json\/wp\/v2\/product_cat?post=245637"},{"taxonomy":"product_tag","embeddable":true,"href":"https:\/\/aromasentia.com\/es\/wp-json\/wp\/v2\/product_tag?post=245637"}],"curies":[{"name":"wp","href":"https:\/\/api.w.org\/{rel}","templated":true}]}}