{"id":245610,"date":"2025-03-23T12:15:38","date_gmt":"2025-03-23T12:15:38","guid":{"rendered":"https:\/\/aromasentia.com\/product\/mango-carved-tea-box-12-compartments-30x23x10cm\/"},"modified":"2025-12-30T21:58:03","modified_gmt":"2025-12-30T21:58:03","slug":"caja-de-madera-para-el-te-12-compartimentos-30x23x10cm","status":"publish","type":"product","link":"https:\/\/aromasentia.com\/es\/caja-de-madera-para-el-te-12-compartimentos-30x23x10cm\/","title":{"rendered":"Caja de Madera para el t\u00e9 &#8211; ( 12 compartimentos) 30x23x10cm"},"content":{"rendered":"<p>Las cajas de t\u00e9 hechas a mano tienen una gran demanda entre los clientes que valoran los productos artesanales y exclusivos.&nbsp;<\/p>\n<p>Al revender las cajas de <strong>madera de mango<\/strong> de<strong><span style=\"color: rgb(147, 101, 184);\">&nbsp;Aroma Sentia Espa\u00f1a<\/span><\/strong> satisfaces la demandad de clientes que buscan art\u00edculos de calidad para regalar o para mejorar su experiencia con el t\u00e9. Son ideales para tiendas de regalos, bienestar y decoraci\u00f3n.<\/p>\n<p><strong>Medidas del producto: 30x23x10 cm<\/strong><\/p>\n<p>En <span style=\"color: rgb(147, 101, 184);\">Aroma Sentia Espa\u00f1a<\/span>, tenemos disponibles en tres tama\u00f1os &ndash; peque\u00f1o (4 compartimentos), mediano (6 compartimentos), y grande (12 compartimentos) &ndash; cada caja est\u00e1 elaborada con materiales de alta calidad, garantizando durabilidad y belleza en cada detalle.<\/p>\n<p><strong>\u00a1No dudes en revender t\u00e9 artesanal o teteras para complementar la experiencia del t\u00e9 de tus clientes! \u2b07\ufe0f<\/strong><\/p>\n","protected":false},"excerpt":{"rendered":"<p>Las cajas de t\u00e9 hechas a mano tienen una gran demanda entre los clientes que valoran los productos artesanales y exclusivos.&nbsp; Al revender las cajas de madera de mango de&nbsp;Aroma Sentia Espa\u00f1a satisfaces la demandad de clientes que buscan art\u00edculos de calidad para regalar o para mejorar su experiencia con el t\u00e9. Son ideales para [&hellip;]<\/p>\n","protected":false},"featured_media":440861,"comment_status":"closed","ping_status":"open","template":"","meta":[],"product_brand":[],"product_cat":[14148,14147,25043],"product_tag":[],"class_list":{"0":"post-245610","1":"product","2":"type-product","3":"status-publish","4":"has-post-thumbnail","6":"product_cat-cajas-de-madera","7":"product_cat-cajas-de-regalo-y-embalajes","8":"product_cat-tes-e-infusiones","9":"pa_collection-hand-carved-mango-wood-tea-boxes-es","10":"pa_made-in-india","12":"first","13":"instock","14":"purchasable","15":"product-type-simple"},"supplier_id":null,"supplier_sku":"TeaBx-03","barcode":null,"atum_controlled":true,"out_stock_date":null,"out_stock_threshold":null,"inheritable":false,"inbound_stock":null,"stock_on_hold":0,"sold_today":0,"sales_last_days":0,"reserved_stock":null,"customer_returns":null,"warehouse_damage":null,"lost_in_post":null,"other_logs":null,"out_stock_days":0,"lost_sales":0,"has_location":null,"update_date":"2026-01-30T14:34:44","atum_locations":[],"atum_stock_status":"instock","restock_status":false,"low_stock_amount":"","sales_update_date":"2025-09-03T00:25:42","calc_backorders":null,"_links":{"self":[{"href":"https:\/\/aromasentia.com\/es\/wp-json\/wp\/v2\/product\/245610","targetHints":{"allow":["GET"]}}],"collection":[{"href":"https:\/\/aromasentia.com\/es\/wp-json\/wp\/v2\/product"}],"about":[{"href":"https:\/\/aromasentia.com\/es\/wp-json\/wp\/v2\/types\/product"}],"replies":[{"embeddable":true,"href":"https:\/\/aromasentia.com\/es\/wp-json\/wp\/v2\/comments?post=245610"}],"version-history":[{"count":0,"href":"https:\/\/aromasentia.com\/es\/wp-json\/wp\/v2\/product\/245610\/revisions"}],"wp:featuredmedia":[{"embeddable":true,"href":"https:\/\/aromasentia.com\/es\/wp-json\/wp\/v2\/media\/440861"}],"wp:attachment":[{"href":"https:\/\/aromasentia.com\/es\/wp-json\/wp\/v2\/media?parent=245610"}],"wp:term":[{"taxonomy":"product_brand","embeddable":true,"href":"https:\/\/aromasentia.com\/es\/wp-json\/wp\/v2\/product_brand?post=245610"},{"taxonomy":"product_cat","embeddable":true,"href":"https:\/\/aromasentia.com\/es\/wp-json\/wp\/v2\/product_cat?post=245610"},{"taxonomy":"product_tag","embeddable":true,"href":"https:\/\/aromasentia.com\/es\/wp-json\/wp\/v2\/product_tag?post=245610"}],"curies":[{"name":"wp","href":"https:\/\/api.w.org\/{rel}","templated":true}]}}