{"id":245604,"date":"2025-03-23T12:15:38","date_gmt":"2025-03-23T12:15:38","guid":{"rendered":"https:\/\/aromasentia.com\/product\/mango-carved-tea-box-4-compartments-15x15x8cm\/"},"modified":"2025-12-30T21:58:03","modified_gmt":"2025-12-30T21:58:03","slug":"caja-de-madera-para-el-te-4-compartimentos-15x15x8cm","status":"publish","type":"product","link":"https:\/\/aromasentia.com\/es\/caja-de-madera-para-el-te-4-compartimentos-15x15x8cm\/","title":{"rendered":"Caja de Madera para el t\u00e9 (4 compartimentos)- 15x15x8cm"},"content":{"rendered":"<p>Revende calidad, elegancia y funcionalidad para tu tienda con las cajas de t\u00e9 hechas a mano de <strong><span style=\"color: rgb(147, 101, 184);\">Aroma Sentia Espa\u00f1a.<\/span><\/strong>&nbsp;<\/p>\n<p>Producto artesanal: &nbsp;cada caja es \u00fanica, elaborada con esmero y dedicaci\u00f3n por nuestros artesanos de India, lo que las convierte en un art\u00edculo de alto valor para los amantes del t\u00e9 y los productos artesanales.<\/p>\n<p>Medidas del producto: 15x15x8cm<\/p>\n<p>En <strong><span style=\"color: rgb(147, 101, 184);\">Aroma Sentia Espa\u00f1a<\/span><\/strong>, tenemos disponibles en tres tama\u00f1os &ndash; peque\u00f1o (4 compartimentos), mediano (6 compartimentos), y grande (12 compartimentos) &ndash; cada caja est\u00e1 elaborada con materiales de alta calidad, garantizando durabilidad y belleza en cada detalle.<\/p>\n<p>:Al elegir nuestras las cajas de t\u00e9, tus clientes no solo estar\u00e1n adquiriendo un producto funcional, sino tambi\u00e9n un producto que es muy est\u00e9tico para colocar en su rinc\u00f3n de t\u00e9.&nbsp;<\/p>\n<p><strong>No dudes en \u00a1combinar estas cajas con t\u00e9s artesanales o accesorios de t\u00e9!<\/strong><\/p>\n","protected":false},"excerpt":{"rendered":"<p>Revende calidad, elegancia y funcionalidad para tu tienda con las cajas de t\u00e9 hechas a mano de Aroma Sentia Espa\u00f1a.&nbsp; Producto artesanal: &nbsp;cada caja es \u00fanica, elaborada con esmero y dedicaci\u00f3n por nuestros artesanos de India, lo que las convierte en un art\u00edculo de alto valor para los amantes del t\u00e9 y los productos artesanales. [&hellip;]<\/p>\n","protected":false},"featured_media":667957,"comment_status":"closed","ping_status":"open","template":"","meta":[],"product_brand":[],"product_cat":[14148,14147],"product_tag":[],"class_list":{"0":"post-245604","1":"product","2":"type-product","3":"status-publish","4":"has-post-thumbnail","6":"product_cat-cajas-de-madera","7":"product_cat-cajas-de-regalo-y-embalajes","8":"pa_collection-hand-carved-mango-wood-tea-boxes-es","9":"pa_made-in-india","11":"first","12":"instock","13":"purchasable","14":"product-type-simple"},"supplier_id":null,"supplier_sku":"TeaBx-01","barcode":null,"atum_controlled":true,"out_stock_date":null,"out_stock_threshold":null,"inheritable":false,"inbound_stock":null,"stock_on_hold":0,"sold_today":0,"sales_last_days":0,"reserved_stock":null,"customer_returns":null,"warehouse_damage":null,"lost_in_post":null,"other_logs":null,"out_stock_days":0,"lost_sales":0,"has_location":null,"update_date":"2026-02-10T10:24:00","atum_locations":[],"atum_stock_status":"instock","restock_status":false,"low_stock_amount":"","sales_update_date":"2026-01-20T05:14:12","calc_backorders":null,"_links":{"self":[{"href":"https:\/\/aromasentia.com\/es\/wp-json\/wp\/v2\/product\/245604","targetHints":{"allow":["GET"]}}],"collection":[{"href":"https:\/\/aromasentia.com\/es\/wp-json\/wp\/v2\/product"}],"about":[{"href":"https:\/\/aromasentia.com\/es\/wp-json\/wp\/v2\/types\/product"}],"replies":[{"embeddable":true,"href":"https:\/\/aromasentia.com\/es\/wp-json\/wp\/v2\/comments?post=245604"}],"version-history":[{"count":0,"href":"https:\/\/aromasentia.com\/es\/wp-json\/wp\/v2\/product\/245604\/revisions"}],"wp:featuredmedia":[{"embeddable":true,"href":"https:\/\/aromasentia.com\/es\/wp-json\/wp\/v2\/media\/667957"}],"wp:attachment":[{"href":"https:\/\/aromasentia.com\/es\/wp-json\/wp\/v2\/media?parent=245604"}],"wp:term":[{"taxonomy":"product_brand","embeddable":true,"href":"https:\/\/aromasentia.com\/es\/wp-json\/wp\/v2\/product_brand?post=245604"},{"taxonomy":"product_cat","embeddable":true,"href":"https:\/\/aromasentia.com\/es\/wp-json\/wp\/v2\/product_cat?post=245604"},{"taxonomy":"product_tag","embeddable":true,"href":"https:\/\/aromasentia.com\/es\/wp-json\/wp\/v2\/product_tag?post=245604"}],"curies":[{"name":"wp","href":"https:\/\/api.w.org\/{rel}","templated":true}]}}