{"id":245520,"date":"2025-03-23T12:20:17","date_gmt":"2025-03-23T12:20:17","guid":{"rendered":"https:\/\/aromasentia.com\/product\/small-notebook-with-strap-cosmic-goddess\/"},"modified":"2025-12-30T21:57:39","modified_gmt":"2025-12-30T21:57:39","slug":"cuaderno-pequeno-con-elastico-diosa-cosmica","status":"publish","type":"product","link":"https:\/\/aromasentia.com\/es\/cuaderno-pequeno-con-elastico-diosa-cosmica\/","title":{"rendered":"Cuaderno peque\u00f1o con el\u00e1stico &#8211; Diosa C\u00f3smica"},"content":{"rendered":"<p>\u00a1Revenda estos cuadernos artesanales de<strong>&nbsp;cuero vegetal<\/strong>!<\/p>\n<p><strong>Producto : *Sin cromo *Sin plomo *Ecol\u00f3gico *Hecho a mano<\/strong><\/p>\n<p><strong>\u00bfQu\u00e9 representa este dibujo?&nbsp;<\/strong><\/p>\n<p>La Diosa C\u00f3smica representa la generadora de vida, naturaleza, agua, fertilidad y cultura; siendo generalmente la generosa personificaci\u00f3n de la Tierra. Popularmente es conocida por ofrecer equilibrio al universo.<\/p>\n<p><u>Detalles del producto:<\/u><\/p>\n<ul style=\"padding: 0px; color: rgb(114, 114, 114); font-family: Raleway, sans-serif; font-size: 15px; font-style: normal; font-variant-ligatures: normal; font-variant-caps: normal; font-weight: 400; letter-spacing: normal; orphans: 2; text-align: start; text-indent: 0px; text-transform: none; white-space: normal; widows: 2; word-spacing: 0px; -webkit-text-stroke-width: 0px; text-decoration-thickness: initial; text-decoration-style: initial; text-decoration-color: initial; background-color: rgb(255, 255, 255);\">\n<li>El producto est\u00e1n en 2 tama\u00f1os disponibles: peque\u00f1o y mediano&nbsp;<\/li>\n<li>Cuentan con una banda el\u00e1stica para mantenerlos cerrados.&nbsp;<\/li>\n<li>Las hojas son sin l\u00edneas para que tus clientes puedan escribir o dibujar.&nbsp;<\/li>\n<\/ul>\n<p>&nbsp;<\/p>\n","protected":false},"excerpt":{"rendered":"<p>\u00a1Revenda estos cuadernos artesanales de&nbsp;cuero vegetal! Producto : *Sin cromo *Sin plomo *Ecol\u00f3gico *Hecho a mano \u00bfQu\u00e9 representa este dibujo?&nbsp; La Diosa C\u00f3smica representa la generadora de vida, naturaleza, agua, fertilidad y cultura; siendo generalmente la generosa personificaci\u00f3n de la Tierra. Popularmente es conocida por ofrecer equilibrio al universo. Detalles del producto: El producto est\u00e1n [&hellip;]<\/p>\n","protected":false},"featured_media":668111,"comment_status":"closed","ping_status":"open","template":"","meta":[],"product_brand":[],"product_cat":[14065,14066],"product_tag":[],"class_list":{"0":"post-245520","1":"product","2":"type-product","3":"status-publish","4":"has-post-thumbnail","6":"product_cat-cuadernos-y-diario","7":"product_cat-regalos-vintage-y-souvenir","8":"pa_collection-vegetable-tanned-leather-notebooks-es","9":"pa_made-in-india","11":"first","12":"instock","13":"purchasable","14":"product-type-simple"},"supplier_id":null,"supplier_sku":"VNB-05","barcode":null,"atum_controlled":true,"out_stock_date":null,"out_stock_threshold":null,"inheritable":false,"inbound_stock":null,"stock_on_hold":0,"sold_today":0,"sales_last_days":0,"reserved_stock":null,"customer_returns":null,"warehouse_damage":null,"lost_in_post":null,"other_logs":null,"out_stock_days":0,"lost_sales":0,"has_location":null,"update_date":"2026-02-05T22:33:20","atum_locations":[],"atum_stock_status":"instock","restock_status":false,"low_stock_amount":"","sales_update_date":"2026-01-30T01:24:26","calc_backorders":null,"_links":{"self":[{"href":"https:\/\/aromasentia.com\/es\/wp-json\/wp\/v2\/product\/245520","targetHints":{"allow":["GET"]}}],"collection":[{"href":"https:\/\/aromasentia.com\/es\/wp-json\/wp\/v2\/product"}],"about":[{"href":"https:\/\/aromasentia.com\/es\/wp-json\/wp\/v2\/types\/product"}],"replies":[{"embeddable":true,"href":"https:\/\/aromasentia.com\/es\/wp-json\/wp\/v2\/comments?post=245520"}],"version-history":[{"count":0,"href":"https:\/\/aromasentia.com\/es\/wp-json\/wp\/v2\/product\/245520\/revisions"}],"wp:featuredmedia":[{"embeddable":true,"href":"https:\/\/aromasentia.com\/es\/wp-json\/wp\/v2\/media\/668111"}],"wp:attachment":[{"href":"https:\/\/aromasentia.com\/es\/wp-json\/wp\/v2\/media?parent=245520"}],"wp:term":[{"taxonomy":"product_brand","embeddable":true,"href":"https:\/\/aromasentia.com\/es\/wp-json\/wp\/v2\/product_brand?post=245520"},{"taxonomy":"product_cat","embeddable":true,"href":"https:\/\/aromasentia.com\/es\/wp-json\/wp\/v2\/product_cat?post=245520"},{"taxonomy":"product_tag","embeddable":true,"href":"https:\/\/aromasentia.com\/es\/wp-json\/wp\/v2\/product_tag?post=245520"}],"curies":[{"name":"wp","href":"https:\/\/api.w.org\/{rel}","templated":true}]}}