{"id":245517,"date":"2025-03-23T12:20:17","date_gmt":"2025-03-23T12:20:17","guid":{"rendered":"https:\/\/aromasentia.com\/product\/medium-notebook-with-strap-palmistry\/"},"modified":"2025-12-30T21:57:39","modified_gmt":"2025-12-30T21:57:39","slug":"cuaderno-mediano-con-elastico-quiromancia","status":"publish","type":"product","link":"https:\/\/aromasentia.com\/es\/cuaderno-mediano-con-elastico-quiromancia\/","title":{"rendered":"Cuaderno mediano con el\u00e1stico &#8211; Quiromancia"},"content":{"rendered":"<p>Este cuaderno de cuero tiene un dise\u00f1o \u00fanico, representando el quiromancia Este cuadernos ha sido <strong>hecho a mano<\/strong>, utilizando la <strong>t\u00e9cnica del curtido vegetal .<\/strong><\/p>\n<p><strong>\u00bfQu\u00e9 significa la palabra quiromancia?&nbsp;<\/strong>La quiromancia viene del griego &quot;Kheir&quot; = mano y &quot;manteia&quot; = adivinaci\u00f3n.&nbsp;<\/p>\n<p><strong>\u00bfQu\u00e9 significa el dibujo?<\/strong><\/p>\n<p>El dibujo representa la silueta de una mano con sus marcas y l\u00edneas Adem\u00e1s de los elementos sol y luna. La quiromanc\u00eda tiene el prop\u00f3sito de a trav\u00e9s de las manos y sus l\u00edneas <strong>predecir el futuro<\/strong> de una persona<strong>. &nbsp;<\/strong><\/p>\n<p><strong>Producto sin cromo ni plomo &#8211; producto ecol\u00f3gico.<\/strong><\/p>\n<p><u>Detalles del producto:<\/u><\/p>\n<ul style=\"padding: 0px; color: rgb(114, 114, 114); font-family: Raleway, sans-serif; font-size: 15px; font-style: normal; font-variant-ligatures: normal; font-variant-caps: normal; font-weight: 400; letter-spacing: normal; orphans: 2; text-align: start; text-indent: 0px; text-transform: none; white-space: normal; widows: 2; word-spacing: 0px; -webkit-text-stroke-width: 0px; text-decoration-thickness: initial; text-decoration-style: initial; text-decoration-color: initial; background-color: rgb(255, 255, 255);\">\n<li>El producto est\u00e1n en 2 tama\u00f1os disponibles: peque\u00f1o y mediano&nbsp;<\/li>\n<li>Cuentan con una banda el\u00e1stica para mantenerlos cerrados.&nbsp;<\/li>\n<li>Las hojas son sin l\u00edneas para que tus clientes puedan escribir o dibujar.&nbsp;<\/li>\n<\/ul>\n","protected":false},"excerpt":{"rendered":"<p>Este cuaderno de cuero tiene un dise\u00f1o \u00fanico, representando el quiromancia Este cuadernos ha sido hecho a mano, utilizando la t\u00e9cnica del curtido vegetal . \u00bfQu\u00e9 significa la palabra quiromancia?&nbsp;La quiromancia viene del griego &quot;Kheir&quot; = mano y &quot;manteia&quot; = adivinaci\u00f3n.&nbsp; \u00bfQu\u00e9 significa el dibujo? El dibujo representa la silueta de una mano con sus [&hellip;]<\/p>\n","protected":false},"featured_media":441627,"comment_status":"closed","ping_status":"open","template":"","meta":{"_angie_page":false},"product_brand":[],"product_cat":[14065,14066],"product_tag":[],"class_list":{"0":"post-245517","1":"product","2":"type-product","3":"status-publish","4":"has-post-thumbnail","6":"product_cat-cuadernos-y-diario","7":"product_cat-regalos-vintage-y-souvenir","8":"pa_collection-vegetable-tanned-leather-notebooks-es","9":"pa_made-in-india","11":"first","12":"instock","13":"purchasable","14":"product-type-simple"},"supplier_id":null,"supplier_sku":"VNB-04","barcode":null,"atum_controlled":true,"out_stock_date":null,"out_stock_threshold":null,"inheritable":false,"inbound_stock":0,"stock_on_hold":0,"sold_today":0,"sales_last_days":0,"reserved_stock":0,"customer_returns":0,"warehouse_damage":0,"lost_in_post":0,"other_logs":0,"out_stock_days":0,"lost_sales":0,"has_location":false,"update_date":"2026-05-08T05:21:29","atum_locations":[],"atum_stock_status":"instock","restock_status":false,"low_stock_amount":"","sales_update_date":"2026-01-30T01:26:12","calc_backorders":null,"_links":{"self":[{"href":"https:\/\/aromasentia.com\/es\/wp-json\/wp\/v2\/product\/245517","targetHints":{"allow":["GET"]}}],"collection":[{"href":"https:\/\/aromasentia.com\/es\/wp-json\/wp\/v2\/product"}],"about":[{"href":"https:\/\/aromasentia.com\/es\/wp-json\/wp\/v2\/types\/product"}],"replies":[{"embeddable":true,"href":"https:\/\/aromasentia.com\/es\/wp-json\/wp\/v2\/comments?post=245517"}],"version-history":[{"count":0,"href":"https:\/\/aromasentia.com\/es\/wp-json\/wp\/v2\/product\/245517\/revisions"}],"wp:featuredmedia":[{"embeddable":true,"href":"https:\/\/aromasentia.com\/es\/wp-json\/wp\/v2\/media\/441627"}],"wp:attachment":[{"href":"https:\/\/aromasentia.com\/es\/wp-json\/wp\/v2\/media?parent=245517"}],"wp:term":[{"taxonomy":"product_brand","embeddable":true,"href":"https:\/\/aromasentia.com\/es\/wp-json\/wp\/v2\/product_brand?post=245517"},{"taxonomy":"product_cat","embeddable":true,"href":"https:\/\/aromasentia.com\/es\/wp-json\/wp\/v2\/product_cat?post=245517"},{"taxonomy":"product_tag","embeddable":true,"href":"https:\/\/aromasentia.com\/es\/wp-json\/wp\/v2\/product_tag?post=245517"}],"curies":[{"name":"wp","href":"https:\/\/api.w.org\/{rel}","templated":true}]}}