{"id":245505,"date":"2025-03-23T12:22:08","date_gmt":"2025-03-23T12:22:08","guid":{"rendered":"https:\/\/aromasentia.com\/product\/medium-notebook-with-strap-chakra-mandala\/"},"modified":"2025-12-30T21:57:39","modified_gmt":"2025-12-30T21:57:39","slug":"cuaderno-mediano-con-elastico-chakra-mandala","status":"publish","type":"product","link":"https:\/\/aromasentia.com\/es\/cuaderno-mediano-con-elastico-chakra-mandala\/","title":{"rendered":"Cuaderno mediano con el\u00e1stico &#8211; Chakra Mandala"},"content":{"rendered":"<p>La palabra chakra viene del s\u00e1scrito y significa &quot;rueda&quot;<\/p>\n<p>Cada chakra se le diferencia por nombre y color asociado. En total existen 7 chakras.&nbsp;<\/p>\n<ul>\n<li>Chakra de la corona- color asociado: violeta.<\/li>\n<li>Chakra del tercer ojo &#8211; color asociado: \u00edndigo o violeta oscuro.<\/li>\n<li>Chakra de la garganta &#8211; color asociado: azul.<\/li>\n<li>Chakra del coraz\u00f3n &#8211; color asociado verde.<\/li>\n<li>Chakra del plexo solar &#8211; color asociado amarillo.<\/li>\n<li>Chakra del sacro &#8211; color asociado naranja&nbsp;<\/li>\n<li>Chakra de la ra\u00edz &#8211; color asociado rojo.<\/li>\n<\/ul>\n<p>Este <strong>cuaderno<\/strong> es<strong>&nbsp;artesanal <\/strong>y<strong>&nbsp;no se han usado ni plomo ni cromo<\/strong>. Tienen un dise\u00f1o \u00fanico y singular.&nbsp;<\/p>\n<p><u>Detalles del producto:<\/u><\/p>\n<ul>\n<li>El producto est\u00e1n en 2 tama\u00f1os disponibles: peque\u00f1o y mediano<\/li>\n<li>Cuentan con una banda el\u00e1stica para mantenerlos cerrados.<\/li>\n<li>Las hojas son sin l\u00edneas para que tus clientes puedan escribir o dibujar.<\/li>\n<\/ul>\n","protected":false},"excerpt":{"rendered":"<p>La palabra chakra viene del s\u00e1scrito y significa &quot;rueda&quot; Cada chakra se le diferencia por nombre y color asociado. En total existen 7 chakras.&nbsp; Chakra de la corona- color asociado: violeta. Chakra del tercer ojo &#8211; color asociado: \u00edndigo o violeta oscuro. Chakra de la garganta &#8211; color asociado: azul. Chakra del coraz\u00f3n &#8211; color [&hellip;]<\/p>\n","protected":false},"featured_media":668153,"comment_status":"closed","ping_status":"open","template":"","meta":[],"product_brand":[],"product_cat":[14065,14066],"product_tag":[],"class_list":{"0":"post-245505","1":"product","2":"type-product","3":"status-publish","4":"has-post-thumbnail","6":"product_cat-cuadernos-y-diario","7":"product_cat-regalos-vintage-y-souvenir","8":"pa_collection-vegetable-tanned-leather-notebooks-es","9":"pa_made-in-india","11":"first","12":"instock","13":"purchasable","14":"product-type-simple"},"supplier_id":null,"supplier_sku":"VNB-08","barcode":null,"atum_controlled":true,"out_stock_date":null,"out_stock_threshold":null,"inheritable":false,"inbound_stock":0,"stock_on_hold":0,"sold_today":0,"sales_last_days":0,"reserved_stock":0,"customer_returns":0,"warehouse_damage":0,"lost_in_post":0,"other_logs":0,"out_stock_days":0,"lost_sales":0,"has_location":false,"update_date":"2026-02-11T08:27:24","atum_locations":[],"atum_stock_status":"instock","restock_status":false,"low_stock_amount":"","sales_update_date":"2026-01-30T01:25:01","calc_backorders":null,"_links":{"self":[{"href":"https:\/\/aromasentia.com\/es\/wp-json\/wp\/v2\/product\/245505","targetHints":{"allow":["GET"]}}],"collection":[{"href":"https:\/\/aromasentia.com\/es\/wp-json\/wp\/v2\/product"}],"about":[{"href":"https:\/\/aromasentia.com\/es\/wp-json\/wp\/v2\/types\/product"}],"replies":[{"embeddable":true,"href":"https:\/\/aromasentia.com\/es\/wp-json\/wp\/v2\/comments?post=245505"}],"version-history":[{"count":0,"href":"https:\/\/aromasentia.com\/es\/wp-json\/wp\/v2\/product\/245505\/revisions"}],"wp:featuredmedia":[{"embeddable":true,"href":"https:\/\/aromasentia.com\/es\/wp-json\/wp\/v2\/media\/668153"}],"wp:attachment":[{"href":"https:\/\/aromasentia.com\/es\/wp-json\/wp\/v2\/media?parent=245505"}],"wp:term":[{"taxonomy":"product_brand","embeddable":true,"href":"https:\/\/aromasentia.com\/es\/wp-json\/wp\/v2\/product_brand?post=245505"},{"taxonomy":"product_cat","embeddable":true,"href":"https:\/\/aromasentia.com\/es\/wp-json\/wp\/v2\/product_cat?post=245505"},{"taxonomy":"product_tag","embeddable":true,"href":"https:\/\/aromasentia.com\/es\/wp-json\/wp\/v2\/product_tag?post=245505"}],"curies":[{"name":"wp","href":"https:\/\/api.w.org\/{rel}","templated":true}]}}