{"id":245502,"date":"2025-03-23T12:22:08","date_gmt":"2025-03-23T12:22:08","guid":{"rendered":"https:\/\/aromasentia.com\/product\/small-notebook-with-strap-chakra-mandala\/"},"modified":"2025-12-30T21:57:39","modified_gmt":"2025-12-30T21:57:39","slug":"cuaderno-pequeno-con-elastico-chakra-mandala","status":"publish","type":"product","link":"https:\/\/aromasentia.com\/es\/cuaderno-pequeno-con-elastico-chakra-mandala\/","title":{"rendered":"Cuaderno peque\u00f1o con el\u00e1stico &#8211; Chakra Mandala"},"content":{"rendered":"<p><strong>\u00bfQu\u00e9 representa este dibujo?<\/strong><\/p>\n<p>Los chakras son conocidos por representar centros de energ\u00eda a lo largo del cuerpo. Cada chakra tiene una simbolog\u00eda que est\u00e1 ligada a un \u00f3rgano principal y a los nervios correspondientes.&nbsp;<\/p>\n<p>En total existen<strong>&nbsp;7 chakras<\/strong>: el orden ser\u00eda el siguiente empezando por la cabeza; chakra de la corona, chakra del tercer ojo, chakra de la garganta, chakra del coraz\u00f3n, chakra del plexo solar, chakra del sacro, chakra de la ra\u00edz. <strong>&nbsp;<\/strong><\/p>\n<p><strong>Este cuaderno se ha elaborado artesanalmente a base de cuero vegetal, no se ha empleado ni cromo, ni plomo.&nbsp;<\/strong><\/p>\n<p><u>Detalles del producto:<\/u><\/p>\n<ul>\n<li>El producto est\u00e1n en 2 tama\u00f1os disponibles: peque\u00f1o y mediano<\/li>\n<li>Cuentan con una banda el\u00e1stica para mantenerlos cerrados.&nbsp;<\/li>\n<li>Las hojas son sin l\u00edneas para que tus clientes puedan escribir o dibujar.&nbsp;<\/li>\n<\/ul>\n","protected":false},"excerpt":{"rendered":"<p>\u00bfQu\u00e9 representa este dibujo? Los chakras son conocidos por representar centros de energ\u00eda a lo largo del cuerpo. Cada chakra tiene una simbolog\u00eda que est\u00e1 ligada a un \u00f3rgano principal y a los nervios correspondientes.&nbsp; En total existen&nbsp;7 chakras: el orden ser\u00eda el siguiente empezando por la cabeza; chakra de la corona, chakra del tercer [&hellip;]<\/p>\n","protected":false},"featured_media":441710,"comment_status":"closed","ping_status":"open","template":"","meta":{"_angie_page":false},"product_brand":[],"product_cat":[14065,14066],"product_tag":[],"class_list":{"0":"post-245502","1":"product","2":"type-product","3":"status-publish","4":"has-post-thumbnail","6":"product_cat-cuadernos-y-diario","7":"product_cat-regalos-vintage-y-souvenir","8":"pa_collection-vegetable-tanned-leather-notebooks-es","9":"pa_made-in-india","11":"first","12":"instock","13":"purchasable","14":"product-type-simple"},"supplier_id":null,"supplier_sku":"VNB-07","barcode":null,"atum_controlled":true,"out_stock_date":null,"out_stock_threshold":null,"inheritable":false,"inbound_stock":0,"stock_on_hold":0,"sold_today":0,"sales_last_days":0,"reserved_stock":0,"customer_returns":0,"warehouse_damage":0,"lost_in_post":0,"other_logs":0,"out_stock_days":0,"lost_sales":0,"has_location":false,"update_date":"2026-05-08T05:21:29","atum_locations":[],"atum_stock_status":"instock","restock_status":false,"low_stock_amount":"","sales_update_date":"2026-01-30T01:24:56","calc_backorders":null,"_links":{"self":[{"href":"https:\/\/aromasentia.com\/es\/wp-json\/wp\/v2\/product\/245502","targetHints":{"allow":["GET"]}}],"collection":[{"href":"https:\/\/aromasentia.com\/es\/wp-json\/wp\/v2\/product"}],"about":[{"href":"https:\/\/aromasentia.com\/es\/wp-json\/wp\/v2\/types\/product"}],"replies":[{"embeddable":true,"href":"https:\/\/aromasentia.com\/es\/wp-json\/wp\/v2\/comments?post=245502"}],"version-history":[{"count":0,"href":"https:\/\/aromasentia.com\/es\/wp-json\/wp\/v2\/product\/245502\/revisions"}],"wp:featuredmedia":[{"embeddable":true,"href":"https:\/\/aromasentia.com\/es\/wp-json\/wp\/v2\/media\/441710"}],"wp:attachment":[{"href":"https:\/\/aromasentia.com\/es\/wp-json\/wp\/v2\/media?parent=245502"}],"wp:term":[{"taxonomy":"product_brand","embeddable":true,"href":"https:\/\/aromasentia.com\/es\/wp-json\/wp\/v2\/product_brand?post=245502"},{"taxonomy":"product_cat","embeddable":true,"href":"https:\/\/aromasentia.com\/es\/wp-json\/wp\/v2\/product_cat?post=245502"},{"taxonomy":"product_tag","embeddable":true,"href":"https:\/\/aromasentia.com\/es\/wp-json\/wp\/v2\/product_tag?post=245502"}],"curies":[{"name":"wp","href":"https:\/\/api.w.org\/{rel}","templated":true}]}}