{"id":245478,"date":"2025-03-23T12:22:33","date_gmt":"2025-03-23T12:22:33","guid":{"rendered":"https:\/\/aromasentia.com\/product\/small-notebook-with-strap-tree-of-life\/"},"modified":"2025-12-30T21:57:31","modified_gmt":"2025-12-30T21:57:31","slug":"cuaderno-pequeno-con-elastico-arbol-de-la-vida","status":"publish","type":"product","link":"https:\/\/aromasentia.com\/es\/cuaderno-pequeno-con-elastico-arbol-de-la-vida\/","title":{"rendered":"Cuaderno peque\u00f1o con el\u00e1stico &#8211; \u00c1rbol de la vida"},"content":{"rendered":"<p>El<strong>&nbsp;\u00e1rbol de la vida <\/strong>tiene un significado de <strong>conexi\u00f3n entre el plano terrenal y el plano espiritual.<\/strong> La representaci\u00f3n del \u00e1rbol de la vida se menciona en diferentes culturas: cristianismo, budismo, jud\u00eda, celta&#8230;<\/p>\n<p>En cada una de las culturas se le da un significado diferente pero con la misma esencia, mencionando la vida, infinito&#8230;<\/p>\n<p>La elaboraci\u00f3n de este <strong>cuaderno <\/strong>ha sido <strong>artesanal.<\/strong> No se han utilizado ni cromo ni plomo para fabricar este art\u00edculo.&nbsp;<\/p>\n<p><u>Detalles del producto:<\/u><\/p>\n<ul style=\"padding: 0px; color: rgb(114, 114, 114); font-family: Raleway, sans-serif; font-size: 15px; font-style: normal; font-variant-ligatures: normal; font-variant-caps: normal; font-weight: 400; letter-spacing: normal; orphans: 2; text-align: start; text-indent: 0px; text-transform: none; white-space: normal; widows: 2; word-spacing: 0px; -webkit-text-stroke-width: 0px; background-color: rgb(255, 255, 255); text-decoration-thickness: initial; text-decoration-style: initial; text-decoration-color: initial;\">\n<li>El producto est\u00e1n en 2 tama\u00f1os disponibles: peque\u00f1o y mediano<\/li>\n<li>Cuentan con una banda el\u00e1stica para mantenerlos cerrados.<\/li>\n<li>Las hojas son sin l\u00edneas para que tus clientes puedan escribir o dibujar.<\/li>\n<\/ul>\n","protected":false},"excerpt":{"rendered":"<p>El&nbsp;\u00e1rbol de la vida tiene un significado de conexi\u00f3n entre el plano terrenal y el plano espiritual. La representaci\u00f3n del \u00e1rbol de la vida se menciona en diferentes culturas: cristianismo, budismo, jud\u00eda, celta&#8230; En cada una de las culturas se le da un significado diferente pero con la misma esencia, mencionando la vida, infinito&#8230; La [&hellip;]<\/p>\n","protected":false},"featured_media":668618,"comment_status":"closed","ping_status":"open","template":"","meta":[],"product_brand":[],"product_cat":[14065,14066],"product_tag":[],"class_list":{"0":"post-245478","1":"product","2":"type-product","3":"status-publish","4":"has-post-thumbnail","6":"product_cat-cuadernos-y-diario","7":"product_cat-regalos-vintage-y-souvenir","8":"pa_collection-vegetable-tanned-leather-notebooks-es","9":"pa_made-in-india","11":"first","12":"instock","13":"purchasable","14":"product-type-simple"},"supplier_id":null,"supplier_sku":"VNB-09","barcode":null,"atum_controlled":true,"out_stock_date":null,"out_stock_threshold":null,"inheritable":false,"inbound_stock":0,"stock_on_hold":0,"sold_today":0,"sales_last_days":0,"reserved_stock":0,"customer_returns":0,"warehouse_damage":0,"lost_in_post":0,"other_logs":0,"out_stock_days":0,"lost_sales":0,"has_location":false,"update_date":"2026-02-06T16:21:45","atum_locations":[],"atum_stock_status":"instock","restock_status":false,"low_stock_amount":"","sales_update_date":"2026-01-30T01:24:24","calc_backorders":null,"_links":{"self":[{"href":"https:\/\/aromasentia.com\/es\/wp-json\/wp\/v2\/product\/245478","targetHints":{"allow":["GET"]}}],"collection":[{"href":"https:\/\/aromasentia.com\/es\/wp-json\/wp\/v2\/product"}],"about":[{"href":"https:\/\/aromasentia.com\/es\/wp-json\/wp\/v2\/types\/product"}],"replies":[{"embeddable":true,"href":"https:\/\/aromasentia.com\/es\/wp-json\/wp\/v2\/comments?post=245478"}],"version-history":[{"count":0,"href":"https:\/\/aromasentia.com\/es\/wp-json\/wp\/v2\/product\/245478\/revisions"}],"wp:featuredmedia":[{"embeddable":true,"href":"https:\/\/aromasentia.com\/es\/wp-json\/wp\/v2\/media\/668618"}],"wp:attachment":[{"href":"https:\/\/aromasentia.com\/es\/wp-json\/wp\/v2\/media?parent=245478"}],"wp:term":[{"taxonomy":"product_brand","embeddable":true,"href":"https:\/\/aromasentia.com\/es\/wp-json\/wp\/v2\/product_brand?post=245478"},{"taxonomy":"product_cat","embeddable":true,"href":"https:\/\/aromasentia.com\/es\/wp-json\/wp\/v2\/product_cat?post=245478"},{"taxonomy":"product_tag","embeddable":true,"href":"https:\/\/aromasentia.com\/es\/wp-json\/wp\/v2\/product_tag?post=245478"}],"curies":[{"name":"wp","href":"https:\/\/api.w.org\/{rel}","templated":true}]}}