{"id":245462,"date":"2025-03-20T14:25:16","date_gmt":"2025-03-20T14:25:16","guid":{"rendered":"https:\/\/aromasentia.com\/product\/large-volcano-effect-aroma-diffuser-plug-two-colours\/"},"modified":"2025-05-31T21:16:19","modified_gmt":"2025-05-31T21:16:19","slug":"difusor-efecto-volcan-grande-enchufe-dos-colores","status":"publish","type":"product","link":"https:\/\/aromasentia.com\/es\/difusor-efecto-volcan-grande-enchufe-dos-colores\/","title":{"rendered":"Difusor Efecto Volc\u00e1n Grande (enchufe) Dos Colores"},"content":{"rendered":"<p><strong>Explora los difusores de Aroma Sentia Espa\u00f1a &nbsp;y destaque de su competencia con los difusores volc\u00e1n grande en dos colores.&nbsp;<\/strong><\/p>\n<p>Es uno de los difusores m\u00e1s atractivos para la venta, ya que cuenta con colore intensos y ofrece un dise\u00f1o algo diferente al resto.&nbsp;<\/p>\n<p><strong>A\u00f1\u00e1delo a tu tienda ya que estos difusores son ideales para un regalo \u00fatil, bonito y significativo, ideal para cualquier ocasi\u00f3n: cumplea\u00f1os, d\u00eda de la madre, inauguraciones o regalos corporativos.<\/strong><\/p>\n<p>Este difusor se puede programar el humidificador para que se apague autom\u00e1ticamente cada 3 \u00f3 6 horas. Cuando el nivel del agua es bajo, el difusor de apaga, evitando cualquier riesgo.<\/p>\n<p><strong>Nota<\/strong>: Para garantizar la longevidad del producto, evite limpiarlo directamente con agua del grifo o mojar la entrada de alimentaci\u00f3n, ya que podr\u00eda provocar un cortocircuito.<strong>&nbsp;Recomendamos utilizar un pa\u00f1o de algod\u00f3n para limpiarlo.<\/strong><\/p>\n","protected":false},"excerpt":{"rendered":"<p>Explora los difusores de Aroma Sentia Espa\u00f1a &nbsp;y destaque de su competencia con los difusores volc\u00e1n grande en dos colores.&nbsp; Es uno de los difusores m\u00e1s atractivos para la venta, ya que cuenta con colore intensos y ofrece un dise\u00f1o algo diferente al resto.&nbsp; A\u00f1\u00e1delo a tu tienda ya que estos difusores son ideales para [&hellip;]<\/p>\n","protected":false},"featured_media":254086,"comment_status":"closed","ping_status":"open","template":"","meta":{"_angie_page":false},"product_brand":[],"product_cat":[16460],"product_tag":[],"class_list":{"0":"post-245462","1":"product","2":"type-product","3":"status-publish","4":"has-post-thumbnail","6":"product_cat-aromaterapia-y-fragancias-para-hogar","7":"pa_collection-electronic-led-colour-aroma-diffusers-es","8":"pa_made-in-china","10":"first","11":"instock","12":"purchasable","13":"product-type-simple"},"supplier_id":null,"supplier_sku":"AATOM-29","barcode":null,"atum_controlled":true,"out_stock_date":null,"out_stock_threshold":null,"inheritable":false,"inbound_stock":null,"stock_on_hold":0,"sold_today":0,"sales_last_days":0,"reserved_stock":null,"customer_returns":null,"warehouse_damage":null,"lost_in_post":null,"other_logs":null,"out_stock_days":0,"lost_sales":0,"has_location":null,"update_date":"2026-04-30T06:45:56","atum_locations":[],"atum_stock_status":"instock","restock_status":false,"low_stock_amount":"","sales_update_date":"2025-10-09T03:22:16","calc_backorders":null,"_links":{"self":[{"href":"https:\/\/aromasentia.com\/es\/wp-json\/wp\/v2\/product\/245462","targetHints":{"allow":["GET"]}}],"collection":[{"href":"https:\/\/aromasentia.com\/es\/wp-json\/wp\/v2\/product"}],"about":[{"href":"https:\/\/aromasentia.com\/es\/wp-json\/wp\/v2\/types\/product"}],"replies":[{"embeddable":true,"href":"https:\/\/aromasentia.com\/es\/wp-json\/wp\/v2\/comments?post=245462"}],"version-history":[{"count":0,"href":"https:\/\/aromasentia.com\/es\/wp-json\/wp\/v2\/product\/245462\/revisions"}],"wp:featuredmedia":[{"embeddable":true,"href":"https:\/\/aromasentia.com\/es\/wp-json\/wp\/v2\/media\/254086"}],"wp:attachment":[{"href":"https:\/\/aromasentia.com\/es\/wp-json\/wp\/v2\/media?parent=245462"}],"wp:term":[{"taxonomy":"product_brand","embeddable":true,"href":"https:\/\/aromasentia.com\/es\/wp-json\/wp\/v2\/product_brand?post=245462"},{"taxonomy":"product_cat","embeddable":true,"href":"https:\/\/aromasentia.com\/es\/wp-json\/wp\/v2\/product_cat?post=245462"},{"taxonomy":"product_tag","embeddable":true,"href":"https:\/\/aromasentia.com\/es\/wp-json\/wp\/v2\/product_tag?post=245462"}],"curies":[{"name":"wp","href":"https:\/\/api.w.org\/{rel}","templated":true}]}}