{"id":245454,"date":"2025-03-20T14:25:16","date_gmt":"2025-03-20T14:25:16","guid":{"rendered":"https:\/\/aromasentia.com\/product\/himalayan-salt-aroma-diffuser-night-light-usb-c-flame-effect-salt-included\/"},"modified":"2025-05-31T21:16:14","modified_gmt":"2025-05-31T21:16:14","slug":"difusor-sal-del-himalaya-luz-nocturna-usb-c-efecto-llama-bolsita-de-sal-incluida","status":"publish","type":"product","link":"https:\/\/aromasentia.com\/es\/difusor-sal-del-himalaya-luz-nocturna-usb-c-efecto-llama-bolsita-de-sal-incluida\/","title":{"rendered":"Difusor Sal del Himalaya &#8211; Luz Nocturna &#8211; USB-C &#8211; Efecto Llama ( (Bolsita de sal incluida)"},"content":{"rendered":"<p><strong>\u00bfSab\u00edas que los aceites esenciales tienen efectos probados sobre el estado de \u00e1nimo ?<\/strong> Con el difusor de aroma de Aroma Sentia Espa\u00f1a, puedes utilizar aceites esenciales como el de romero o menta para aumentar la concentraci\u00f3n, o aceites como la manzanilla para mejorar el estado de \u00e1nimo y reducir el estr\u00e9s.&nbsp;<\/p>\n<p>Gracias al difusor y a los aceites esenciales podr\u00e1s crea un ambiente agradable y relajante a tus clientes.&nbsp;<\/p>\n<p><strong>Informaci\u00f3n del producto:<\/strong><\/p>\n<p>&#8211; Capacidad del dep\u00f3sito: 220 ml.<\/p>\n<p>&#8211; Alimentaci\u00f3n por USB (longitud del cable: 100 cm).<\/p>\n<p>&#8211; Temporizador: 1-3-6 h.<\/p>\n<p>&#8211; Dimensiones: 12 cm de alto, 10 cm de di\u00e1metro&nbsp;<\/p>\n<p><strong>\u00a1Descubre todos nuestros modelos de difusores de aroma por mayor y lleva el bienestar a todos los rincones!<\/strong><\/p>\n","protected":false},"excerpt":{"rendered":"<p>\u00bfSab\u00edas que los aceites esenciales tienen efectos probados sobre el estado de \u00e1nimo ? Con el difusor de aroma de Aroma Sentia Espa\u00f1a, puedes utilizar aceites esenciales como el de romero o menta para aumentar la concentraci\u00f3n, o aceites como la manzanilla para mejorar el estado de \u00e1nimo y reducir el estr\u00e9s.&nbsp; Gracias al difusor [&hellip;]<\/p>\n","protected":false},"featured_media":254036,"comment_status":"closed","ping_status":"open","template":"","meta":[],"product_brand":[],"product_cat":[16460],"product_tag":[],"class_list":{"0":"post-245454","1":"product","2":"type-product","3":"status-publish","4":"has-post-thumbnail","6":"product_cat-aromaterapia-y-fragancias-para-hogar","7":"pa_collection-electronic-led-colour-aroma-diffusers-es","8":"pa_made-in-china","10":"first","11":"instock","12":"purchasable","13":"product-type-simple"},"supplier_id":null,"supplier_sku":"AATOM-27","barcode":null,"atum_controlled":true,"out_stock_date":null,"out_stock_threshold":null,"inheritable":false,"inbound_stock":null,"stock_on_hold":0,"sold_today":0,"sales_last_days":0,"reserved_stock":null,"customer_returns":null,"warehouse_damage":null,"lost_in_post":null,"other_logs":null,"out_stock_days":0,"lost_sales":0,"has_location":null,"update_date":"2026-02-10T11:25:42","atum_locations":[],"atum_stock_status":"instock","restock_status":false,"low_stock_amount":"","sales_update_date":"2025-10-09T03:22:16","calc_backorders":null,"_links":{"self":[{"href":"https:\/\/aromasentia.com\/es\/wp-json\/wp\/v2\/product\/245454","targetHints":{"allow":["GET"]}}],"collection":[{"href":"https:\/\/aromasentia.com\/es\/wp-json\/wp\/v2\/product"}],"about":[{"href":"https:\/\/aromasentia.com\/es\/wp-json\/wp\/v2\/types\/product"}],"replies":[{"embeddable":true,"href":"https:\/\/aromasentia.com\/es\/wp-json\/wp\/v2\/comments?post=245454"}],"version-history":[{"count":0,"href":"https:\/\/aromasentia.com\/es\/wp-json\/wp\/v2\/product\/245454\/revisions"}],"wp:featuredmedia":[{"embeddable":true,"href":"https:\/\/aromasentia.com\/es\/wp-json\/wp\/v2\/media\/254036"}],"wp:attachment":[{"href":"https:\/\/aromasentia.com\/es\/wp-json\/wp\/v2\/media?parent=245454"}],"wp:term":[{"taxonomy":"product_brand","embeddable":true,"href":"https:\/\/aromasentia.com\/es\/wp-json\/wp\/v2\/product_brand?post=245454"},{"taxonomy":"product_cat","embeddable":true,"href":"https:\/\/aromasentia.com\/es\/wp-json\/wp\/v2\/product_cat?post=245454"},{"taxonomy":"product_tag","embeddable":true,"href":"https:\/\/aromasentia.com\/es\/wp-json\/wp\/v2\/product_tag?post=245454"}],"curies":[{"name":"wp","href":"https:\/\/api.w.org\/{rel}","templated":true}]}}