{"id":245450,"date":"2025-03-20T14:25:16","date_gmt":"2025-03-20T14:25:16","guid":{"rendered":"https:\/\/aromasentia.com\/product\/modern-aroma-diffuser-led-clock-usb-c-flame-effect\/"},"modified":"2025-05-31T21:16:12","modified_gmt":"2025-05-31T21:16:12","slug":"difusor-moderno-con-reloj-led-usb-c-efecto-llama","status":"publish","type":"product","link":"https:\/\/aromasentia.com\/es\/difusor-moderno-con-reloj-led-usb-c-efecto-llama\/","title":{"rendered":"Difusor Moderno con  Reloj Led &#8211; USB-C &#8211; Efecto Llama"},"content":{"rendered":"<p>\u00bfBuscas difusores nuevos e innovadores? Aroma Sentia Espa\u00f1a presenta un modelo de difusor moderno que cuenta con reloj led y un efecto llama que seducir\u00e1 a sus clientes.&nbsp;<\/p>\n<p>Adem\u00e1s de poder usarlo como difusor de aromas, con este difusor sus clientes podr\u00e1n colocarlo en las mesitas de noche para conocer la hora siempre que quieran \u00a1dos productos en uno!&nbsp;<\/p>\n<p><strong>Informaci\u00f3n del producto:<\/strong><\/p>\n<p>&#8211; Capacidad del tanque: 180 ml&nbsp;<\/p>\n<p>&#8211; Luz LED: 7 variantes.<\/p>\n<p>&#8211; Alimentaci\u00f3n por USB (longitud del cable: 100 cm)<\/p>\n<p>&#8211; Temporizador: 1-2-3-6 h&nbsp;<\/p>\n<p>&#8211; Dimensiones: altura 11 cm, di\u00e1metro 19 cm&nbsp;<\/p>\n<p><strong>\u00a1Compra en grandes cantidades, ahorre en sus pedidos y brinda bienestar a tus clientes!<\/strong><\/p>\n","protected":false},"excerpt":{"rendered":"<p>\u00bfBuscas difusores nuevos e innovadores? Aroma Sentia Espa\u00f1a presenta un modelo de difusor moderno que cuenta con reloj led y un efecto llama que seducir\u00e1 a sus clientes.&nbsp; Adem\u00e1s de poder usarlo como difusor de aromas, con este difusor sus clientes podr\u00e1n colocarlo en las mesitas de noche para conocer la hora siempre que quieran [&hellip;]<\/p>\n","protected":false},"featured_media":254011,"comment_status":"closed","ping_status":"open","template":"","meta":[],"product_brand":[],"product_cat":[16460],"product_tag":[],"class_list":{"0":"post-245450","1":"product","2":"type-product","3":"status-publish","4":"has-post-thumbnail","6":"product_cat-aromaterapia-y-fragancias-para-hogar","7":"pa_collection-electronic-led-colour-aroma-diffusers-es","8":"pa_made-in-china","10":"first","11":"outofstock","12":"purchasable","13":"product-type-simple"},"supplier_id":null,"supplier_sku":"AATOM-26","barcode":null,"atum_controlled":true,"out_stock_date":"2025-10-08 11:19:40","out_stock_threshold":null,"inheritable":false,"inbound_stock":null,"stock_on_hold":0,"sold_today":0,"sales_last_days":0,"reserved_stock":null,"customer_returns":null,"warehouse_damage":null,"lost_in_post":null,"other_logs":null,"out_stock_days":120,"lost_sales":0,"has_location":null,"update_date":"2026-02-06T00:01:05","atum_locations":[],"atum_stock_status":"outofstock","restock_status":false,"low_stock_amount":"","sales_update_date":"2026-02-06T00:01:05","calc_backorders":null,"_links":{"self":[{"href":"https:\/\/aromasentia.com\/es\/wp-json\/wp\/v2\/product\/245450","targetHints":{"allow":["GET"]}}],"collection":[{"href":"https:\/\/aromasentia.com\/es\/wp-json\/wp\/v2\/product"}],"about":[{"href":"https:\/\/aromasentia.com\/es\/wp-json\/wp\/v2\/types\/product"}],"replies":[{"embeddable":true,"href":"https:\/\/aromasentia.com\/es\/wp-json\/wp\/v2\/comments?post=245450"}],"version-history":[{"count":0,"href":"https:\/\/aromasentia.com\/es\/wp-json\/wp\/v2\/product\/245450\/revisions"}],"wp:featuredmedia":[{"embeddable":true,"href":"https:\/\/aromasentia.com\/es\/wp-json\/wp\/v2\/media\/254011"}],"wp:attachment":[{"href":"https:\/\/aromasentia.com\/es\/wp-json\/wp\/v2\/media?parent=245450"}],"wp:term":[{"taxonomy":"product_brand","embeddable":true,"href":"https:\/\/aromasentia.com\/es\/wp-json\/wp\/v2\/product_brand?post=245450"},{"taxonomy":"product_cat","embeddable":true,"href":"https:\/\/aromasentia.com\/es\/wp-json\/wp\/v2\/product_cat?post=245450"},{"taxonomy":"product_tag","embeddable":true,"href":"https:\/\/aromasentia.com\/es\/wp-json\/wp\/v2\/product_tag?post=245450"}],"curies":[{"name":"wp","href":"https:\/\/api.w.org\/{rel}","templated":true}]}}