{"id":245446,"date":"2025-03-20T14:25:16","date_gmt":"2025-03-20T14:25:16","guid":{"rendered":"https:\/\/aromasentia.com\/product\/blaze-aroma-diffuser-himalayan-salt-chamber-usb-c-flame-effect-salt-included\/"},"modified":"2025-05-31T21:16:10","modified_gmt":"2025-05-31T21:16:10","slug":"difusor-blaze-camara-de-sal-del-himalaya-usb-c-efecto-llama-bolsita-de-sal-incluida","status":"publish","type":"product","link":"https:\/\/aromasentia.com\/es\/difusor-blaze-camara-de-sal-del-himalaya-usb-c-efecto-llama-bolsita-de-sal-incluida\/","title":{"rendered":"Difusor Blaze &#8211; C\u00e1mara de Sal del Himalaya &#8211; USB-C &#8211; Efecto Llama (Bolsita de sal incluida)"},"content":{"rendered":"<p>El difusor de aroma Blaze, disponible al por mayor en Aroma Sentia Espa\u00f1a atraer\u00e1 la atenci\u00f3n de todos sus clientes, &nbsp;gracias a su llama ardiente,, en vez del t\u00edpico hilo de &quot;humo&quot;&nbsp;<\/p>\n<p><strong>Modo de uso:<\/strong> a\u00f1ada en el tanque, despu\u00e9s de a\u00f1adir el agua, unas gotas de su aceite esencial favorito y deje que el aroma de extienda por todo el espacio.<\/p>\n<p><strong>Informaci\u00f3n del producto:<\/strong><\/p>\n<p>&#8211; Incluye una bolsita con los trozos de sal.&nbsp;<\/p>\n<p>&#8211; Capacidad del dep\u00f3sito: 250 ml&nbsp;<\/p>\n<p>&#8211; Alimentaci\u00f3n por USB (longitud del cable: 100 cm)&nbsp;<\/p>\n<p>&#8211; Temporizador: 3-6 h&nbsp;<\/p>\n<p>&#8211; 23 cm de alto.<\/p>\n<p>&#8211; 19 cm de di\u00e1metro.<\/p>\n<p><strong>Los difusores de Aroma Sentia Espa\u00f1a son una opci\u00f3n ideal para sustituir los ambientadores m\u00e1s tradicionales. \u00a1Haz tu pedido hoy y convierte este producto en tu pr\u00f3ximo producto mejor vendido!&nbsp;<\/strong><\/p>\n","protected":false},"excerpt":{"rendered":"<p>El difusor de aroma Blaze, disponible al por mayor en Aroma Sentia Espa\u00f1a atraer\u00e1 la atenci\u00f3n de todos sus clientes, &nbsp;gracias a su llama ardiente,, en vez del t\u00edpico hilo de &quot;humo&quot;&nbsp; Modo de uso: a\u00f1ada en el tanque, despu\u00e9s de a\u00f1adir el agua, unas gotas de su aceite esencial favorito y deje que el [&hellip;]<\/p>\n","protected":false},"featured_media":253986,"comment_status":"closed","ping_status":"open","template":"","meta":[],"product_brand":[],"product_cat":[16460],"product_tag":[],"class_list":{"0":"post-245446","1":"product","2":"type-product","3":"status-publish","4":"has-post-thumbnail","6":"product_cat-aromaterapia-y-fragancias-para-hogar","7":"pa_collection-electronic-led-colour-aroma-diffusers-es","8":"pa_made-in-china","10":"first","11":"instock","12":"purchasable","13":"product-type-simple"},"supplier_id":null,"supplier_sku":"AATOM-25","barcode":null,"atum_controlled":true,"out_stock_date":null,"out_stock_threshold":null,"inheritable":false,"inbound_stock":0,"stock_on_hold":0,"sold_today":0,"sales_last_days":0,"reserved_stock":0,"customer_returns":0,"warehouse_damage":0,"lost_in_post":0,"other_logs":0,"out_stock_days":0,"lost_sales":0,"has_location":false,"update_date":"2026-02-08T14:32:19","atum_locations":[],"atum_stock_status":"instock","restock_status":false,"low_stock_amount":"","sales_update_date":"2025-10-09T03:22:16","calc_backorders":null,"_links":{"self":[{"href":"https:\/\/aromasentia.com\/es\/wp-json\/wp\/v2\/product\/245446","targetHints":{"allow":["GET"]}}],"collection":[{"href":"https:\/\/aromasentia.com\/es\/wp-json\/wp\/v2\/product"}],"about":[{"href":"https:\/\/aromasentia.com\/es\/wp-json\/wp\/v2\/types\/product"}],"replies":[{"embeddable":true,"href":"https:\/\/aromasentia.com\/es\/wp-json\/wp\/v2\/comments?post=245446"}],"version-history":[{"count":0,"href":"https:\/\/aromasentia.com\/es\/wp-json\/wp\/v2\/product\/245446\/revisions"}],"wp:featuredmedia":[{"embeddable":true,"href":"https:\/\/aromasentia.com\/es\/wp-json\/wp\/v2\/media\/253986"}],"wp:attachment":[{"href":"https:\/\/aromasentia.com\/es\/wp-json\/wp\/v2\/media?parent=245446"}],"wp:term":[{"taxonomy":"product_brand","embeddable":true,"href":"https:\/\/aromasentia.com\/es\/wp-json\/wp\/v2\/product_brand?post=245446"},{"taxonomy":"product_cat","embeddable":true,"href":"https:\/\/aromasentia.com\/es\/wp-json\/wp\/v2\/product_cat?post=245446"},{"taxonomy":"product_tag","embeddable":true,"href":"https:\/\/aromasentia.com\/es\/wp-json\/wp\/v2\/product_tag?post=245446"}],"curies":[{"name":"wp","href":"https:\/\/api.w.org\/{rel}","templated":true}]}}