{"id":245434,"date":"2025-03-20T14:25:16","date_gmt":"2025-03-20T14:25:16","guid":{"rendered":"https:\/\/aromasentia.com\/product\/copenhagen-atomiser-usb-colour-change-timer\/"},"modified":"2025-05-31T21:16:03","modified_gmt":"2025-05-31T21:16:03","slug":"difusor-copenhagen-usb-cambio-color-temporizador","status":"publish","type":"product","link":"https:\/\/aromasentia.com\/es\/difusor-copenhagen-usb-cambio-color-temporizador\/","title":{"rendered":"Difusor Copenhagen &#8211; USB &#8211; Cambio Color &#8211; Temporizador"},"content":{"rendered":"<p>Los<strong>&nbsp;difusores de aroma Copenhagen de Aroma Sentia Espa\u00f1a<\/strong> cuenta con <strong>dise\u00f1os atemporales y elegantes<\/strong>, ideales para hoteles. Estos difusores proporcionar\u00e1n un aroma (el que sus clientes elijan) de forma homog\u00e9nea. Simplemente tiene que agregar un poco de agua en el tanque del difusor y un aceite esencial o arom\u00e1tico favorito para una experiencia de aroma instant\u00e1nea.&nbsp;<\/p>\n<p><strong>Informaci\u00f3n del producto:&nbsp;<\/strong><\/p>\n<p>&#8211; Capacidad del tanque 120ml.<\/p>\n<p>&#8211; Luz LED &#8211; 4 colores.<\/p>\n<p>&#8211; Alimentado por USB (longitud del cable 100 cm).<\/p>\n<p>&#8211; Apagado autom\u00e1tico cuando se acaba el agua.<\/p>\n<p>-Temporizador 1-3-6 horas.<\/p>\n<p>&#8211; Medidas: Altura 14 cm &nbsp;&#8211; di\u00e1metro: 10,5 cm, &#8211; Peso 0,4kg<\/p>\n<p><strong>\u00a1Compra al por mayor y marca la diferencia!<\/strong> <\/p>\n","protected":false},"excerpt":{"rendered":"<p>Los&nbsp;difusores de aroma Copenhagen de Aroma Sentia Espa\u00f1a cuenta con dise\u00f1os atemporales y elegantes, ideales para hoteles. Estos difusores proporcionar\u00e1n un aroma (el que sus clientes elijan) de forma homog\u00e9nea. Simplemente tiene que agregar un poco de agua en el tanque del difusor y un aceite esencial o arom\u00e1tico favorito para una experiencia de aroma [&hellip;]<\/p>\n","protected":false},"featured_media":253895,"comment_status":"closed","ping_status":"open","template":"","meta":[],"product_brand":[],"product_cat":[24958,16524],"product_tag":[],"class_list":{"0":"post-245434","1":"product","2":"type-product","3":"status-publish","4":"has-post-thumbnail","6":"product_cat-difusores-de-aroma","7":"product_cat-difusores-de-aroma-y-barritas-aromaticas","8":"pa_collection-electronic-led-colour-aroma-diffusers-es","9":"pa_made-in-china","11":"first","12":"instock","13":"purchasable","14":"product-type-simple"},"supplier_id":null,"supplier_sku":"AATOM-19","barcode":null,"atum_controlled":true,"out_stock_date":null,"out_stock_threshold":null,"inheritable":false,"inbound_stock":null,"stock_on_hold":0,"sold_today":0,"sales_last_days":0,"reserved_stock":null,"customer_returns":null,"warehouse_damage":null,"lost_in_post":null,"other_logs":null,"out_stock_days":0,"lost_sales":0,"has_location":null,"update_date":"2026-02-12T05:52:45","atum_locations":[],"atum_stock_status":"instock","restock_status":false,"low_stock_amount":"","sales_update_date":"2025-10-09T03:22:15","calc_backorders":null,"_links":{"self":[{"href":"https:\/\/aromasentia.com\/es\/wp-json\/wp\/v2\/product\/245434","targetHints":{"allow":["GET"]}}],"collection":[{"href":"https:\/\/aromasentia.com\/es\/wp-json\/wp\/v2\/product"}],"about":[{"href":"https:\/\/aromasentia.com\/es\/wp-json\/wp\/v2\/types\/product"}],"replies":[{"embeddable":true,"href":"https:\/\/aromasentia.com\/es\/wp-json\/wp\/v2\/comments?post=245434"}],"version-history":[{"count":0,"href":"https:\/\/aromasentia.com\/es\/wp-json\/wp\/v2\/product\/245434\/revisions"}],"wp:featuredmedia":[{"embeddable":true,"href":"https:\/\/aromasentia.com\/es\/wp-json\/wp\/v2\/media\/253895"}],"wp:attachment":[{"href":"https:\/\/aromasentia.com\/es\/wp-json\/wp\/v2\/media?parent=245434"}],"wp:term":[{"taxonomy":"product_brand","embeddable":true,"href":"https:\/\/aromasentia.com\/es\/wp-json\/wp\/v2\/product_brand?post=245434"},{"taxonomy":"product_cat","embeddable":true,"href":"https:\/\/aromasentia.com\/es\/wp-json\/wp\/v2\/product_cat?post=245434"},{"taxonomy":"product_tag","embeddable":true,"href":"https:\/\/aromasentia.com\/es\/wp-json\/wp\/v2\/product_tag?post=245434"}],"curies":[{"name":"wp","href":"https:\/\/api.w.org\/{rel}","templated":true}]}}