{"id":245422,"date":"2025-03-20T14:25:16","date_gmt":"2025-03-20T14:25:16","guid":{"rendered":"https:\/\/aromasentia.com\/product\/marseille-atomiser-usb-colour-change-timer\/"},"modified":"2025-05-31T21:15:54","modified_gmt":"2025-05-31T21:15:54","slug":"difusor-marseille-usb-cambio-color-temporizador","status":"publish","type":"product","link":"https:\/\/aromasentia.com\/es\/difusor-marseille-usb-cambio-color-temporizador\/","title":{"rendered":"Difusor Marseille &#8211; USB &#8211; Cambio Color &#8211; Temporizador"},"content":{"rendered":"<p>Los difusores de aroma son un producto ideal, simple y efectiva de incorporar la aromaterapia a tu vida diaria.<\/p>\n<p>Por ejemplo, los aceites esenciales, como el de <strong>lavanda&nbsp;<\/strong>para la relajaci\u00f3n o el de <strong>menta&nbsp;<\/strong>para la energ\u00eda, son ideales para equilibrar tus emociones y crear un ambiente armonioso a cualquier espacio.<\/p>\n<p><strong>Informaci\u00f3n del producto:<\/strong><\/p>\n<p>&#8211; Capacidad del tanque: 120 ml&nbsp;<\/p>\n<p>&#8211; Luz LED &#8211; 7 variantes<\/p>\n<p>&#8211; Alimentado por USB (longitud del cable 100 cm) Dimensiones:&nbsp;<\/p>\n<p>&#8211; Altura 15 cm.&nbsp;<\/p>\n<p>&#8211; Di\u00e1metro 11 cm&nbsp;<\/p>\n<p><strong>Modo de uso:&nbsp;<\/strong>a\u00f1ada en el tanque, despu\u00e9s de a\u00f1adir el agua, unas gotas de su aceite esencial favorito y deje que el aroma de extienda por todo el espacio.<\/p>\n<p><strong>\u00a1Renueva t\u00fa cat\u00e1logo con los difusores de aroma Marseille de Aroma Sentia Espa\u00f1a!<\/strong><\/p>\n","protected":false},"excerpt":{"rendered":"<p>Los difusores de aroma son un producto ideal, simple y efectiva de incorporar la aromaterapia a tu vida diaria. Por ejemplo, los aceites esenciales, como el de lavanda&nbsp;para la relajaci\u00f3n o el de menta&nbsp;para la energ\u00eda, son ideales para equilibrar tus emociones y crear un ambiente armonioso a cualquier espacio. Informaci\u00f3n del producto: &#8211; Capacidad [&hellip;]<\/p>\n","protected":false},"featured_media":253844,"comment_status":"closed","ping_status":"open","template":"","meta":[],"product_brand":[],"product_cat":[24958,16524],"product_tag":[],"class_list":{"0":"post-245422","1":"product","2":"type-product","3":"status-publish","4":"has-post-thumbnail","6":"product_cat-difusores-de-aroma","7":"product_cat-difusores-de-aroma-y-barritas-aromaticas","8":"pa_collection-electronic-led-colour-aroma-diffusers-es","9":"pa_made-in-china","11":"first","12":"instock","13":"purchasable","14":"product-type-simple"},"supplier_id":null,"supplier_sku":"AATOM-20","barcode":null,"atum_controlled":true,"out_stock_date":null,"out_stock_threshold":null,"inheritable":false,"inbound_stock":null,"stock_on_hold":0,"sold_today":0,"sales_last_days":0,"reserved_stock":null,"customer_returns":null,"warehouse_damage":null,"lost_in_post":null,"other_logs":null,"out_stock_days":0,"lost_sales":0,"has_location":null,"update_date":"2026-02-10T12:57:18","atum_locations":[],"atum_stock_status":"instock","restock_status":false,"low_stock_amount":"","sales_update_date":"2025-10-09T03:22:15","calc_backorders":null,"_links":{"self":[{"href":"https:\/\/aromasentia.com\/es\/wp-json\/wp\/v2\/product\/245422","targetHints":{"allow":["GET"]}}],"collection":[{"href":"https:\/\/aromasentia.com\/es\/wp-json\/wp\/v2\/product"}],"about":[{"href":"https:\/\/aromasentia.com\/es\/wp-json\/wp\/v2\/types\/product"}],"replies":[{"embeddable":true,"href":"https:\/\/aromasentia.com\/es\/wp-json\/wp\/v2\/comments?post=245422"}],"version-history":[{"count":0,"href":"https:\/\/aromasentia.com\/es\/wp-json\/wp\/v2\/product\/245422\/revisions"}],"wp:featuredmedia":[{"embeddable":true,"href":"https:\/\/aromasentia.com\/es\/wp-json\/wp\/v2\/media\/253844"}],"wp:attachment":[{"href":"https:\/\/aromasentia.com\/es\/wp-json\/wp\/v2\/media?parent=245422"}],"wp:term":[{"taxonomy":"product_brand","embeddable":true,"href":"https:\/\/aromasentia.com\/es\/wp-json\/wp\/v2\/product_brand?post=245422"},{"taxonomy":"product_cat","embeddable":true,"href":"https:\/\/aromasentia.com\/es\/wp-json\/wp\/v2\/product_cat?post=245422"},{"taxonomy":"product_tag","embeddable":true,"href":"https:\/\/aromasentia.com\/es\/wp-json\/wp\/v2\/product_tag?post=245422"}],"curies":[{"name":"wp","href":"https:\/\/api.w.org\/{rel}","templated":true}]}}