{"id":245398,"date":"2025-03-20T14:25:16","date_gmt":"2025-03-20T14:25:16","guid":{"rendered":"https:\/\/aromasentia.com\/product\/ibiza-atomiser-infinity-lights-usb-colour-change\/"},"modified":"2025-05-31T21:15:18","modified_gmt":"2025-05-31T21:15:18","slug":"difusor-ibiza-luces-infinitas-usb-cambio-de-color","status":"publish","type":"product","link":"https:\/\/aromasentia.com\/es\/difusor-ibiza-luces-infinitas-usb-cambio-de-color\/","title":{"rendered":"Difusor Ibiza &#8211; Luces Infinitas &#8211; USB &#8211; Cambio de Color"},"content":{"rendered":"<p>Descubre nuestros difusores Ibiza, la soluci\u00f3n perfecta para crear ambientes relajantes y frescos. Con un dise\u00f1o moderno y con efecto de &quot;luces infinitas&quot; que podr\u00e1s ver en la oscuridad.<\/p>\n<p><strong>Informaci\u00f3n del producto<\/strong><\/p>\n<p>&#8211; Capacidad del tanque 100ml<\/p>\n<p>&#8211; Luz LED.<\/p>\n<p>&#8211; Alimentado por USB (longitud del cable 100cm)<\/p>\n<p>&#8211; Apagado autom\u00e1tico cuando se acaba el agua.<\/p>\n<p>&#8211; Tiempo de: 3-6 horas<\/p>\n<p>-.Altura: 23.5 cm, di\u00e1metro: 12.5 cm, peso 500 g<\/p>\n<p><strong>\u00bfC\u00f3mo usarlo?<\/strong> A\u00f1ade unas gotas de tu aceite esencial favorito en el dep\u00f3sito de agua, aseg\u00farese que la cantidad de agua est\u00e1 al m\u00e1ximo para que el difusor tenga capacidad para generar la bruma.<\/p>\n<p><strong>\u00bfEst\u00e1s listo para transformar tu espacio? con los difusores de aroma de Aroma Sentia Espa\u00f1a.&nbsp;<\/strong><\/p>\n","protected":false},"excerpt":{"rendered":"<p>Descubre nuestros difusores Ibiza, la soluci\u00f3n perfecta para crear ambientes relajantes y frescos. Con un dise\u00f1o moderno y con efecto de &quot;luces infinitas&quot; que podr\u00e1s ver en la oscuridad. Informaci\u00f3n del producto &#8211; Capacidad del tanque 100ml &#8211; Luz LED. &#8211; Alimentado por USB (longitud del cable 100cm) &#8211; Apagado autom\u00e1tico cuando se acaba el [&hellip;]<\/p>\n","protected":false},"featured_media":253782,"comment_status":"closed","ping_status":"open","template":"","meta":[],"product_brand":[],"product_cat":[24958,16524],"product_tag":[],"class_list":{"0":"post-245398","1":"product","2":"type-product","3":"status-publish","4":"has-post-thumbnail","6":"product_cat-difusores-de-aroma","7":"product_cat-difusores-de-aroma-y-barritas-aromaticas","8":"pa_collection-electronic-led-colour-aroma-diffusers-es","9":"pa_made-in-china","11":"first","12":"outofstock","13":"purchasable","14":"product-type-simple"},"supplier_id":null,"supplier_sku":"AATOM-13","barcode":null,"atum_controlled":true,"out_stock_date":"2025-10-09 15:16:57","out_stock_threshold":null,"inheritable":false,"inbound_stock":null,"stock_on_hold":0,"sold_today":0,"sales_last_days":0,"reserved_stock":null,"customer_returns":null,"warehouse_damage":null,"lost_in_post":null,"other_logs":null,"out_stock_days":112,"lost_sales":0,"has_location":null,"update_date":"2026-01-30T01:25:17","atum_locations":[],"atum_stock_status":"outofstock","restock_status":false,"low_stock_amount":"","sales_update_date":"2026-01-30T01:25:17","calc_backorders":null,"_links":{"self":[{"href":"https:\/\/aromasentia.com\/es\/wp-json\/wp\/v2\/product\/245398","targetHints":{"allow":["GET"]}}],"collection":[{"href":"https:\/\/aromasentia.com\/es\/wp-json\/wp\/v2\/product"}],"about":[{"href":"https:\/\/aromasentia.com\/es\/wp-json\/wp\/v2\/types\/product"}],"replies":[{"embeddable":true,"href":"https:\/\/aromasentia.com\/es\/wp-json\/wp\/v2\/comments?post=245398"}],"version-history":[{"count":0,"href":"https:\/\/aromasentia.com\/es\/wp-json\/wp\/v2\/product\/245398\/revisions"}],"wp:featuredmedia":[{"embeddable":true,"href":"https:\/\/aromasentia.com\/es\/wp-json\/wp\/v2\/media\/253782"}],"wp:attachment":[{"href":"https:\/\/aromasentia.com\/es\/wp-json\/wp\/v2\/media?parent=245398"}],"wp:term":[{"taxonomy":"product_brand","embeddable":true,"href":"https:\/\/aromasentia.com\/es\/wp-json\/wp\/v2\/product_brand?post=245398"},{"taxonomy":"product_cat","embeddable":true,"href":"https:\/\/aromasentia.com\/es\/wp-json\/wp\/v2\/product_cat?post=245398"},{"taxonomy":"product_tag","embeddable":true,"href":"https:\/\/aromasentia.com\/es\/wp-json\/wp\/v2\/product_tag?post=245398"}],"curies":[{"name":"wp","href":"https:\/\/api.w.org\/{rel}","templated":true}]}}