{"id":245382,"date":"2025-03-20T14:25:16","date_gmt":"2025-03-20T14:25:16","guid":{"rendered":"https:\/\/aromasentia.com\/product\/box-of-140ml-reed-diffuser-fell-berry\/"},"modified":"2025-05-31T21:14:48","modified_gmt":"2025-05-31T21:14:48","slug":"barritas-aromaticas-fell-berry-140ml","status":"publish","type":"product","link":"https:\/\/aromasentia.com\/es\/barritas-aromaticas-fell-berry-140ml\/","title":{"rendered":"Barritas Arom\u00e1ticas &#8211; Fell Berry 140ml"},"content":{"rendered":"<p>Descubre el encanto r\u00fastico de Fell Berry con este encantador difusor de carrizo de 140 ml. Esta fragancia, que evoca im\u00e1genes de bayas silvestres recogidas en los escarpados picos azotados por el viento, ofrece una deliciosa mezcla de notas jugosas, ligeramente \u00e1cidas y sutilmente terrosas. Es una fragancia que te conecta con la belleza ind\u00f3mita de la naturaleza, llenando tu hogar con un aroma reconfortante y vigorizante. Deje que la rica fragancia de bayas eleve continuamente su espacio, creando un ambiente c\u00e1lido y acogedor que habla de la abundancia natural y de los placeres sencillos que se encuentran en la naturaleza.<\/p>\n","protected":false},"excerpt":{"rendered":"<p>Descubre el encanto r\u00fastico de Fell Berry con este encantador difusor de carrizo de 140 ml. Esta fragancia, que evoca im\u00e1genes de bayas silvestres recogidas en los escarpados picos azotados por el viento, ofrece una deliciosa mezcla de notas jugosas, ligeramente \u00e1cidas y sutilmente terrosas. Es una fragancia que te conecta con la belleza ind\u00f3mita [&hellip;]<\/p>\n","protected":false},"featured_media":666385,"comment_status":"closed","ping_status":"open","template":"","meta":{"_angie_page":false},"product_brand":[27087],"product_cat":[16525,16524],"product_tag":[],"class_list":{"0":"post-245382","1":"product","2":"type-product","3":"status-publish","4":"has-post-thumbnail","6":"product_brand-agnes-and-cat","7":"product_cat-barritas-aromaticas-mikado","8":"product_cat-difusores-de-aroma-y-barritas-aromaticas","9":"pa_collection-reed-diffusers-140ml-es","10":"pa_made-in-reino-unido","11":"pa_size-140ml","13":"first","14":"instock","15":"purchasable","16":"product-type-simple"},"supplier_id":null,"supplier_sku":"ACD-03DS","barcode":null,"atum_controlled":true,"out_stock_date":null,"out_stock_threshold":null,"inheritable":false,"inbound_stock":null,"stock_on_hold":0,"sold_today":0,"sales_last_days":0,"reserved_stock":null,"customer_returns":null,"warehouse_damage":null,"lost_in_post":null,"other_logs":null,"out_stock_days":0,"lost_sales":0,"has_location":null,"update_date":"2026-04-27T07:27:46","atum_locations":[],"atum_stock_status":"instock","restock_status":false,"low_stock_amount":"","sales_update_date":"2026-01-30T01:26:40","calc_backorders":null,"_links":{"self":[{"href":"https:\/\/aromasentia.com\/es\/wp-json\/wp\/v2\/product\/245382","targetHints":{"allow":["GET"]}}],"collection":[{"href":"https:\/\/aromasentia.com\/es\/wp-json\/wp\/v2\/product"}],"about":[{"href":"https:\/\/aromasentia.com\/es\/wp-json\/wp\/v2\/types\/product"}],"replies":[{"embeddable":true,"href":"https:\/\/aromasentia.com\/es\/wp-json\/wp\/v2\/comments?post=245382"}],"version-history":[{"count":0,"href":"https:\/\/aromasentia.com\/es\/wp-json\/wp\/v2\/product\/245382\/revisions"}],"wp:featuredmedia":[{"embeddable":true,"href":"https:\/\/aromasentia.com\/es\/wp-json\/wp\/v2\/media\/666385"}],"wp:attachment":[{"href":"https:\/\/aromasentia.com\/es\/wp-json\/wp\/v2\/media?parent=245382"}],"wp:term":[{"taxonomy":"product_brand","embeddable":true,"href":"https:\/\/aromasentia.com\/es\/wp-json\/wp\/v2\/product_brand?post=245382"},{"taxonomy":"product_cat","embeddable":true,"href":"https:\/\/aromasentia.com\/es\/wp-json\/wp\/v2\/product_cat?post=245382"},{"taxonomy":"product_tag","embeddable":true,"href":"https:\/\/aromasentia.com\/es\/wp-json\/wp\/v2\/product_tag?post=245382"}],"curies":[{"name":"wp","href":"https:\/\/api.w.org\/{rel}","templated":true}]}}