{"id":245334,"date":"2025-03-20T14:25:16","date_gmt":"2025-03-20T14:25:16","guid":{"rendered":"https:\/\/aromasentia.com\/product\/pink-nano-mist-face-fan-spray-usb-chargable\/"},"modified":"2025-05-31T21:14:11","modified_gmt":"2025-05-31T21:14:11","slug":"ventilador-y-pulverizador-facial-rosa-usb","status":"publish","type":"product","link":"https:\/\/aromasentia.com\/es\/ventilador-y-pulverizador-facial-rosa-usb\/","title":{"rendered":"Ventilador y Pulverizador Facial Rosa &#8211;  USB"},"content":{"rendered":"<p><strong>Sorprenda a sus clientes con los mini ventiladores y pulverizadores de Aroma Sentia Espa\u00f1a, un producto imprescindible para tu inventario. <\/strong><\/p>\n<p>Puedes combinarlo con productos de cuidado de la piel, de esta forma tus clientes podr\u00e1n utilizarlo en sus rutinas de cuidad facial y llevarlos consigo siempre. &nbsp;Ofrecer\u00e1n una brisa refrescante, creando una sensaci\u00f3n relajante. &nbsp;<strong>\u00a1Transforma las rutinas de cuidado de tus clientes!<\/strong><\/p>\n<p>Este ventilador cuenta con carga USB, lo que mejora la comodidad y la facilidad de uso mientras viaja.&nbsp;<\/p>\n<p><strong>\u00a1Rev\u00e9ndalo en su tienda junto a difusores de aroma o los nebulizadores para crear pack \u00fanicos! <\/strong><\/p>\n","protected":false},"excerpt":{"rendered":"<p>Sorprenda a sus clientes con los mini ventiladores y pulverizadores de Aroma Sentia Espa\u00f1a, un producto imprescindible para tu inventario. Puedes combinarlo con productos de cuidado de la piel, de esta forma tus clientes podr\u00e1n utilizarlo en sus rutinas de cuidad facial y llevarlos consigo siempre. &nbsp;Ofrecer\u00e1n una brisa refrescante, creando una sensaci\u00f3n relajante. &nbsp;\u00a1Transforma [&hellip;]<\/p>\n","protected":false},"featured_media":254504,"comment_status":"closed","ping_status":"open","template":"","meta":[],"product_brand":[],"product_cat":[16460],"product_tag":[],"class_list":{"0":"post-245334","1":"product","2":"type-product","3":"status-publish","4":"has-post-thumbnail","6":"product_cat-aromaterapia-y-fragancias-para-hogar","7":"pa_collection-electronic-led-colour-aroma-diffusers-es","8":"pa_made-in-china","10":"first","11":"instock","12":"purchasable","13":"product-type-simple"},"supplier_id":null,"supplier_sku":"AATOM-36","barcode":null,"atum_controlled":true,"out_stock_date":null,"out_stock_threshold":null,"inheritable":false,"inbound_stock":null,"stock_on_hold":0,"sold_today":0,"sales_last_days":0,"reserved_stock":null,"customer_returns":null,"warehouse_damage":null,"lost_in_post":null,"other_logs":null,"out_stock_days":0,"lost_sales":0,"has_location":null,"update_date":"2026-02-06T00:01:37","atum_locations":[],"atum_stock_status":"instock","restock_status":false,"low_stock_amount":"","sales_update_date":"2026-02-06T00:01:37","calc_backorders":null,"_links":{"self":[{"href":"https:\/\/aromasentia.com\/es\/wp-json\/wp\/v2\/product\/245334","targetHints":{"allow":["GET"]}}],"collection":[{"href":"https:\/\/aromasentia.com\/es\/wp-json\/wp\/v2\/product"}],"about":[{"href":"https:\/\/aromasentia.com\/es\/wp-json\/wp\/v2\/types\/product"}],"replies":[{"embeddable":true,"href":"https:\/\/aromasentia.com\/es\/wp-json\/wp\/v2\/comments?post=245334"}],"version-history":[{"count":0,"href":"https:\/\/aromasentia.com\/es\/wp-json\/wp\/v2\/product\/245334\/revisions"}],"wp:featuredmedia":[{"embeddable":true,"href":"https:\/\/aromasentia.com\/es\/wp-json\/wp\/v2\/media\/254504"}],"wp:attachment":[{"href":"https:\/\/aromasentia.com\/es\/wp-json\/wp\/v2\/media?parent=245334"}],"wp:term":[{"taxonomy":"product_brand","embeddable":true,"href":"https:\/\/aromasentia.com\/es\/wp-json\/wp\/v2\/product_brand?post=245334"},{"taxonomy":"product_cat","embeddable":true,"href":"https:\/\/aromasentia.com\/es\/wp-json\/wp\/v2\/product_cat?post=245334"},{"taxonomy":"product_tag","embeddable":true,"href":"https:\/\/aromasentia.com\/es\/wp-json\/wp\/v2\/product_tag?post=245334"}],"curies":[{"name":"wp","href":"https:\/\/api.w.org\/{rel}","templated":true}]}}