{"id":245330,"date":"2025-03-20T14:25:16","date_gmt":"2025-03-20T14:25:16","guid":{"rendered":"https:\/\/aromasentia.com\/product\/white-nano-mist-face-fan-spray-usb-chargable\/"},"modified":"2025-05-31T21:14:08","modified_gmt":"2025-05-31T21:14:08","slug":"ventilador-y-pulverizador-facial-blanco-usb","status":"publish","type":"product","link":"https:\/\/aromasentia.com\/es\/ventilador-y-pulverizador-facial-blanco-usb\/","title":{"rendered":"Ventilador y Pulverizador Facial Blanco &#8211; USB"},"content":{"rendered":"<p><strong>\u00bfBuscas una soluci\u00f3n para que tus clientes disfruten de un aire refrescante en \u00e9pocas calurosas?<\/strong> Con los ventiladores peque\u00f1os y pulverizadores al por mayor de Aroma Sentia Espa\u00f1a son ideales para aquellos que buscan productos pr\u00e1cticos y \u00fatiles en el d\u00eda a d\u00eda.<\/p>\n<p>\u00a1Al tener un tama\u00f1o peque\u00f1o, sus clientes pueden llev\u00e1rselo consigo donde quieran! &nbsp;<\/p>\n<p><strong>Este dispositivo tambi\u00e9n cuenta con carga USB, lo que mejora la comodidad y la facilidad de uso mientras viaja.<\/strong><\/p>\n<p><strong>\u00a1Ofrezca a sus clientes hidrataci\u00f3n y frescura al momento!<\/strong><\/p>\n","protected":false},"excerpt":{"rendered":"<p>\u00bfBuscas una soluci\u00f3n para que tus clientes disfruten de un aire refrescante en \u00e9pocas calurosas? Con los ventiladores peque\u00f1os y pulverizadores al por mayor de Aroma Sentia Espa\u00f1a son ideales para aquellos que buscan productos pr\u00e1cticos y \u00fatiles en el d\u00eda a d\u00eda. \u00a1Al tener un tama\u00f1o peque\u00f1o, sus clientes pueden llev\u00e1rselo consigo donde quieran! [&hellip;]<\/p>\n","protected":false},"featured_media":254463,"comment_status":"closed","ping_status":"open","template":"","meta":[],"product_brand":[],"product_cat":[16460],"product_tag":[],"class_list":{"0":"post-245330","1":"product","2":"type-product","3":"status-publish","4":"has-post-thumbnail","6":"product_cat-aromaterapia-y-fragancias-para-hogar","7":"pa_collection-electronic-led-colour-aroma-diffusers-es","8":"pa_made-in-china","10":"first","11":"instock","12":"purchasable","13":"product-type-simple"},"supplier_id":null,"supplier_sku":"AATOM-35","barcode":null,"atum_controlled":true,"out_stock_date":null,"out_stock_threshold":null,"inheritable":false,"inbound_stock":null,"stock_on_hold":0,"sold_today":0,"sales_last_days":0,"reserved_stock":null,"customer_returns":null,"warehouse_damage":null,"lost_in_post":null,"other_logs":null,"out_stock_days":0,"lost_sales":0,"has_location":null,"update_date":"2026-02-06T00:01:37","atum_locations":[],"atum_stock_status":"instock","restock_status":false,"low_stock_amount":"","sales_update_date":"2026-02-06T00:01:37","calc_backorders":null,"_links":{"self":[{"href":"https:\/\/aromasentia.com\/es\/wp-json\/wp\/v2\/product\/245330","targetHints":{"allow":["GET"]}}],"collection":[{"href":"https:\/\/aromasentia.com\/es\/wp-json\/wp\/v2\/product"}],"about":[{"href":"https:\/\/aromasentia.com\/es\/wp-json\/wp\/v2\/types\/product"}],"replies":[{"embeddable":true,"href":"https:\/\/aromasentia.com\/es\/wp-json\/wp\/v2\/comments?post=245330"}],"version-history":[{"count":0,"href":"https:\/\/aromasentia.com\/es\/wp-json\/wp\/v2\/product\/245330\/revisions"}],"wp:featuredmedia":[{"embeddable":true,"href":"https:\/\/aromasentia.com\/es\/wp-json\/wp\/v2\/media\/254463"}],"wp:attachment":[{"href":"https:\/\/aromasentia.com\/es\/wp-json\/wp\/v2\/media?parent=245330"}],"wp:term":[{"taxonomy":"product_brand","embeddable":true,"href":"https:\/\/aromasentia.com\/es\/wp-json\/wp\/v2\/product_brand?post=245330"},{"taxonomy":"product_cat","embeddable":true,"href":"https:\/\/aromasentia.com\/es\/wp-json\/wp\/v2\/product_cat?post=245330"},{"taxonomy":"product_tag","embeddable":true,"href":"https:\/\/aromasentia.com\/es\/wp-json\/wp\/v2\/product_tag?post=245330"}],"curies":[{"name":"wp","href":"https:\/\/api.w.org\/{rel}","templated":true}]}}