{"id":245326,"date":"2025-03-20T14:25:16","date_gmt":"2025-03-20T14:25:16","guid":{"rendered":"https:\/\/aromasentia.com\/product\/pink-humidifer-mondo-planet-usb-colour-change-down-light\/"},"modified":"2025-05-31T21:14:05","modified_gmt":"2025-05-31T21:14:05","slug":"difusor-mundo-rosa-usb-cambio-de-color-luz-hacia-abajo","status":"publish","type":"product","link":"https:\/\/aromasentia.com\/es\/difusor-mundo-rosa-usb-cambio-de-color-luz-hacia-abajo\/","title":{"rendered":"Difusor Mundo Rosa &#8211; USB &#8211; Cambio de color (luz hacia abajo)"},"content":{"rendered":"<p>Al incorporar difusores de aroma &nbsp;a tu inventario, ofrecer\u00e1s a tus clientes productos ideales para la aromaterapia y decoraci\u00f3n. Puedes conseguir en Aroma Sentia Espa\u00f1a precios competitivos que te ofrezcan un margen de venta y satisfacer a tus clientes.&nbsp;<\/p>\n<p>Los aceites esenciales como la lavanda o el eucalipto pueden transformar un espacio, creando ambientes relajantes y frescos. Los modelos que ofrecemos son perfectos tanto para uso dom\u00e9stico como comercial, y se adaptan a todos los gustos de tus clientes. <\/p>\n<p><strong>Bot\u00f3n de luz:<\/strong><\/p>\n<p>&#8211; Un primer toque activa la luz c\u00e1lida blanca.<\/p>\n<p>&#8211; Un segundo toque enciende todas las luces.<\/p>\n<p>&#8211; El tercer toque activa el modo l\u00e1mpara.<\/p>\n<p>&#8211; El cuarto toque apaga la luz.<\/p>\n<p><strong>Bot\u00f3n de nebulizaci\u00f3n:<\/strong><\/p>\n<p>&#8211; Mant\u00e9n presionado el bot\u00f3n para iniciar la nebulizaci\u00f3n.<\/p>\n<p>&#8211; Mant\u00e9n presionado nuevamente para detenerla.<\/p>\n<p><strong>\u00bfC\u00f3mo agregar agua?&nbsp;<\/strong>Sujeta la parte inferior del tanque de agua con una mano, abre el tanque girando en la direcci\u00f3n indicada por la etiqueta, y a\u00f1ade agua. Una vez lleno, aseg\u00farate de cerrar bien el tanque. Alinea la marca del tanque con la del cuerpo principal y gira en sentido horario para bloquearlo. Para abrirlo, gira en sentido antihorario.<\/p>\n<p><strong>Nota importante:<\/strong> Este dispositivo incluye dos varillas de algod\u00f3n (una de repuesto). Para el primer uso, retira la funda y el hisopo de algod\u00f3n de la bolsa de accesorios. Empapa bien el hisopo en agua, col\u00f3calo dentro de la funda y fija la funda con el hisopo en el soporte del tanque, por encima del nivel m\u00e1ximo. Cierra bien el tanque y sigue las instrucciones para empezar a disfrutar de su funcionamiento.<\/p>\n","protected":false},"excerpt":{"rendered":"<p>Al incorporar difusores de aroma &nbsp;a tu inventario, ofrecer\u00e1s a tus clientes productos ideales para la aromaterapia y decoraci\u00f3n. Puedes conseguir en Aroma Sentia Espa\u00f1a precios competitivos que te ofrezcan un margen de venta y satisfacer a tus clientes.&nbsp; Los aceites esenciales como la lavanda o el eucalipto pueden transformar un espacio, creando ambientes relajantes [&hellip;]<\/p>\n","protected":false},"featured_media":254438,"comment_status":"closed","ping_status":"open","template":"","meta":{"_angie_page":false},"product_brand":[],"product_cat":[16460],"product_tag":[],"class_list":{"0":"post-245326","1":"product","2":"type-product","3":"status-publish","4":"has-post-thumbnail","6":"product_cat-aromaterapia-y-fragancias-para-hogar","7":"pa_collection-electronic-led-colour-aroma-diffusers-es","8":"pa_made-in-china","10":"first","11":"instock","12":"purchasable","13":"product-type-simple"},"supplier_id":null,"supplier_sku":"AATOM-34","barcode":null,"atum_controlled":true,"out_stock_date":null,"out_stock_threshold":null,"inheritable":false,"inbound_stock":null,"stock_on_hold":0,"sold_today":0,"sales_last_days":0,"reserved_stock":null,"customer_returns":null,"warehouse_damage":null,"lost_in_post":null,"other_logs":null,"out_stock_days":0,"lost_sales":0,"has_location":null,"update_date":"2026-05-09T13:16:10","atum_locations":[],"atum_stock_status":"instock","restock_status":false,"low_stock_amount":"","sales_update_date":"2026-01-30T01:26:00","calc_backorders":null,"_links":{"self":[{"href":"https:\/\/aromasentia.com\/es\/wp-json\/wp\/v2\/product\/245326","targetHints":{"allow":["GET"]}}],"collection":[{"href":"https:\/\/aromasentia.com\/es\/wp-json\/wp\/v2\/product"}],"about":[{"href":"https:\/\/aromasentia.com\/es\/wp-json\/wp\/v2\/types\/product"}],"replies":[{"embeddable":true,"href":"https:\/\/aromasentia.com\/es\/wp-json\/wp\/v2\/comments?post=245326"}],"version-history":[{"count":0,"href":"https:\/\/aromasentia.com\/es\/wp-json\/wp\/v2\/product\/245326\/revisions"}],"wp:featuredmedia":[{"embeddable":true,"href":"https:\/\/aromasentia.com\/es\/wp-json\/wp\/v2\/media\/254438"}],"wp:attachment":[{"href":"https:\/\/aromasentia.com\/es\/wp-json\/wp\/v2\/media?parent=245326"}],"wp:term":[{"taxonomy":"product_brand","embeddable":true,"href":"https:\/\/aromasentia.com\/es\/wp-json\/wp\/v2\/product_brand?post=245326"},{"taxonomy":"product_cat","embeddable":true,"href":"https:\/\/aromasentia.com\/es\/wp-json\/wp\/v2\/product_cat?post=245326"},{"taxonomy":"product_tag","embeddable":true,"href":"https:\/\/aromasentia.com\/es\/wp-json\/wp\/v2\/product_tag?post=245326"}],"curies":[{"name":"wp","href":"https:\/\/api.w.org\/{rel}","templated":true}]}}