{"id":245318,"date":"2025-03-20T14:25:16","date_gmt":"2025-03-20T14:25:16","guid":{"rendered":"https:\/\/aromasentia.com\/product\/urban-aroma-diffuser-green-bronze-usb-colour-change\/"},"modified":"2025-05-31T21:13:50","modified_gmt":"2025-05-31T21:13:50","slug":"difusor-verde-y-bronce-usb-cambio-de-color","status":"publish","type":"product","link":"https:\/\/aromasentia.com\/es\/difusor-verde-y-bronce-usb-cambio-de-color\/","title":{"rendered":"Difusor Verde y Bronce &#8211; USB &#8211; Cambio de color"},"content":{"rendered":"<p>Los difusores son la forma m\u00e1s efectiva y natural de disfrutar los beneficios de la aromaterapia: desde dormir mejor gracias a aceites esenciales como la lavanda hasta aumentar la concentraci\u00f3n con aceites esenciales como el lim\u00f3n. F\u00e1ciles de usar, est\u00e9ticos y funcionales.&nbsp;<\/p>\n<p><strong>Informaci\u00f3n del producto:<\/strong><\/p>\n<p>&#8211; Utiliza un conector tipo C para una fuente de alimentaci\u00f3n.<\/p>\n<p>&#8211; Dimensiones: 12&#215;8,8&#215;8,8cm<\/p>\n<p>&#8211; Capacidad del tanque de agua: 120 ml<\/p>\n<p>&#8211; Humidificador con luz nocturna y funci\u00f3n de luz nocturna.<\/p>\n<p><strong>Modo de uso:<\/strong> a\u00f1ada en el tanque, despu\u00e9s de a\u00f1adir el agua, unas gotas de su aceite esencial favorito y deje que el aroma de extienda por todo el espacio. <\/p>\n<p><strong>\u00a1Compra al por mayor y obt\u00e9n precios competitivos para revender o equipar m\u00faltiples espacios!<\/strong><\/p>\n","protected":false},"excerpt":{"rendered":"<p>Los difusores son la forma m\u00e1s efectiva y natural de disfrutar los beneficios de la aromaterapia: desde dormir mejor gracias a aceites esenciales como la lavanda hasta aumentar la concentraci\u00f3n con aceites esenciales como el lim\u00f3n. F\u00e1ciles de usar, est\u00e9ticos y funcionales.&nbsp; Informaci\u00f3n del producto: &#8211; Utiliza un conector tipo C para una fuente de [&hellip;]<\/p>\n","protected":false},"featured_media":254364,"comment_status":"closed","ping_status":"open","template":"","meta":{"_angie_page":false},"product_brand":[],"product_cat":[16460],"product_tag":[],"class_list":{"0":"post-245318","1":"product","2":"type-product","3":"status-publish","4":"has-post-thumbnail","6":"product_cat-aromaterapia-y-fragancias-para-hogar","7":"pa_collection-electronic-led-colour-aroma-diffusers-es","8":"pa_made-in-china","10":"first","11":"instock","12":"purchasable","13":"product-type-simple"},"supplier_id":null,"supplier_sku":"AATOM-32","barcode":null,"atum_controlled":true,"out_stock_date":null,"out_stock_threshold":null,"inheritable":false,"inbound_stock":null,"stock_on_hold":0,"sold_today":0,"sales_last_days":0,"reserved_stock":null,"customer_returns":null,"warehouse_damage":null,"lost_in_post":null,"other_logs":null,"out_stock_days":0,"lost_sales":0,"has_location":null,"update_date":"2026-05-12T01:00:08","atum_locations":[],"atum_stock_status":"instock","restock_status":false,"low_stock_amount":"","sales_update_date":"2025-10-09T03:22:17","calc_backorders":null,"_links":{"self":[{"href":"https:\/\/aromasentia.com\/es\/wp-json\/wp\/v2\/product\/245318","targetHints":{"allow":["GET"]}}],"collection":[{"href":"https:\/\/aromasentia.com\/es\/wp-json\/wp\/v2\/product"}],"about":[{"href":"https:\/\/aromasentia.com\/es\/wp-json\/wp\/v2\/types\/product"}],"replies":[{"embeddable":true,"href":"https:\/\/aromasentia.com\/es\/wp-json\/wp\/v2\/comments?post=245318"}],"version-history":[{"count":0,"href":"https:\/\/aromasentia.com\/es\/wp-json\/wp\/v2\/product\/245318\/revisions"}],"wp:featuredmedia":[{"embeddable":true,"href":"https:\/\/aromasentia.com\/es\/wp-json\/wp\/v2\/media\/254364"}],"wp:attachment":[{"href":"https:\/\/aromasentia.com\/es\/wp-json\/wp\/v2\/media?parent=245318"}],"wp:term":[{"taxonomy":"product_brand","embeddable":true,"href":"https:\/\/aromasentia.com\/es\/wp-json\/wp\/v2\/product_brand?post=245318"},{"taxonomy":"product_cat","embeddable":true,"href":"https:\/\/aromasentia.com\/es\/wp-json\/wp\/v2\/product_cat?post=245318"},{"taxonomy":"product_tag","embeddable":true,"href":"https:\/\/aromasentia.com\/es\/wp-json\/wp\/v2\/product_tag?post=245318"}],"curies":[{"name":"wp","href":"https:\/\/api.w.org\/{rel}","templated":true}]}}