{"id":245310,"date":"2025-03-20T14:25:16","date_gmt":"2025-03-20T14:25:16","guid":{"rendered":"https:\/\/aromasentia.com\/product\/double-switchable-essential-oil-waterless-nebulizer-usb-to-c\/"},"modified":"2025-05-31T21:13:45","modified_gmt":"2025-05-31T21:13:45","slug":"nebulizador-doble-conmutable-de-aceites-esenciales-sin-agua-usb-a-c","status":"publish","type":"product","link":"https:\/\/aromasentia.com\/es\/nebulizador-doble-conmutable-de-aceites-esenciales-sin-agua-usb-a-c\/","title":{"rendered":"Nebulizador doble (conmutable) de aceites esenciales sin agua &#8211; USB a C"},"content":{"rendered":"<p><strong>Descubre los nebulizadores de Aroma Sentia Espa\u00f1a y ofrezca productos de calidad en su tienda junto a difusores de aroma.&nbsp;<\/strong><\/p>\n<p>Los nebulizadores son ideales para crear una atm\u00f3sfera relajante y acogedora en cualquier espacio \u00a1no dudes en a\u00f1adir en tu tienda si vendes productos de bienestar o aromaterapia!<\/p>\n<p><strong>Informaci\u00f3n del producto:<\/strong><\/p>\n<p>&#8211; Este producto se carga con un voltaje de 5 V CC y se puede cargar con un adaptador de puerto USB o un cargador de autom\u00f3vil con puerto USB.&nbsp;<\/p>\n<p>&#8211; Cuando el producto se est\u00e1 cargando, la luz de carga tipo C est\u00e1 encendida; cuando la bater\u00eda est\u00e1 completamente cargada, la luz de carga siempre est\u00e1 roja.<\/p>\n<p>&#8211; En el estado encendido, cuando la capacidad restante de la bater\u00eda es inferior al 15 %, la luz de carga sobre el Tipo C se iluminar\u00e1 en rojo y parpadear\u00e1 3 veces en 1 s (parpadeo r\u00e1pido), lo que indica que necesita cargarse.<\/p>\n<p>Nota: Al reemplazar la botella de aceite esencial, consulte lo siguiente: Si el aceite esencial no se agota durante el reemplazo, levante la m\u00e1quina. Apriete el conjunto de la boquilla e inst\u00e1lelo si no se puede retirar.<\/p>\n<p>Este nebulizador es adecuado para aceites esenciales de 10 ml.<\/p>\n<p><strong>\u00a1Con nuestros modelos de difusores o nebulizadores al por mayor, tus clientes disfrutar\u00e1n de un ambiente m\u00e1s saludable y armonioso en cualquier espacio de su hogar o negocio.<\/strong><\/p>\n","protected":false},"excerpt":{"rendered":"<p>Descubre los nebulizadores de Aroma Sentia Espa\u00f1a y ofrezca productos de calidad en su tienda junto a difusores de aroma.&nbsp; Los nebulizadores son ideales para crear una atm\u00f3sfera relajante y acogedora en cualquier espacio \u00a1no dudes en a\u00f1adir en tu tienda si vendes productos de bienestar o aromaterapia! Informaci\u00f3n del producto: &#8211; Este producto se [&hellip;]<\/p>\n","protected":false},"featured_media":254290,"comment_status":"closed","ping_status":"open","template":"","meta":{"_angie_page":false},"product_brand":[],"product_cat":[16460],"product_tag":[],"class_list":{"0":"post-245310","1":"product","2":"type-product","3":"status-publish","4":"has-post-thumbnail","6":"product_cat-aromaterapia-y-fragancias-para-hogar","7":"pa_collection-electronic-led-colour-aroma-diffusers-es","8":"pa_made-in-china","10":"first","11":"instock","12":"purchasable","13":"product-type-simple"},"supplier_id":null,"supplier_sku":"AATOM-37","barcode":null,"atum_controlled":true,"out_stock_date":null,"out_stock_threshold":null,"inheritable":false,"inbound_stock":null,"stock_on_hold":0,"sold_today":0,"sales_last_days":0,"reserved_stock":null,"customer_returns":null,"warehouse_damage":null,"lost_in_post":null,"other_logs":null,"out_stock_days":0,"lost_sales":0,"has_location":null,"update_date":"2026-04-27T06:48:46","atum_locations":[],"atum_stock_status":"instock","restock_status":false,"low_stock_amount":"","sales_update_date":"2026-01-30T01:24:47","calc_backorders":null,"_links":{"self":[{"href":"https:\/\/aromasentia.com\/es\/wp-json\/wp\/v2\/product\/245310","targetHints":{"allow":["GET"]}}],"collection":[{"href":"https:\/\/aromasentia.com\/es\/wp-json\/wp\/v2\/product"}],"about":[{"href":"https:\/\/aromasentia.com\/es\/wp-json\/wp\/v2\/types\/product"}],"replies":[{"embeddable":true,"href":"https:\/\/aromasentia.com\/es\/wp-json\/wp\/v2\/comments?post=245310"}],"version-history":[{"count":0,"href":"https:\/\/aromasentia.com\/es\/wp-json\/wp\/v2\/product\/245310\/revisions"}],"wp:featuredmedia":[{"embeddable":true,"href":"https:\/\/aromasentia.com\/es\/wp-json\/wp\/v2\/media\/254290"}],"wp:attachment":[{"href":"https:\/\/aromasentia.com\/es\/wp-json\/wp\/v2\/media?parent=245310"}],"wp:term":[{"taxonomy":"product_brand","embeddable":true,"href":"https:\/\/aromasentia.com\/es\/wp-json\/wp\/v2\/product_brand?post=245310"},{"taxonomy":"product_cat","embeddable":true,"href":"https:\/\/aromasentia.com\/es\/wp-json\/wp\/v2\/product_cat?post=245310"},{"taxonomy":"product_tag","embeddable":true,"href":"https:\/\/aromasentia.com\/es\/wp-json\/wp\/v2\/product_tag?post=245310"}],"curies":[{"name":"wp","href":"https:\/\/api.w.org\/{rel}","templated":true}]}}