{"id":245302,"date":"2025-03-20T14:25:16","date_gmt":"2025-03-20T14:25:16","guid":{"rendered":"https:\/\/aromasentia.com\/product\/single-waterless-oil-nebulizer-usb-to-c-yellow\/"},"modified":"2025-05-31T21:13:39","modified_gmt":"2025-05-31T21:13:39","slug":"nebulizador-simple-de-aceite-sin-agua-usb-a-c-amarillo","status":"publish","type":"product","link":"https:\/\/aromasentia.com\/es\/nebulizador-simple-de-aceite-sin-agua-usb-a-c-amarillo\/","title":{"rendered":"Nebulizador simple de aceite sin agua &#8211; USB a C &#8211; Amarillo"},"content":{"rendered":"<p>Uno de los m\u00faltiples beneficios que ofrecen los nebulizadores al por mayor, de Aroma Sentia Espa\u00f1a, es que son efectivos para eliminar olores no deseados, como los de comida, humo o animales. Aceites como el lim\u00f3n, el \u00e1rbol de t\u00e9 o la naranja tienen propiedades desodorizantes que, adem\u00e1s de limpiar el aire, dejan una fragancia fresca y natural.<\/p>\n<p><strong>&#8211; Modo de carga:&nbsp;<\/strong><\/p>\n<p>&#8211; Conecte el difusor a una fuente de energ\u00eda de 5V CC, como una toma de corriente, un puerto USB de una computadora, un adaptador USB o un cargador de coche con puerto USB. Durante el proceso de carga, la luz se iluminar\u00e1 en color rojo. Una vez que el dispositivo est\u00e9 completamente cargado, el indicador cambiar\u00e1 a verde.<\/p>\n<p>&#8211; Cuando el difusor est\u00e9 encendido y la bater\u00eda tenga menos del 20% de carga, la luz se apagar\u00e1 r\u00e1pidamente en cualquier modo, lo que indica que es necesario recargarlo.<\/p>\n<p>El tiempo de carga completa del difusor es de entre 2 y 3 horas.<\/p>\n<p><strong>Modo de uso:<\/strong><\/p>\n<p>&#8211; Retire la boquilla del difusor, presionando suavemente desde la base.<\/p>\n<p>&#8211; Coloque el aceite esencial en la botella y luego vuelva a colocar la boquilla en su lugar, asegur\u00e1ndose de que est\u00e9 bien alineada con la marca de posici\u00f3n del difusor.<\/p>\n<p><strong>2 modos disponibles:<\/strong><\/p>\n<p><strong>&#8211; Modo inteligente:&nbsp;<\/strong>Para activar este modo, presione brevemente el bot\u00f3n superior. La luz se encender\u00e1 en blanco, lo que indica que el dispositivo est\u00e1 en modo inteligente. En este modo, el difusor se encender\u00e1 y apagar\u00e1 autom\u00e1ticamente.<\/p>\n<p><strong>&#8211; Modo manual:&nbsp;<\/strong>Para activarlo, presione brevemente el bot\u00f3n. La luz del centro se iluminar\u00e1 en blanco, indicando que el difusor est\u00e1 funcionando en el modo de aroma ligero. Presione nuevamente el bot\u00f3n y la luz de la derecha se encender\u00e1, lo que indica que el modo ha cambiado.<\/p>\n<p><strong>Informaci\u00f3n del producto:<\/strong><\/p>\n<p>&#8211; Dimensiones: 105 mm x 65 mm&nbsp;<\/p>\n<p>&#8211; Se recomienda utilizar solo con aceites esenciales.<\/p>\n<p>&#8211; Apto para botellas de 10 y 20 ml.<\/p>\n","protected":false},"excerpt":{"rendered":"<p>Uno de los m\u00faltiples beneficios que ofrecen los nebulizadores al por mayor, de Aroma Sentia Espa\u00f1a, es que son efectivos para eliminar olores no deseados, como los de comida, humo o animales. Aceites como el lim\u00f3n, el \u00e1rbol de t\u00e9 o la naranja tienen propiedades desodorizantes que, adem\u00e1s de limpiar el aire, dejan una fragancia [&hellip;]<\/p>\n","protected":false},"featured_media":254208,"comment_status":"closed","ping_status":"open","template":"","meta":{"_angie_page":false},"product_brand":[],"product_cat":[16460],"product_tag":[],"class_list":{"0":"post-245302","1":"product","2":"type-product","3":"status-publish","4":"has-post-thumbnail","6":"product_cat-aromaterapia-y-fragancias-para-hogar","7":"pa_collection-electronic-led-colour-aroma-diffusers-es","8":"pa_made-in-china","10":"first","11":"instock","12":"purchasable","13":"product-type-simple"},"supplier_id":null,"supplier_sku":"AATOM-38","barcode":null,"atum_controlled":true,"out_stock_date":null,"out_stock_threshold":null,"inheritable":false,"inbound_stock":null,"stock_on_hold":0,"sold_today":0,"sales_last_days":0,"reserved_stock":null,"customer_returns":null,"warehouse_damage":null,"lost_in_post":null,"other_logs":null,"out_stock_days":0,"lost_sales":0,"has_location":null,"update_date":"2026-05-08T05:02:33","atum_locations":[],"atum_stock_status":"instock","restock_status":false,"low_stock_amount":"","sales_update_date":"2026-01-30T01:24:31","calc_backorders":null,"_links":{"self":[{"href":"https:\/\/aromasentia.com\/es\/wp-json\/wp\/v2\/product\/245302","targetHints":{"allow":["GET"]}}],"collection":[{"href":"https:\/\/aromasentia.com\/es\/wp-json\/wp\/v2\/product"}],"about":[{"href":"https:\/\/aromasentia.com\/es\/wp-json\/wp\/v2\/types\/product"}],"replies":[{"embeddable":true,"href":"https:\/\/aromasentia.com\/es\/wp-json\/wp\/v2\/comments?post=245302"}],"version-history":[{"count":0,"href":"https:\/\/aromasentia.com\/es\/wp-json\/wp\/v2\/product\/245302\/revisions"}],"wp:featuredmedia":[{"embeddable":true,"href":"https:\/\/aromasentia.com\/es\/wp-json\/wp\/v2\/media\/254208"}],"wp:attachment":[{"href":"https:\/\/aromasentia.com\/es\/wp-json\/wp\/v2\/media?parent=245302"}],"wp:term":[{"taxonomy":"product_brand","embeddable":true,"href":"https:\/\/aromasentia.com\/es\/wp-json\/wp\/v2\/product_brand?post=245302"},{"taxonomy":"product_cat","embeddable":true,"href":"https:\/\/aromasentia.com\/es\/wp-json\/wp\/v2\/product_cat?post=245302"},{"taxonomy":"product_tag","embeddable":true,"href":"https:\/\/aromasentia.com\/es\/wp-json\/wp\/v2\/product_tag?post=245302"}],"curies":[{"name":"wp","href":"https:\/\/api.w.org\/{rel}","templated":true}]}}