{"id":245286,"date":"2025-03-20T14:28:43","date_gmt":"2025-03-20T14:28:43","guid":{"rendered":"https:\/\/aromasentia.com\/product\/box-of-140ml-reed-diffuser-provence\/"},"modified":"2025-05-31T21:13:30","modified_gmt":"2025-05-31T21:13:30","slug":"barritas-aromaticas-provenza-140ml","status":"publish","type":"product","link":"https:\/\/aromasentia.com\/es\/barritas-aromaticas-provenza-140ml\/","title":{"rendered":"Barritas Arom\u00e1ticas &#8211; Provenza 140ml"},"content":{"rendered":"<p>Transp\u00f3rtate a los soleados campos de Francia con nuestro difusor de carrizo Provenza. Este difusor de 140 ml captura maravillosamente la esencia arom\u00e1tica de la regi\u00f3n, mezclando lavanda relajante con toques de hierbas silvestres como romero y tomillo, y flores ba\u00f1adas por el sol. Crea una atm\u00f3sfera relajante y tranquilizadora, que recuerda a un apacible paseo por los fragantes paisajes provenzales. Deje que esta fragancia cl\u00e1sica, herb\u00e1cea y floral llene continuamente su hogar, aportando una sensaci\u00f3n de tranquilidad r\u00fastica y elegancia natural e intemporal a su d\u00eda a d\u00eda.<\/p>\n","protected":false},"excerpt":{"rendered":"<p>Transp\u00f3rtate a los soleados campos de Francia con nuestro difusor de carrizo Provenza. Este difusor de 140 ml captura maravillosamente la esencia arom\u00e1tica de la regi\u00f3n, mezclando lavanda relajante con toques de hierbas silvestres como romero y tomillo, y flores ba\u00f1adas por el sol. Crea una atm\u00f3sfera relajante y tranquilizadora, que recuerda a un apacible [&hellip;]<\/p>\n","protected":false},"featured_media":642283,"comment_status":"closed","ping_status":"open","template":"","meta":{"_angie_page":false},"product_brand":[27087],"product_cat":[16525,16524],"product_tag":[],"class_list":{"0":"post-245286","1":"product","2":"type-product","3":"status-publish","4":"has-post-thumbnail","6":"product_brand-agnes-and-cat","7":"product_cat-barritas-aromaticas-mikado","8":"product_cat-difusores-de-aroma-y-barritas-aromaticas","9":"pa_collection-reed-diffusers-140ml-es","10":"pa_made-in-reino-unido","11":"pa_size-140ml","13":"first","14":"instock","15":"purchasable","16":"product-type-simple"},"supplier_id":null,"supplier_sku":"ACD-22DS","barcode":null,"atum_controlled":true,"out_stock_date":null,"out_stock_threshold":null,"inheritable":false,"inbound_stock":null,"stock_on_hold":0,"sold_today":0,"sales_last_days":0,"reserved_stock":null,"customer_returns":null,"warehouse_damage":null,"lost_in_post":null,"other_logs":null,"out_stock_days":0,"lost_sales":0,"has_location":null,"update_date":"2026-04-27T07:27:46","atum_locations":[],"atum_stock_status":"instock","restock_status":false,"low_stock_amount":"","sales_update_date":"2026-01-30T01:26:40","calc_backorders":null,"_links":{"self":[{"href":"https:\/\/aromasentia.com\/es\/wp-json\/wp\/v2\/product\/245286","targetHints":{"allow":["GET"]}}],"collection":[{"href":"https:\/\/aromasentia.com\/es\/wp-json\/wp\/v2\/product"}],"about":[{"href":"https:\/\/aromasentia.com\/es\/wp-json\/wp\/v2\/types\/product"}],"replies":[{"embeddable":true,"href":"https:\/\/aromasentia.com\/es\/wp-json\/wp\/v2\/comments?post=245286"}],"version-history":[{"count":0,"href":"https:\/\/aromasentia.com\/es\/wp-json\/wp\/v2\/product\/245286\/revisions"}],"wp:featuredmedia":[{"embeddable":true,"href":"https:\/\/aromasentia.com\/es\/wp-json\/wp\/v2\/media\/642283"}],"wp:attachment":[{"href":"https:\/\/aromasentia.com\/es\/wp-json\/wp\/v2\/media?parent=245286"}],"wp:term":[{"taxonomy":"product_brand","embeddable":true,"href":"https:\/\/aromasentia.com\/es\/wp-json\/wp\/v2\/product_brand?post=245286"},{"taxonomy":"product_cat","embeddable":true,"href":"https:\/\/aromasentia.com\/es\/wp-json\/wp\/v2\/product_cat?post=245286"},{"taxonomy":"product_tag","embeddable":true,"href":"https:\/\/aromasentia.com\/es\/wp-json\/wp\/v2\/product_tag?post=245286"}],"curies":[{"name":"wp","href":"https:\/\/api.w.org\/{rel}","templated":true}]}}