{"id":245274,"date":"2025-03-20T14:28:43","date_gmt":"2025-03-20T14:28:43","guid":{"rendered":"https:\/\/aromasentia.com\/product\/box-of-140ml-reed-diffuser-japanese-bloom\/"},"modified":"2025-05-31T21:13:20","modified_gmt":"2025-05-31T21:13:20","slug":"barritas-aromaticas-flor-de-japon-140ml","status":"publish","type":"product","link":"https:\/\/aromasentia.com\/es\/barritas-aromaticas-flor-de-japon-140ml\/","title":{"rendered":"Barritas Arom\u00e1ticas &#8211; Flor de Jap\u00f3n 140ml"},"content":{"rendered":"<p>Experimenta la delicada elegancia de Japanese Bloom con este exquisito Barritas Arom\u00e1ticas de 140 ml. Esta fragancia despliega suavemente un ramillete floral sereno y elegante, que recuerda a los serenos jardines y a la sutil belleza de los cerezos en flor u otras apreciadas flores japonesas. Crea una atm\u00f3sfera de serena sofisticaci\u00f3n y consciente tranquilidad, perfecta para momentos de paz y reflexi\u00f3n. Deje que este aroma refinado y suave llene continuamente su hogar, transform\u00e1ndolo en un remanso de delicada belleza floral y gracia discreta, fomentando una sensaci\u00f3n de armon\u00eda y bienestar.<\/p>\n","protected":false},"excerpt":{"rendered":"<p>Experimenta la delicada elegancia de Japanese Bloom con este exquisito Barritas Arom\u00e1ticas de 140 ml. Esta fragancia despliega suavemente un ramillete floral sereno y elegante, que recuerda a los serenos jardines y a la sutil belleza de los cerezos en flor u otras apreciadas flores japonesas. Crea una atm\u00f3sfera de serena sofisticaci\u00f3n y consciente tranquilidad, [&hellip;]<\/p>\n","protected":false},"featured_media":254710,"comment_status":"closed","ping_status":"open","template":"","meta":{"_angie_page":false},"product_brand":[27087],"product_cat":[16525,16524],"product_tag":[],"class_list":{"0":"post-245274","1":"product","2":"type-product","3":"status-publish","4":"has-post-thumbnail","6":"product_brand-agnes-and-cat","7":"product_cat-barritas-aromaticas-mikado","8":"product_cat-difusores-de-aroma-y-barritas-aromaticas","9":"pa_collection-reed-diffusers-140ml-es","10":"pa_made-in-reino-unido","11":"pa_size-140ml","13":"first","14":"instock","15":"purchasable","16":"product-type-simple"},"supplier_id":null,"supplier_sku":"ACD-07DS","barcode":null,"atum_controlled":true,"out_stock_date":null,"out_stock_threshold":null,"inheritable":false,"inbound_stock":null,"stock_on_hold":0,"sold_today":0,"sales_last_days":0,"reserved_stock":null,"customer_returns":null,"warehouse_damage":null,"lost_in_post":null,"other_logs":null,"out_stock_days":0,"lost_sales":0,"has_location":null,"update_date":"2026-04-27T07:27:46","atum_locations":[],"atum_stock_status":"instock","restock_status":false,"low_stock_amount":"","sales_update_date":"2026-01-30T01:25:56","calc_backorders":null,"_links":{"self":[{"href":"https:\/\/aromasentia.com\/es\/wp-json\/wp\/v2\/product\/245274","targetHints":{"allow":["GET"]}}],"collection":[{"href":"https:\/\/aromasentia.com\/es\/wp-json\/wp\/v2\/product"}],"about":[{"href":"https:\/\/aromasentia.com\/es\/wp-json\/wp\/v2\/types\/product"}],"replies":[{"embeddable":true,"href":"https:\/\/aromasentia.com\/es\/wp-json\/wp\/v2\/comments?post=245274"}],"version-history":[{"count":0,"href":"https:\/\/aromasentia.com\/es\/wp-json\/wp\/v2\/product\/245274\/revisions"}],"wp:featuredmedia":[{"embeddable":true,"href":"https:\/\/aromasentia.com\/es\/wp-json\/wp\/v2\/media\/254710"}],"wp:attachment":[{"href":"https:\/\/aromasentia.com\/es\/wp-json\/wp\/v2\/media?parent=245274"}],"wp:term":[{"taxonomy":"product_brand","embeddable":true,"href":"https:\/\/aromasentia.com\/es\/wp-json\/wp\/v2\/product_brand?post=245274"},{"taxonomy":"product_cat","embeddable":true,"href":"https:\/\/aromasentia.com\/es\/wp-json\/wp\/v2\/product_cat?post=245274"},{"taxonomy":"product_tag","embeddable":true,"href":"https:\/\/aromasentia.com\/es\/wp-json\/wp\/v2\/product_tag?post=245274"}],"curies":[{"name":"wp","href":"https:\/\/api.w.org\/{rel}","templated":true}]}}