{"id":245270,"date":"2025-03-20T14:28:43","date_gmt":"2025-03-20T14:28:43","guid":{"rendered":"https:\/\/aromasentia.com\/product\/box-of-140ml-reed-diffuser-seasalt-and-moss\/"},"modified":"2025-05-31T21:13:18","modified_gmt":"2025-05-31T21:13:18","slug":"barritas-aromaticas-sal-marina-y-musgo-140ml","status":"publish","type":"product","link":"https:\/\/aromasentia.com\/es\/barritas-aromaticas-sal-marina-y-musgo-140ml\/","title":{"rendered":"Barritas Arom\u00e1ticas &#8211; Sal marina y musgo 140ml"},"content":{"rendered":"<p>Invita a tu hogar al vigorizante esp\u00edritu de la costa con nuestro difusor de carrizo Sal marina y Musgo. Este difusor de 140 ml combina con maestr\u00eda la esencia fresca y revitalizante de la sal marina fresca con los matices profundos y terrosos del musgo verde. El aroma resultante es refrescante y enraizante, como el de un paseo por la brumosa orilla del mar. Deje que esta fragancia limpia y natural impregne continuamente su espacio, creando una atm\u00f3sfera de calma, energ\u00eda y pureza, y aportando un soplo de aire fresco y abierto en el interior.<\/p>\n","protected":false},"excerpt":{"rendered":"<p>Invita a tu hogar al vigorizante esp\u00edritu de la costa con nuestro difusor de carrizo Sal marina y Musgo. Este difusor de 140 ml combina con maestr\u00eda la esencia fresca y revitalizante de la sal marina fresca con los matices profundos y terrosos del musgo verde. El aroma resultante es refrescante y enraizante, como el [&hellip;]<\/p>\n","protected":false},"featured_media":254701,"comment_status":"closed","ping_status":"open","template":"","meta":[],"product_brand":[27087],"product_cat":[16525,16524],"product_tag":[],"class_list":{"0":"post-245270","1":"product","2":"type-product","3":"status-publish","4":"has-post-thumbnail","6":"product_brand-agnes-and-cat","7":"product_cat-barritas-aromaticas-mikado","8":"product_cat-difusores-de-aroma-y-barritas-aromaticas","9":"pa_collection-reed-diffusers-140ml-es","10":"pa_made-in-reino-unido","11":"pa_size-140ml","13":"first","14":"instock","15":"purchasable","16":"product-type-simple"},"supplier_id":null,"supplier_sku":"ACD-06DS","barcode":null,"atum_controlled":true,"out_stock_date":null,"out_stock_threshold":null,"inheritable":false,"inbound_stock":null,"stock_on_hold":0,"sold_today":0,"sales_last_days":0,"reserved_stock":null,"customer_returns":null,"warehouse_damage":null,"lost_in_post":null,"other_logs":null,"out_stock_days":0,"lost_sales":0,"has_location":null,"update_date":"2026-02-06T00:02:17","atum_locations":[],"atum_stock_status":"instock","restock_status":false,"low_stock_amount":"","sales_update_date":"2026-02-06T00:02:17","calc_backorders":null,"_links":{"self":[{"href":"https:\/\/aromasentia.com\/es\/wp-json\/wp\/v2\/product\/245270","targetHints":{"allow":["GET"]}}],"collection":[{"href":"https:\/\/aromasentia.com\/es\/wp-json\/wp\/v2\/product"}],"about":[{"href":"https:\/\/aromasentia.com\/es\/wp-json\/wp\/v2\/types\/product"}],"replies":[{"embeddable":true,"href":"https:\/\/aromasentia.com\/es\/wp-json\/wp\/v2\/comments?post=245270"}],"version-history":[{"count":0,"href":"https:\/\/aromasentia.com\/es\/wp-json\/wp\/v2\/product\/245270\/revisions"}],"wp:featuredmedia":[{"embeddable":true,"href":"https:\/\/aromasentia.com\/es\/wp-json\/wp\/v2\/media\/254701"}],"wp:attachment":[{"href":"https:\/\/aromasentia.com\/es\/wp-json\/wp\/v2\/media?parent=245270"}],"wp:term":[{"taxonomy":"product_brand","embeddable":true,"href":"https:\/\/aromasentia.com\/es\/wp-json\/wp\/v2\/product_brand?post=245270"},{"taxonomy":"product_cat","embeddable":true,"href":"https:\/\/aromasentia.com\/es\/wp-json\/wp\/v2\/product_cat?post=245270"},{"taxonomy":"product_tag","embeddable":true,"href":"https:\/\/aromasentia.com\/es\/wp-json\/wp\/v2\/product_tag?post=245270"}],"curies":[{"name":"wp","href":"https:\/\/api.w.org\/{rel}","templated":true}]}}