{"id":245238,"date":"2025-03-20T14:29:03","date_gmt":"2025-03-20T14:29:03","guid":{"rendered":"https:\/\/aromasentia.com\/product\/agnes-cat-eye-pillow-clear-clarity\/"},"modified":"2025-05-31T21:12:29","modified_gmt":"2025-05-31T21:12:29","slug":"agnes-cat-eye-pillow-clear-clarity","status":"publish","type":"product","link":"https:\/\/aromasentia.com\/es\/agnes-cat-eye-pillow-clear-clarity\/","title":{"rendered":"Agnes &#038; Cat Eye Pillow &#8211;  Clear &#038; Clarity"},"content":{"rendered":"<p>Conc\u00e9ntrese con la almohada para ojos Agnes &#038; Cat &#8211; Clear &#038; Clarity. Dise\u00f1ada para calmar el parloteo mental y aliviar la tensi\u00f3n visual, esta almohada para los ojos ofrece un peso suave y reconfortante. Con una infusi\u00f3n de productos bot\u00e1nicos que despejan la mente, ayuda a crear un espacio sereno para el pensamiento y la meditaci\u00f3n, ayudando a disolver las cefaleas tensionales y promoviendo una sensaci\u00f3n de frescura mental. Ideal para utilizar durante las pausas de estudio o los momentos de reflexi\u00f3n, ayuda a alcanzar un estado de alerta tranquila y claridad renovada, listo para afrontar el d\u00eda con una perspectiva clara.<\/p>\n","protected":false},"excerpt":{"rendered":"<p>Conc\u00e9ntrese con la almohada para ojos Agnes &#038; Cat &#8211; Clear &#038; Clarity. Dise\u00f1ada para calmar el parloteo mental y aliviar la tensi\u00f3n visual, esta almohada para los ojos ofrece un peso suave y reconfortante. Con una infusi\u00f3n de productos bot\u00e1nicos que despejan la mente, ayuda a crear un espacio sereno para el pensamiento y [&hellip;]<\/p>\n","protected":false},"featured_media":255166,"comment_status":"closed","ping_status":"open","template":"","meta":{"_angie_page":false},"product_brand":[27087],"product_cat":[16460],"product_tag":[],"class_list":{"0":"post-245238","1":"product","2":"type-product","3":"status-publish","4":"has-post-thumbnail","6":"product_brand-agnes-and-cat","7":"product_cat-aromaterapia-y-fragancias-para-hogar","8":"pa_collection-agnes-cat-eye-pillow-es","9":"pa_made-in-india","11":"first","12":"outofstock","13":"purchasable","14":"product-type-simple"},"supplier_id":null,"supplier_sku":"ACTEP-02DS","barcode":null,"atum_controlled":true,"out_stock_date":"2026-04-25 15:11:37","out_stock_threshold":null,"inheritable":false,"inbound_stock":null,"stock_on_hold":0,"sold_today":0,"sales_last_days":0,"reserved_stock":null,"customer_returns":null,"warehouse_damage":null,"lost_in_post":null,"other_logs":null,"out_stock_days":0,"lost_sales":0,"has_location":null,"update_date":"2026-04-27T06:49:42","atum_locations":[],"atum_stock_status":"outofstock","restock_status":false,"low_stock_amount":"","sales_update_date":"2026-01-20T05:14:10","calc_backorders":null,"_links":{"self":[{"href":"https:\/\/aromasentia.com\/es\/wp-json\/wp\/v2\/product\/245238","targetHints":{"allow":["GET"]}}],"collection":[{"href":"https:\/\/aromasentia.com\/es\/wp-json\/wp\/v2\/product"}],"about":[{"href":"https:\/\/aromasentia.com\/es\/wp-json\/wp\/v2\/types\/product"}],"replies":[{"embeddable":true,"href":"https:\/\/aromasentia.com\/es\/wp-json\/wp\/v2\/comments?post=245238"}],"version-history":[{"count":0,"href":"https:\/\/aromasentia.com\/es\/wp-json\/wp\/v2\/product\/245238\/revisions"}],"wp:featuredmedia":[{"embeddable":true,"href":"https:\/\/aromasentia.com\/es\/wp-json\/wp\/v2\/media\/255166"}],"wp:attachment":[{"href":"https:\/\/aromasentia.com\/es\/wp-json\/wp\/v2\/media?parent=245238"}],"wp:term":[{"taxonomy":"product_brand","embeddable":true,"href":"https:\/\/aromasentia.com\/es\/wp-json\/wp\/v2\/product_brand?post=245238"},{"taxonomy":"product_cat","embeddable":true,"href":"https:\/\/aromasentia.com\/es\/wp-json\/wp\/v2\/product_cat?post=245238"},{"taxonomy":"product_tag","embeddable":true,"href":"https:\/\/aromasentia.com\/es\/wp-json\/wp\/v2\/product_tag?post=245238"}],"curies":[{"name":"wp","href":"https:\/\/api.w.org\/{rel}","templated":true}]}}